{"id":17483,"date":"2016-10-11T22:04:00","date_gmt":"2016-10-12T02:04:00","guid":{"rendered":"https:\/\/endhomelessness.org\/formulario-990-del-irs\/"},"modified":"2025-12-29T14:42:02","modified_gmt":"2025-12-29T19:42:02","slug":"formulario-990-del-irs","status":"publish","type":"page","link":"https:\/\/endhomelessness.org\/es\/formulario-990-del-irs\/","title":{"rendered":"Formulario 990 del IRS"},"content":{"rendered":"\n<section class=\"e-stn e-stn-28ef159458ea472e8bff797f5c0b619ce1a7df62 e-stn--page-banner-with-texts\"><style><\/style><div class=\"container\">\n<div class=\"wp-block-b3rg-row e-row row\">\n<div class=\"wp-block-b3rg-column e-col e-col-39cfa9d404ac019aa00fc49744dc7db02252e1b1  col-sm-12\">\n<h1 class=\"wp-block-heading has-text-align-left has-rich-black-color has-text-color has-link-color wp-elements-72115154259d72f98b34ea66a9243f35\" id=\"h-irs-form-990\">Formulario 990 del IRS<\/h1>\n<\/div>\n<\/div>\n<\/div><\/section>\n\n<section class=\"e-stn e-stn-df9e0ab40a2c6bd83a87094907c623586d6dc0ac e-stn--text-content-type-2 e-pt-60\"><div class=\"container\">\n<div class=\"wp-block-b3rg-row e-row row\">\n<div class=\"wp-block-b3rg-column e-col e-col-39cfa9d404ac019aa00fc49744dc7db02252e1b1  col-sm-12\">\n<div class=\"e-div e-div-8047e180c7d3c9ec625d0d4f5f486c2a79a8d65f e-div--content\">\n<p><a href=\"https:\/\/endhomelessness.org\/wp-content\/uploads\/2025\/12\/2024_990_PUBLIC-DISCLOSURE.pdf\" target=\"_blank\" rel=\"noreferrer noopener\">Formulario 990 del IRS \u2013 2024<\/a><\/p>\n\n\n\n<p><a data-type=\"link\" data-id=\"https:\/\/endhomelessness.org\/wp-content\/uploads\/2025\/02\/2023_990_PUBLIC-DISCLOSURE.pdf\" href=\"https:\/\/endhomelessness.org\/wp-content\/uploads\/2025\/02\/2023_990_PUBLIC-DISCLOSURE.pdf\" target=\"_blank\" rel=\"noreferrer noopener\">Formulario 990 del IRS \u2013 2023<\/a><\/p>\n\n\n\n<p><a href=\"https:\/\/endhomelessness.org\/wp-content\/uploads\/2024\/10\/2022_990_PUBLIC-DISCLOSURE.pdf\" target=\"_blank\" rel=\"noreferrer noopener\">Formulario 990 del IRS \u2013 2022<\/a><\/p>\n\n\n\n<p><a href=\"https:\/\/endhomelessness.org\/wp-content\/uploads\/2024\/10\/2021_990_NAEH_PUBLIC-DISCLOSURE.pdf\" target=\"_blank\" rel=\"noreferrer noopener\">Formulario 990 del IRS \u2013 2021<\/a><\/p>\n\n\n\n<p><a href=\"https:\/\/endhomelessness.org\/wp-content\/uploads\/2024\/10\/2020_990_NAEH_PUBLIC-DISCLOSURE.pdf\" target=\"_blank\" rel=\"noreferrer noopener\">Formulario 990 del IRS \u2013 2020<\/a><\/p>\n\n\n\n<p><a href=\"https:\/\/endhomelessness.org\/wp-content\/uploads\/2024\/10\/2019_1231_NATIONAL-ALLIANCE-TO-END-HOMELESSNESS-NAEH_TAX-RETURN_PUBLIC-DISCLOSURE.pdf\" target=\"_blank\" rel=\"noreferrer noopener\">Formulario 990 del IRS \u2013 2019<\/a><\/p>\n\n\n\n<p><a href=\"https:\/\/endhomelessness.org\/wp-content\/uploads\/2024\/10\/2018-990-NATIONAL-ALLIANCE-TO-END-HOMELESSNESS-NAEH_Public-Disclosure.pdf\" target=\"_blank\" rel=\"noreferrer noopener\">Formulario 990 del IRS \u2013 2018<\/a><\/p>\n\n\n\n<p><a href=\"https:\/\/endhomelessness.org\/wp-content\/uploads\/2024\/10\/2017-990_Public-Disclosure.pdf\" target=\"_blank\" rel=\"noreferrer noopener\">Formulario 990 del IRS \u2013 2017<\/a><\/p>\n\n\n\n<p><a href=\"https:\/\/endhomelessness.org\/wp-content\/uploads\/2024\/10\/IRS-Form-990-2016.pdf\" target=\"_blank\" rel=\"noreferrer noopener\">Formulario 990 del IRS \u2013 2016<\/a><\/p>\n\n\n\n<p><a href=\"https:\/\/endhomelessness.org\/wp-content\/uploads\/2024\/10\/IRS-Form-990_2015.pdf\" target=\"_blank\" rel=\"noreferrer noopener\">Formulario 990 del IRS \u2013 2015<\/a><\/p>\n<\/div>\n<\/div>\n<\/div>\n<\/div><\/section>\n\n<section class=\"e-stn e-stn-fecd9f248d71f1b43eea1791ae2aa16e613ea50d e-stn--subscription-form\"><div class=\"container\">\n<div class=\"wp-block-b3rg-row e-row row\">\n<div class=\"wp-block-b3rg-column e-col e-col-5e53f80929c6668a38540fba03c97241dc5f6888 e-col--left  col-sm-12 col-lg-6\">\n<h2 class=\"wp-block-heading has-pure-white-color has-text-color has-link-color wp-elements-cec0e497456012f6e859233bfca8aaa4\"><strong>Mant\u00e9ngase informado: Soluciones, historias y formas de generar impacto<\/strong><\/h2>\n\n\n\n<p>Reg\u00edstrese para recibir actualizaciones sobre el trabajo de la Alianza, incluyendo las \u00faltimas investigaciones, esfuerzos de promoci\u00f3n e historias reales de progreso \u2014 adem\u00e1s de formas en las que puede ayudar a impulsar un cambio duradero.<\/p>\n<\/div>\n\n\n\n<div class=\"wp-block-b3rg-column e-col e-col-117d0cb7e6b4934330c33fb3a4c7ee0ab7e9abd4 e-col--right e-col--email-cta-form-wrpr  col-sm-12 col-lg-6\">\n<div id=\"mc_embed_shell\">\n      <link href=\"\/\/cdn-images.mailchimp.com\/embedcode\/classic-061523.css\" rel=\"stylesheet\" type=\"text\/css\"\/>\n  <style type=\"text\/css\">\n        #mc_embed_signup{background:#fff; false;clear:left; font:14px Helvetica,Arial,sans-serif; width: 600px;}\n        \/* Add your own Mailchimp form style overrides in your site stylesheet or in this style block.\n           We recommend moving this block and the preceding CSS link to the HEAD of your HTML file. *\/\n<\/style>\n<div id=\"mc_embed_signup\">\n    <form action=\"https:\/\/endhomelessness.us9.list-manage.com\/subscribe\/post?u=466b34a51377a9504fb2ebd8f&#038;id=1cf64328bb&#038;f_id=00f7f2e0f0\" method=\"post\" id=\"mc-embedded-subscribe-form\" name=\"mc-embedded-subscribe-form\" class=\"validate\" target=\"_blank\">\n        <div id=\"mc_embed_signup_scroll\">\n            <div class=\"indicates-required\"><span class=\"asterisk\">*<\/span> indica campo obligatorio<\/div>\n            <div class=\"mc-field-group\"><label for=\"mce-EMAIL\">Direcci\u00f3n de correo electr\u00f3nico <span class=\"asterisk\">*<\/span><\/label><input type=\"email\" name=\"EMAIL\" class=\"required email\" id=\"mce-EMAIL\" required=\"\" value=\"\"\/><\/div><div class=\"mc-field-group input-group\"><strong>\u00bfC\u00f3mo deber\u00edamos comunicarnos con usted? <\/strong><ul><li><input type=\"checkbox\" name=\"group[17873][1]\" id=\"mce-group[17873]-17873-0\" value=\"\"\/><label for=\"mce-group[17873]-17873-0\">Deseo recibir semanalmente herramientas, recursos y noticias sobre la falta de vivienda<\/label><\/li><li><input type=\"checkbox\" name=\"group[17873][2]\" id=\"mce-group[17873]-17873-1\" value=\"\"\/><label for=\"mce-group[17873]-17873-1\">Deseo recibir noticias generales y actualizaciones sobre el trabajo de la Alianza<\/label><\/li><\/ul><\/div><div class=\"mc-field-group\"><label for=\"mce-FNAME\">Nombre <\/label><input type=\"text\" name=\"FNAME\" class=\" text\" id=\"mce-FNAME\" value=\"\"\/><\/div><div class=\"mc-field-group\"><label for=\"mce-LNAME\">Apellido <\/label><input type=\"text\" name=\"LNAME\" class=\" text\" id=\"mce-LNAME\" value=\"\"\/><\/div>\n<div hidden=\"\"><input type=\"hidden\" name=\"tags\" value=\"12777910\"\/><\/div>\n        <div id=\"mce-responses\" class=\"clear\">\n            <div class=\"response\" id=\"mce-error-response\" style=\"display: none;\"><\/div>\n            <div class=\"response\" id=\"mce-success-response\" style=\"display: none;\"><\/div>\n        <\/div><div aria-hidden=\"true\" style=\"position: absolute; left: -5000px;\"><input type=\"text\" name=\"b_466b34a51377a9504fb2ebd8f_1cf64328bb\" tabindex=\"-1\" value=\"\"\/><\/div><div class=\"clear\"><input type=\"submit\" name=\"subscribe\" id=\"mc-embedded-subscribe\" class=\"button\" value=\"Suscribirse\"\/><\/div>\n    <\/div>\n<\/form>\n<\/div>\n<script type=\"text\/javascript\" src=\"\/\/s3.amazonaws.com\/downloads.mailchimp.com\/js\/mc-validate.js\"><\/script><script type=\"text\/javascript\">(function($) {window.fnames = new Array(); window.ftypes = new Array();fnames[0]='EMAIL';ftypes[0]='email';fnames[1]='FNAME';ftypes[1]='text';fnames[2]='LNAME';ftypes[2]='text';fnames[12]='MMERGE12';ftypes[12]='zip';fnames[4]='MMERGE4';ftypes[4]='text';fnames[7]='CITY';ftypes[7]='text';fnames[8]='STATE';ftypes[8]='text';fnames[11]='MMERGE11';ftypes[11]='text';fnames[13]='MMERGE13';ftypes[13]='text';fnames[3]='MMERGE3';ftypes[3]='text';fnames[5]='MMERGE5';ftypes[5]='text';}(jQuery));var $mcj = jQuery.noConflict(true);<\/script><\/div>\n<\/div>\n<\/div>\n<\/div><\/section>\n","protected":false},"excerpt":{"rendered":"","protected":false},"author":1,"featured_media":14222,"parent":17523,"menu_order":0,"comment_status":"closed","ping_status":"closed","template":"","meta":{"_acf_changed":false,"show_custom_date":false,"custom_date":"","featured":false,"featured_image":0,"learn_more_label":"","image_alt_text":"","learn_more_type":"","show_popup":false,"learn_more_link_file":0,"event_date":false,"event_start_date":"","event_end_date":"","place_holder_image_url":"","post_reading_time":"< 1","notification_enabled":false,"notification_text":"","notification_logo":"","notification_expiration_time":0,"is_enable_transparent_header":false,"hide_from_list_view":false,"selected_taxonomy_terms":{"translation_priority":[66]},"selected_primary_terms":[],"learn_more_link":[],"featured_page_list":[],"notification_enabled_post_list":[],"_relevanssi_hide_post":"","_relevanssi_hide_content":"","_relevanssi_pin_for_all":"","_relevanssi_pin_keywords":"","_relevanssi_unpin_keywords":"","_relevanssi_related_keywords":"","_relevanssi_related_include_ids":"","_relevanssi_related_exclude_ids":"","_relevanssi_related_no_append":"","_relevanssi_related_not_related":"","_relevanssi_related_posts":"","_relevanssi_noindex_reason":"","inline_featured_image":false,"news_publication":"","footnotes":""},"class_list":["post-17483","page","type-page","status-publish","has-post-thumbnail","hentry"],"acf":[],"yoast_head":"<!-- This site is optimized with the Yoast SEO Premium plugin v24.7 (Yoast SEO v27.2) - https:\/\/yoast.com\/product\/yoast-seo-premium-wordpress\/ -->\n<title>Formulario 990 del IRS - Alianza Nacional para Erradicar la Falta de Vivienda<\/title>\n<meta name=\"description\" content=\"The National Alliance to End Homelessness is a nonpartisan, nonprofit organization committed to preventing and ending homelessness in the United States.\" \/>\n<meta name=\"robots\" content=\"index, follow, max-snippet:-1, max-image-preview:large, max-video-preview:-1\" \/>\n<link rel=\"canonical\" href=\"https:\/\/endhomelessness.org\/es\/formulario-990-del-irs\/\" \/>\n<meta property=\"og:locale\" content=\"es_ES\" \/>\n<meta property=\"og:type\" content=\"article\" \/>\n<meta property=\"og:title\" content=\"Formulario 990 del IRS\" \/>\n<meta property=\"og:description\" content=\"The National Alliance to End Homelessness is a nonpartisan, nonprofit organization committed to preventing and ending homelessness in the United States.\" \/>\n<meta property=\"og:url\" content=\"https:\/\/endhomelessness.org\/es\/formulario-990-del-irs\/\" \/>\n<meta property=\"og:site_name\" content=\"Alianza Nacional para Erradicar la Falta de Vivienda\" \/>\n<meta property=\"article:publisher\" content=\"https:\/\/www.facebook.com\/naehomelessness\/\" \/>\n<meta property=\"article:modified_time\" content=\"2025-12-29T19:42:02+00:00\" \/>\n<meta property=\"og:image\" content=\"https:\/\/endhomelessness.org\/wp-content\/uploads\/2014\/01\/Frame-222.png\" \/>\n\t<meta property=\"og:image:width\" content=\"1068\" \/>\n\t<meta property=\"og:image:height\" content=\"684\" \/>\n\t<meta property=\"og:image:type\" content=\"image\/png\" \/>\n<meta name=\"twitter:card\" content=\"summary_large_image\" \/>\n<script type=\"application\/ld+json\" class=\"yoast-schema-graph\">{\"@context\":\"https:\/\/schema.org\",\"@graph\":[{\"@type\":\"WebPage\",\"@id\":\"https:\/\/endhomelessness.org\/es\/formulario-990-del-irs\/\",\"url\":\"https:\/\/endhomelessness.org\/es\/formulario-990-del-irs\/\",\"name\":\"Formulario 990 del IRS - Alianza Nacional para Erradicar la Falta de Vivienda\",\"isPartOf\":{\"@id\":\"https:\/\/endhomelessness.org\/es\/#website\"},\"primaryImageOfPage\":{\"@id\":\"https:\/\/endhomelessness.org\/es\/formulario-990-del-irs\/#primaryimage\"},\"image\":{\"@id\":\"https:\/\/endhomelessness.org\/es\/formulario-990-del-irs\/#primaryimage\"},\"thumbnailUrl\":\"https:\/\/endhomelessness.org\/wp-content\/uploads\/2014\/01\/Frame-222.png\",\"datePublished\":\"2016-10-12T02:04:00+00:00\",\"dateModified\":\"2025-12-29T19:42:02+00:00\",\"description\":\"The National Alliance to End Homelessness is a nonpartisan, nonprofit organization committed to preventing and ending homelessness in the United States.\",\"breadcrumb\":{\"@id\":\"https:\/\/endhomelessness.org\/es\/formulario-990-del-irs\/#breadcrumb\"},\"inLanguage\":\"es\",\"potentialAction\":[{\"@type\":\"ReadAction\",\"target\":[\"https:\/\/endhomelessness.org\/es\/formulario-990-del-irs\/\"]}]},{\"@type\":\"ImageObject\",\"inLanguage\":\"es\",\"@id\":\"https:\/\/endhomelessness.org\/es\/formulario-990-del-irs\/#primaryimage\",\"url\":\"https:\/\/endhomelessness.org\/wp-content\/uploads\/2014\/01\/Frame-222.png\",\"contentUrl\":\"https:\/\/endhomelessness.org\/wp-content\/uploads\/2014\/01\/Frame-222.png\",\"width\":1068,\"height\":684},{\"@type\":\"BreadcrumbList\",\"@id\":\"https:\/\/endhomelessness.org\/es\/formulario-990-del-irs\/#breadcrumb\",\"itemListElement\":[{\"@type\":\"ListItem\",\"position\":1,\"name\":\"Inicio\",\"item\":\"https:\/\/endhomelessness.org\/es\/home-page-2-2-2\/\"},{\"@type\":\"ListItem\",\"position\":2,\"name\":\"Nuestra misi\u00f3n, valores e historia\",\"item\":\"https:\/\/endhomelessness.org\/es\/about-us\/\"},{\"@type\":\"ListItem\",\"position\":3,\"name\":\"Datos financieros\",\"item\":\"https:\/\/endhomelessness.org\/es\/about-us\/finanzas\/\"},{\"@type\":\"ListItem\",\"position\":4,\"name\":\"Formulario 990 del IRS\"}]},{\"@type\":\"WebSite\",\"@id\":\"https:\/\/endhomelessness.org\/es\/#website\",\"url\":\"https:\/\/endhomelessness.org\/es\/\",\"name\":\"National Alliance to End Homelessness\",\"description\":\"Organizaci\u00f3n no partidista para prevenir y erradicar la falta de vivienda en EE.UU.\",\"publisher\":{\"@id\":\"https:\/\/endhomelessness.org\/es\/#organization\"},\"potentialAction\":[{\"@type\":\"SearchAction\",\"target\":{\"@type\":\"EntryPoint\",\"urlTemplate\":\"https:\/\/endhomelessness.org\/es\/?s={search_term_string}\"},\"query-input\":{\"@type\":\"PropertyValueSpecification\",\"valueRequired\":true,\"valueName\":\"search_term_string\"}}],\"inLanguage\":\"es\"},{\"@type\":\"Organization\",\"@id\":\"https:\/\/endhomelessness.org\/es\/#organization\",\"name\":\"Alianza Nacional para Erradicar la Falta de Vivienda\",\"url\":\"https:\/\/endhomelessness.org\/es\/\",\"logo\":{\"@type\":\"ImageObject\",\"inLanguage\":\"es\",\"@id\":\"https:\/\/endhomelessness.org\/es\/#\/schema\/logo\/image\/\",\"url\":\"https:\/\/endhomelessness.org\/wp-content\/uploads\/2024\/09\/logo-2.webp\",\"contentUrl\":\"https:\/\/endhomelessness.org\/wp-content\/uploads\/2024\/09\/logo-2.webp\",\"width\":687,\"height\":361,\"caption\":\"Alianza Nacional para Erradicar la Falta de Vivienda\"},\"image\":{\"@id\":\"https:\/\/endhomelessness.org\/es\/#\/schema\/logo\/image\/\"},\"sameAs\":[\"https:\/\/www.facebook.com\/naehomelessness\/\",\"https:\/\/www.youtube.com\/@EndingHomelessness\",\"https:\/\/www.linkedin.com\/company\/national-alliance-to-end-homelessness\/\",\"https:\/\/instagram.com\/naeh_endhomelessness\"]}]}<\/script>\n<!-- \/ Yoast SEO Premium plugin. -->","yoast_head_json":{"title":"Formulario 990 del IRS - Alianza Nacional para Erradicar la Falta de Vivienda","description":"The National Alliance to End Homelessness is a nonpartisan, nonprofit organization committed to preventing and ending homelessness in the United States.","robots":{"index":"index","follow":"follow","max-snippet":"max-snippet:-1","max-image-preview":"max-image-preview:large","max-video-preview":"max-video-preview:-1"},"canonical":"https:\/\/endhomelessness.org\/es\/formulario-990-del-irs\/","og_locale":"es_ES","og_type":"article","og_title":"Formulario 990 del IRS","og_description":"The National Alliance to End Homelessness is a nonpartisan, nonprofit organization committed to preventing and ending homelessness in the United States.","og_url":"https:\/\/endhomelessness.org\/es\/formulario-990-del-irs\/","og_site_name":"Alianza Nacional para Erradicar la Falta de Vivienda","article_publisher":"https:\/\/www.facebook.com\/naehomelessness\/","article_modified_time":"2025-12-29T19:42:02+00:00","og_image":[{"width":1068,"height":684,"url":"https:\/\/endhomelessness.org\/wp-content\/uploads\/2014\/01\/Frame-222.png","type":"image\/png"}],"twitter_card":"summary_large_image","schema":{"@context":"https:\/\/schema.org","@graph":[{"@type":"WebPage","@id":"https:\/\/endhomelessness.org\/es\/formulario-990-del-irs\/","url":"https:\/\/endhomelessness.org\/es\/formulario-990-del-irs\/","name":"Formulario 990 del IRS - Alianza Nacional para Erradicar la Falta de Vivienda","isPartOf":{"@id":"https:\/\/endhomelessness.org\/es\/#website"},"primaryImageOfPage":{"@id":"https:\/\/endhomelessness.org\/es\/formulario-990-del-irs\/#primaryimage"},"image":{"@id":"https:\/\/endhomelessness.org\/es\/formulario-990-del-irs\/#primaryimage"},"thumbnailUrl":"https:\/\/endhomelessness.org\/wp-content\/uploads\/2014\/01\/Frame-222.png","datePublished":"2016-10-12T02:04:00+00:00","dateModified":"2025-12-29T19:42:02+00:00","description":"The National Alliance to End Homelessness is a nonpartisan, nonprofit organization committed to preventing and ending homelessness in the United States.","breadcrumb":{"@id":"https:\/\/endhomelessness.org\/es\/formulario-990-del-irs\/#breadcrumb"},"inLanguage":"es","potentialAction":[{"@type":"ReadAction","target":["https:\/\/endhomelessness.org\/es\/formulario-990-del-irs\/"]}]},{"@type":"ImageObject","inLanguage":"es","@id":"https:\/\/endhomelessness.org\/es\/formulario-990-del-irs\/#primaryimage","url":"https:\/\/endhomelessness.org\/wp-content\/uploads\/2014\/01\/Frame-222.png","contentUrl":"https:\/\/endhomelessness.org\/wp-content\/uploads\/2014\/01\/Frame-222.png","width":1068,"height":684},{"@type":"BreadcrumbList","@id":"https:\/\/endhomelessness.org\/es\/formulario-990-del-irs\/#breadcrumb","itemListElement":[{"@type":"ListItem","position":1,"name":"Inicio","item":"https:\/\/endhomelessness.org\/es\/home-page-2-2-2\/"},{"@type":"ListItem","position":2,"name":"Nuestra misi\u00f3n, valores e historia","item":"https:\/\/endhomelessness.org\/es\/about-us\/"},{"@type":"ListItem","position":3,"name":"Datos financieros","item":"https:\/\/endhomelessness.org\/es\/about-us\/finanzas\/"},{"@type":"ListItem","position":4,"name":"Formulario 990 del IRS"}]},{"@type":"WebSite","@id":"https:\/\/endhomelessness.org\/es\/#website","url":"https:\/\/endhomelessness.org\/es\/","name":"National Alliance to End Homelessness","description":"Organizaci\u00f3n no partidista para prevenir y erradicar la falta de vivienda en EE.UU.","publisher":{"@id":"https:\/\/endhomelessness.org\/es\/#organization"},"potentialAction":[{"@type":"SearchAction","target":{"@type":"EntryPoint","urlTemplate":"https:\/\/endhomelessness.org\/es\/?s={search_term_string}"},"query-input":{"@type":"PropertyValueSpecification","valueRequired":true,"valueName":"search_term_string"}}],"inLanguage":"es"},{"@type":"Organization","@id":"https:\/\/endhomelessness.org\/es\/#organization","name":"Alianza Nacional para Erradicar la Falta de Vivienda","url":"https:\/\/endhomelessness.org\/es\/","logo":{"@type":"ImageObject","inLanguage":"es","@id":"https:\/\/endhomelessness.org\/es\/#\/schema\/logo\/image\/","url":"https:\/\/endhomelessness.org\/wp-content\/uploads\/2024\/09\/logo-2.webp","contentUrl":"https:\/\/endhomelessness.org\/wp-content\/uploads\/2024\/09\/logo-2.webp","width":687,"height":361,"caption":"Alianza Nacional para Erradicar la Falta de Vivienda"},"image":{"@id":"https:\/\/endhomelessness.org\/es\/#\/schema\/logo\/image\/"},"sameAs":["https:\/\/www.facebook.com\/naehomelessness\/","https:\/\/www.youtube.com\/@EndingHomelessness","https:\/\/www.linkedin.com\/company\/national-alliance-to-end-homelessness\/","https:\/\/instagram.com\/naeh_endhomelessness"]}]}},"_links":{"self":[{"href":"https:\/\/endhomelessness.org\/es\/wp-json\/wp\/v2\/pages\/17483","targetHints":{"allow":["GET"]}}],"collection":[{"href":"https:\/\/endhomelessness.org\/es\/wp-json\/wp\/v2\/pages"}],"about":[{"href":"https:\/\/endhomelessness.org\/es\/wp-json\/wp\/v2\/types\/page"}],"author":[{"embeddable":true,"href":"https:\/\/endhomelessness.org\/es\/wp-json\/wp\/v2\/users\/1"}],"replies":[{"embeddable":true,"href":"https:\/\/endhomelessness.org\/es\/wp-json\/wp\/v2\/comments?post=17483"}],"version-history":[{"count":0,"href":"https:\/\/endhomelessness.org\/es\/wp-json\/wp\/v2\/pages\/17483\/revisions"}],"up":[{"embeddable":true,"href":"https:\/\/endhomelessness.org\/es\/wp-json\/wp\/v2\/pages\/17523"}],"wp:featuredmedia":[{"embeddable":true,"href":"https:\/\/endhomelessness.org\/es\/wp-json\/wp\/v2\/media\/14222"}],"wp:attachment":[{"href":"https:\/\/endhomelessness.org\/es\/wp-json\/wp\/v2\/media?parent=17483"}],"curies":[{"name":"wp","href":"https:\/\/api.w.org\/{rel}","templated":true}]}}