{"id":17489,"date":"2024-08-21T06:23:33","date_gmt":"2024-08-21T10:23:33","guid":{"rendered":"https:\/\/endhomelessness.org\/privacidad\/"},"modified":"2025-04-04T12:09:54","modified_gmt":"2025-04-04T16:09:54","slug":"privacidad","status":"publish","type":"page","link":"https:\/\/endhomelessness.org\/es\/privacidad\/","title":{"rendered":"Privacidad"},"content":{"rendered":"\n<section class=\"e-stn e-stn-0f8fd9e7e3bd232cb9b0e63b168072245d0020fc e-stn--page-banner-with-texts e-mb-0 e-pb-40\"><style><\/style><div class=\"container\">\n<div class=\"wp-block-b3rg-row e-row row\">\n<div class=\"wp-block-b3rg-column e-col e-col-3fd29a26ff70780ecd7ff03db8f4638045c8c9d8  col-sm-12\">\n<h1 class=\"wp-block-heading has-text-align-left has-rich-black-color has-text-color has-link-color wp-elements-252368e3f64743177ff4c78bb980cfa3\">Pol\u00edtica de privacidad del sitio web y de los donantes <strong><\/strong><\/h1>\n<\/div>\n<\/div>\n<\/div><\/section>\n\n<section class=\"e-stn e-stn-0995c2a162f257b69a828a2a210b4aee4e2adbd7 e-stn--text-content-type-2 e-mt-0 e-pt-20 e-mb-0 e-pb-120\"><div class=\"container\">\n<div class=\"wp-block-b3rg-row e-row row\">\n<div class=\"wp-block-b3rg-column e-col e-col-3fd29a26ff70780ecd7ff03db8f4638045c8c9d8  col-sm-12\">\n<div class=\"e-div e-div-e5334e9998c4f20ab89d448d47494c2e9eccbf08 e-div--content\">\n<p><strong>Fecha de entrada en vigor: 17 de marzo de 2025<\/strong> <\/p>\n\n\n\n<p>La presente Pol\u00edtica de privacidad describe c\u00f3mo la Alianza Nacional para Poner Fin a la Falta de Vivienda (\u00abNAEH\u00bb, \u00abnosotros\u00bb, \u00abnuestro\u00bb o \u00abnos\u00bb) recopila, utiliza y divulga informaci\u00f3n de los visitantes de nuestro sitio web y de los donantes. Al utilizar nuestro sitio web o realizar una donaci\u00f3n, usted consiente el procesamiento de su informaci\u00f3n tal como se describe a continuaci\u00f3n.  <\/p>\n\n\n\n<h2 class=\"wp-block-heading\"><strong>Informaci\u00f3n que recopilamos<\/strong> <\/h2>\n\n\n\n<p>Recopilamos informaci\u00f3n personal tanto de los visitantes del sitio web como de los donantes. <\/p>\n\n\n\n<ol class=\"wp-block-list\">\n<li>Visitantes del sitio web\n<ul class=\"wp-block-list\">\n<li><strong>Informaci\u00f3n que usted proporciona:<\/strong> Recopilamos la informaci\u00f3n que usted proporciona voluntariamente cuando utiliza nuestro sitio web, como cuando se suscribe a una lista de correo, realiza una donaci\u00f3n o se pone en contacto con nosotros. Esto puede incluir su nombre, informaci\u00f3n de contacto, detalles de la transacci\u00f3n y cualquier informaci\u00f3n que env\u00ede a trav\u00e9s de formularios.  <\/li>\n\n\n\n<li><strong>Informaci\u00f3n recopilada autom\u00e1ticamente:<\/strong> Recopilamos cierta informaci\u00f3n de forma autom\u00e1tica cuando visita nuestro sitio web, como su navegador web, direcci\u00f3n IP y comportamiento de navegaci\u00f3n. Utilizamos tecnolog\u00edas como cookies, archivos de registro, balizas web, etiquetas y p\u00edxeles para recopilar estos datos.  <\/li>\n<\/ul>\n<\/li>\n\n\n\n<li>Donantes\n<ul class=\"wp-block-list\">\n<li><strong>Informaci\u00f3n espec\u00edfica de los donantes:<\/strong> Adem\u00e1s de lo anterior, recopilamos informaci\u00f3n personal de los donantes, como nombre, direcci\u00f3n, n\u00famero de tel\u00e9fono, direcci\u00f3n de correo electr\u00f3nico y detalles de la donaci\u00f3n. Las leyes fiscales nos obligan a mantener esta informaci\u00f3n en nuestros archivos.  <\/li>\n<\/ul>\n<\/li>\n<\/ol>\n\n\n\n<h2 class=\"wp-block-heading\"><strong>C\u00f3mo utilizamos la informaci\u00f3n<\/strong> <\/h2>\n\n\n\n<p>Utilizamos la informaci\u00f3n recopilada para diversos fines: <\/p>\n\n\n\n<ul class=\"wp-block-list\">\n<li><strong>Visitantes del sitio web:<\/strong> \n<ul class=\"wp-block-list\">\n<li>Proporcionar los servicios y la informaci\u00f3n que solicita. <\/li>\n\n\n\n<li>Personalizar su experiencia proporcionando contenido basado en sus intereses. <\/li>\n\n\n\n<li>Mejorar nuestro sitio web y servicios mediante el an\u00e1lisis de datos. <\/li>\n\n\n\n<li>Entregar comunicaciones y materiales promocionales sobre la NAEH. <\/li>\n\n\n\n<li>Detectar, prevenir y responder al fraude, el uso indebido o las obligaciones legales. <\/li>\n<\/ul>\n<\/li>\n\n\n\n<li><strong>Donantes:<\/strong> \n<ul class=\"wp-block-list\">\n<li>Distribuir recibos de donaciones y agradecer a los donantes sus contribuciones. <\/li>\n\n\n\n<li>Informar a los donantes sobre pr\u00f3ximas actividades de recaudaci\u00f3n de fondos. <\/li>\n\n\n\n<li>Utilizar para an\u00e1lisis interno y mantenimiento de registros. <\/li>\n\n\n\n<li>Informar a las agencias pertinentes de EE. UU. y estatales (no disponible p\u00fablicamente). <\/li>\n<\/ul>\n<\/li>\n<\/ul>\n\n\n\n<h2 class=\"wp-block-heading\"><strong>C\u00f3mo divulgamos la informaci\u00f3n<\/strong> <\/h2>\n\n\n\n<p>Podemos divulgar la informaci\u00f3n que recopilamos de las siguientes maneras: <\/p>\n\n\n\n<ul class=\"wp-block-list\">\n<li><strong>A proveedores de servicios externos:<\/strong> Compartimos datos con proveedores de servicios externos que nos ayudan a procesar donaciones, apoyar actividades promocionales o procesar solicitudes de empleo. <\/li>\n\n\n\n<li><strong>Seg\u00fan lo exija la ley:<\/strong> Podemos divulgar informaci\u00f3n para cumplir con obligaciones legales o para proteger nuestros derechos, seguridad o la integridad del sitio. <\/li>\n\n\n\n<li><strong>Informaci\u00f3n de los donantes:<\/strong> Nunca publicaremos, venderemos, intercambiaremos ni compartiremos informaci\u00f3n de los donantes con terceros por ning\u00fan motivo, excepto para procesar transacciones, cumplir con la ley o seg\u00fan lo indicado anteriormente. <\/li>\n<\/ul>\n\n\n\n<h2 class=\"wp-block-heading\"><strong>Seguridad<\/strong> <\/h2>\n\n\n\n<p>Tomamos precauciones razonables para proteger su informaci\u00f3n. Sin embargo, ninguna transmisi\u00f3n de datos por Internet es completamente segura, y no podemos garantizar la seguridad absoluta de su informaci\u00f3n. La informaci\u00f3n financiera de los donantes se cifra durante las transacciones y no almacenamos informaci\u00f3n de pago. Las donaciones en l\u00ednea se procesan directamente a trav\u00e9s de PayPal.    <\/p>\n\n\n\n<h2 class=\"wp-block-heading\"><strong>Sus opciones<\/strong> <\/h2>\n\n\n\n<ul class=\"wp-block-list\">\n<li><strong>Se\u00f1ales de No rastrear:<\/strong> Actualmente no respondemos a las se\u00f1ales de \u00abNo rastrear\u00bb del navegador web. Para obtener m\u00e1s informaci\u00f3n, visite <a href=\"http:\/\/www.allaboutdnt.com\/\" target=\"_blank\" rel=\"noreferrer noopener\">www.allaboutdnt.com<\/a>.  <\/li>\n\n\n\n<li><strong>Google Analytics:<\/strong> Utilizamos Google Analytics para recopilar datos sobre c\u00f3mo los usuarios acceden e interact\u00faan con el sitio web. Puede optar por no participar en Google Analytics visitando <a href=\"https:\/\/tools.google.com\/dlpage\/gaoptout\" target=\"_blank\" rel=\"noreferrer noopener\">https:\/\/tools.google.com\/dlpage\/gaoptout<\/a>.  <\/li>\n\n\n\n<li><strong>Preferencias de los donantes:<\/strong> Los donantes pueden actualizar sus preferencias de comunicaci\u00f3n poni\u00e9ndose en contacto con development@naeh.org o indicando sus preferencias en la secci\u00f3n de comentarios del formulario de donaci\u00f3n. Los donantes tambi\u00e9n tienen la opci\u00f3n de donar de forma an\u00f3nima en l\u00ednea.  <\/li>\n<\/ul>\n\n\n\n<h2 class=\"wp-block-heading\"><strong>Declaraci\u00f3n de derechos del donante<\/strong> <\/h2>\n\n\n\n<p>La NAEH se adhiere a la Declaraci\u00f3n de derechos del donante, garantizando que los donantes tienen derecho a: <\/p>\n\n\n\n<ol start=\"1\" class=\"wp-block-list\">\n<li>Ser informados sobre la misi\u00f3n de la organizaci\u00f3n, la forma en que la organizaci\u00f3n pretende utilizar los recursos donados y su capacidad para utilizar las donaciones de manera eficaz para los fines previstos. <\/li>\n\n\n\n<li>Ser informados de la identidad de quienes forman parte del consejo de administraci\u00f3n de la organizaci\u00f3n y esperar que el consejo ejerza un juicio prudente en sus responsabilidades de administraci\u00f3n. <\/li>\n\n\n\n<li>Tener acceso a los estados financieros m\u00e1s recientes de la organizaci\u00f3n. <\/li>\n\n\n\n<li>Tener la seguridad de que sus donaciones se utilizar\u00e1n para los fines para los que fueron realizadas. <\/li>\n\n\n\n<li>Recibir el reconocimiento y agradecimiento apropiados. <\/li>\n\n\n\n<li>Tener la seguridad de que la informaci\u00f3n sobre su donaci\u00f3n ser\u00e1 tratada con respeto y confidencialidad en la medida prevista por la ley. <\/li>\n\n\n\n<li>Esperar que todas las relaciones con individuos que representen a organizaciones de inter\u00e9s para el donante sean de naturaleza profesional. <\/li>\n\n\n\n<li>Ser informado si aquellos que solicitan donaciones son voluntarios, empleados de la organizaci\u00f3n o captadores de fondos contratados. <\/li>\n\n\n\n<li>Tener la oportunidad de que sus nombres sean eliminados de las listas de correo que una organizaci\u00f3n pueda tener la intenci\u00f3n de compartir. <\/li>\n\n\n\n<li>Sentirse libre de hacer preguntas al realizar una donaci\u00f3n y recibir respuestas prontas, veraces y francas. <\/li>\n<\/ol>\n\n\n\n<h2 class=\"wp-block-heading\"><strong>Modificaciones a esta Pol\u00edtica<\/strong> <\/h2>\n\n\n\n<p>Si actualizamos esta Pol\u00edtica de Privacidad, se lo notificaremos publicando la versi\u00f3n revisada en esta p\u00e1gina y, cuando corresponda, proporcionando notificaciones adicionales seg\u00fan lo exija la ley. <\/p>\n\n\n\n<h2 class=\"wp-block-heading\"><strong>Cont\u00e1ctenos<\/strong> <\/h2>\n\n\n\n<p>Si tiene preguntas o inquietudes con respecto a esta Pol\u00edtica de Privacidad, por favor cont\u00e1ctenos en: <\/p>\n\n\n\n<p>T: 202.638.1526 <br\/>F: 202.638.4664 <br\/>Correo electr\u00f3nico: <a href=\"mailto:development@naeh.org\" target=\"_blank\" rel=\"noreferrer noopener\">development@naeh.org<\/a>  <\/p>\n<\/div>\n<\/div>\n<\/div>\n<\/div><\/section>\n\n<section class=\"e-stn e-stn-fecd9f248d71f1b43eea1791ae2aa16e613ea50d e-stn--subscription-form\"><div class=\"container\">\n<div class=\"wp-block-b3rg-row e-row row\">\n<div class=\"wp-block-b3rg-column e-col e-col-5e53f80929c6668a38540fba03c97241dc5f6888 e-col--left  col-sm-12 col-lg-6\">\n<h2 class=\"wp-block-heading has-pure-white-color has-text-color has-link-color wp-elements-cec0e497456012f6e859233bfca8aaa4\"><strong>Mant\u00e9ngase informado: Soluciones, historias y formas de generar impacto<\/strong><\/h2>\n\n\n\n<p>Reg\u00edstrese para recibir actualizaciones sobre el trabajo de la Alianza, incluyendo las \u00faltimas investigaciones, esfuerzos de promoci\u00f3n e historias reales de progreso \u2014 adem\u00e1s de formas en las que puede ayudar a impulsar un cambio duradero.<\/p>\n<\/div>\n\n\n\n<div class=\"wp-block-b3rg-column e-col e-col-117d0cb7e6b4934330c33fb3a4c7ee0ab7e9abd4 e-col--right e-col--email-cta-form-wrpr  col-sm-12 col-lg-6\">\n<div id=\"mc_embed_shell\">\n      <link href=\"\/\/cdn-images.mailchimp.com\/embedcode\/classic-061523.css\" rel=\"stylesheet\" type=\"text\/css\"\/>\n  <style type=\"text\/css\">\n        #mc_embed_signup{background:#fff; false;clear:left; font:14px Helvetica,Arial,sans-serif; width: 600px;}\n        \/* Add your own Mailchimp form style overrides in your site stylesheet or in this style block.\n           We recommend moving this block and the preceding CSS link to the HEAD of your HTML file. *\/\n<\/style>\n<div id=\"mc_embed_signup\">\n    <form action=\"https:\/\/endhomelessness.us9.list-manage.com\/subscribe\/post?u=466b34a51377a9504fb2ebd8f&#038;id=1cf64328bb&#038;f_id=00f7f2e0f0\" method=\"post\" id=\"mc-embedded-subscribe-form\" name=\"mc-embedded-subscribe-form\" class=\"validate\" target=\"_blank\">\n        <div id=\"mc_embed_signup_scroll\">\n            <div class=\"indicates-required\"><span class=\"asterisk\">*<\/span> indica campo obligatorio<\/div>\n            <div class=\"mc-field-group\"><label for=\"mce-EMAIL\">Direcci\u00f3n de correo electr\u00f3nico <span class=\"asterisk\">*<\/span><\/label><input type=\"email\" name=\"EMAIL\" class=\"required email\" id=\"mce-EMAIL\" required=\"\" value=\"\"\/><\/div><div class=\"mc-field-group input-group\"><strong>\u00bfC\u00f3mo deber\u00edamos comunicarnos con usted? <\/strong><ul><li><input type=\"checkbox\" name=\"group[17873][1]\" id=\"mce-group[17873]-17873-0\" value=\"\"\/><label for=\"mce-group[17873]-17873-0\">Deseo recibir semanalmente herramientas, recursos y noticias sobre la falta de vivienda<\/label><\/li><li><input type=\"checkbox\" name=\"group[17873][2]\" id=\"mce-group[17873]-17873-1\" value=\"\"\/><label for=\"mce-group[17873]-17873-1\">Deseo recibir noticias generales y actualizaciones sobre el trabajo de la Alianza<\/label><\/li><\/ul><\/div><div class=\"mc-field-group\"><label for=\"mce-FNAME\">Nombre <\/label><input type=\"text\" name=\"FNAME\" class=\" text\" id=\"mce-FNAME\" value=\"\"\/><\/div><div class=\"mc-field-group\"><label for=\"mce-LNAME\">Apellido <\/label><input type=\"text\" name=\"LNAME\" class=\" text\" id=\"mce-LNAME\" value=\"\"\/><\/div>\n<div hidden=\"\"><input type=\"hidden\" name=\"tags\" value=\"12777910\"\/><\/div>\n        <div id=\"mce-responses\" class=\"clear\">\n            <div class=\"response\" id=\"mce-error-response\" style=\"display: none;\"><\/div>\n            <div class=\"response\" id=\"mce-success-response\" style=\"display: none;\"><\/div>\n        <\/div><div aria-hidden=\"true\" style=\"position: absolute; left: -5000px;\"><input type=\"text\" name=\"b_466b34a51377a9504fb2ebd8f_1cf64328bb\" tabindex=\"-1\" value=\"\"\/><\/div><div class=\"clear\"><input type=\"submit\" name=\"subscribe\" id=\"mc-embedded-subscribe\" class=\"button\" value=\"Suscribirse\"\/><\/div>\n    <\/div>\n<\/form>\n<\/div>\n<script type=\"text\/javascript\" src=\"\/\/s3.amazonaws.com\/downloads.mailchimp.com\/js\/mc-validate.js\"><\/script><script type=\"text\/javascript\">(function($) {window.fnames = new Array(); window.ftypes = new Array();fnames[0]='EMAIL';ftypes[0]='email';fnames[1]='FNAME';ftypes[1]='text';fnames[2]='LNAME';ftypes[2]='text';fnames[12]='MMERGE12';ftypes[12]='zip';fnames[4]='MMERGE4';ftypes[4]='text';fnames[7]='CITY';ftypes[7]='text';fnames[8]='STATE';ftypes[8]='text';fnames[11]='MMERGE11';ftypes[11]='text';fnames[13]='MMERGE13';ftypes[13]='text';fnames[3]='MMERGE3';ftypes[3]='text';fnames[5]='MMERGE5';ftypes[5]='text';}(jQuery));var $mcj = jQuery.noConflict(true);<\/script><\/div>\n<\/div>\n<\/div>\n<\/div><\/section>\n","protected":false},"excerpt":{"rendered":"","protected":false},"author":1,"featured_media":14222,"parent":0,"menu_order":0,"comment_status":"closed","ping_status":"closed","template":"","meta":{"_acf_changed":false,"show_custom_date":false,"custom_date":"","featured":false,"featured_image":0,"learn_more_label":"","image_alt_text":"","learn_more_type":"","show_popup":false,"learn_more_link_file":0,"event_date":false,"event_start_date":"","event_end_date":"","place_holder_image_url":"","post_reading_time":"4","notification_enabled":false,"notification_text":"","notification_logo":"","notification_expiration_time":0,"is_enable_transparent_header":false,"hide_from_list_view":false,"selected_taxonomy_terms":{"translation_priority":[66]},"selected_primary_terms":[],"learn_more_link":[],"featured_page_list":[],"notification_enabled_post_list":[],"_relevanssi_hide_post":"","_relevanssi_hide_content":"","_relevanssi_pin_for_all":"","_relevanssi_pin_keywords":"","_relevanssi_unpin_keywords":"","_relevanssi_related_keywords":"","_relevanssi_related_include_ids":"","_relevanssi_related_exclude_ids":"","_relevanssi_related_no_append":"","_relevanssi_related_not_related":"","_relevanssi_related_posts":"","_relevanssi_noindex_reason":"","inline_featured_image":false,"news_publication":"","footnotes":""},"class_list":["post-17489","page","type-page","status-publish","has-post-thumbnail","hentry"],"acf":[],"yoast_head":"<!-- This site is optimized with the Yoast SEO Premium plugin v24.7 (Yoast SEO v27.2) - https:\/\/yoast.com\/product\/yoast-seo-premium-wordpress\/ -->\n<title>Privacidad - Alianza Nacional para Erradicar la Falta de Vivienda<\/title>\n<meta name=\"description\" content=\"The National Alliance to End Homelessness is a nonpartisan, nonprofit organization committed to preventing and ending homelessness in the United States.\" \/>\n<meta name=\"robots\" content=\"index, follow, max-snippet:-1, max-image-preview:large, max-video-preview:-1\" \/>\n<link rel=\"canonical\" href=\"https:\/\/endhomelessness.org\/es\/privacidad\/\" \/>\n<meta property=\"og:locale\" content=\"es_ES\" \/>\n<meta property=\"og:type\" content=\"article\" \/>\n<meta property=\"og:title\" content=\"Privacidad\" \/>\n<meta property=\"og:description\" content=\"The National Alliance to End Homelessness is a nonpartisan, nonprofit organization committed to preventing and ending homelessness in the United States.\" \/>\n<meta property=\"og:url\" content=\"https:\/\/endhomelessness.org\/es\/privacidad\/\" \/>\n<meta property=\"og:site_name\" content=\"Alianza Nacional para Erradicar la Falta de Vivienda\" \/>\n<meta property=\"article:publisher\" content=\"https:\/\/www.facebook.com\/naehomelessness\/\" \/>\n<meta property=\"article:modified_time\" content=\"2025-04-04T16:09:54+00:00\" \/>\n<meta property=\"og:image\" content=\"https:\/\/endhomelessness.org\/wp-content\/uploads\/2014\/01\/Frame-222.png\" \/>\n\t<meta property=\"og:image:width\" content=\"1068\" \/>\n\t<meta property=\"og:image:height\" content=\"684\" \/>\n\t<meta property=\"og:image:type\" content=\"image\/png\" \/>\n<meta name=\"twitter:card\" content=\"summary_large_image\" \/>\n<meta name=\"twitter:label1\" content=\"Tiempo de lectura\" \/>\n\t<meta name=\"twitter:data1\" content=\"5 minutos\" \/>\n<script type=\"application\/ld+json\" class=\"yoast-schema-graph\">{\"@context\":\"https:\/\/schema.org\",\"@graph\":[{\"@type\":\"WebPage\",\"@id\":\"https:\/\/endhomelessness.org\/es\/privacidad\/\",\"url\":\"https:\/\/endhomelessness.org\/es\/privacidad\/\",\"name\":\"Privacidad - Alianza Nacional para Erradicar la Falta de Vivienda\",\"isPartOf\":{\"@id\":\"https:\/\/endhomelessness.org\/es\/#website\"},\"primaryImageOfPage\":{\"@id\":\"https:\/\/endhomelessness.org\/es\/privacidad\/#primaryimage\"},\"image\":{\"@id\":\"https:\/\/endhomelessness.org\/es\/privacidad\/#primaryimage\"},\"thumbnailUrl\":\"https:\/\/endhomelessness.org\/wp-content\/uploads\/2014\/01\/Frame-222.png\",\"datePublished\":\"2024-08-21T10:23:33+00:00\",\"dateModified\":\"2025-04-04T16:09:54+00:00\",\"description\":\"The National Alliance to End Homelessness is a nonpartisan, nonprofit organization committed to preventing and ending homelessness in the United States.\",\"breadcrumb\":{\"@id\":\"https:\/\/endhomelessness.org\/es\/privacidad\/#breadcrumb\"},\"inLanguage\":\"es\",\"potentialAction\":[{\"@type\":\"ReadAction\",\"target\":[\"https:\/\/endhomelessness.org\/es\/privacidad\/\"]}]},{\"@type\":\"ImageObject\",\"inLanguage\":\"es\",\"@id\":\"https:\/\/endhomelessness.org\/es\/privacidad\/#primaryimage\",\"url\":\"https:\/\/endhomelessness.org\/wp-content\/uploads\/2014\/01\/Frame-222.png\",\"contentUrl\":\"https:\/\/endhomelessness.org\/wp-content\/uploads\/2014\/01\/Frame-222.png\",\"width\":1068,\"height\":684},{\"@type\":\"BreadcrumbList\",\"@id\":\"https:\/\/endhomelessness.org\/es\/privacidad\/#breadcrumb\",\"itemListElement\":[{\"@type\":\"ListItem\",\"position\":1,\"name\":\"Inicio\",\"item\":\"https:\/\/endhomelessness.org\/es\/home-page-2-2-2\/\"},{\"@type\":\"ListItem\",\"position\":2,\"name\":\"Privacidad\"}]},{\"@type\":\"WebSite\",\"@id\":\"https:\/\/endhomelessness.org\/es\/#website\",\"url\":\"https:\/\/endhomelessness.org\/es\/\",\"name\":\"National Alliance to End Homelessness\",\"description\":\"Organizaci\u00f3n no partidista para prevenir y erradicar la falta de vivienda en EE.UU.\",\"publisher\":{\"@id\":\"https:\/\/endhomelessness.org\/es\/#organization\"},\"potentialAction\":[{\"@type\":\"SearchAction\",\"target\":{\"@type\":\"EntryPoint\",\"urlTemplate\":\"https:\/\/endhomelessness.org\/es\/?s={search_term_string}\"},\"query-input\":{\"@type\":\"PropertyValueSpecification\",\"valueRequired\":true,\"valueName\":\"search_term_string\"}}],\"inLanguage\":\"es\"},{\"@type\":\"Organization\",\"@id\":\"https:\/\/endhomelessness.org\/es\/#organization\",\"name\":\"Alianza Nacional para Erradicar la Falta de Vivienda\",\"url\":\"https:\/\/endhomelessness.org\/es\/\",\"logo\":{\"@type\":\"ImageObject\",\"inLanguage\":\"es\",\"@id\":\"https:\/\/endhomelessness.org\/es\/#\/schema\/logo\/image\/\",\"url\":\"https:\/\/endhomelessness.org\/wp-content\/uploads\/2024\/09\/logo-2.webp\",\"contentUrl\":\"https:\/\/endhomelessness.org\/wp-content\/uploads\/2024\/09\/logo-2.webp\",\"width\":687,\"height\":361,\"caption\":\"Alianza Nacional para Erradicar la Falta de Vivienda\"},\"image\":{\"@id\":\"https:\/\/endhomelessness.org\/es\/#\/schema\/logo\/image\/\"},\"sameAs\":[\"https:\/\/www.facebook.com\/naehomelessness\/\",\"https:\/\/www.youtube.com\/@EndingHomelessness\",\"https:\/\/www.linkedin.com\/company\/national-alliance-to-end-homelessness\/\",\"https:\/\/instagram.com\/naeh_endhomelessness\"]}]}<\/script>\n<!-- \/ Yoast SEO Premium plugin. -->","yoast_head_json":{"title":"Privacidad - Alianza Nacional para Erradicar la Falta de Vivienda","description":"The National Alliance to End Homelessness is a nonpartisan, nonprofit organization committed to preventing and ending homelessness in the United States.","robots":{"index":"index","follow":"follow","max-snippet":"max-snippet:-1","max-image-preview":"max-image-preview:large","max-video-preview":"max-video-preview:-1"},"canonical":"https:\/\/endhomelessness.org\/es\/privacidad\/","og_locale":"es_ES","og_type":"article","og_title":"Privacidad","og_description":"The National Alliance to End Homelessness is a nonpartisan, nonprofit organization committed to preventing and ending homelessness in the United States.","og_url":"https:\/\/endhomelessness.org\/es\/privacidad\/","og_site_name":"Alianza Nacional para Erradicar la Falta de Vivienda","article_publisher":"https:\/\/www.facebook.com\/naehomelessness\/","article_modified_time":"2025-04-04T16:09:54+00:00","og_image":[{"width":1068,"height":684,"url":"https:\/\/endhomelessness.org\/wp-content\/uploads\/2014\/01\/Frame-222.png","type":"image\/png"}],"twitter_card":"summary_large_image","twitter_misc":{"Tiempo de lectura":"5 minutos"},"schema":{"@context":"https:\/\/schema.org","@graph":[{"@type":"WebPage","@id":"https:\/\/endhomelessness.org\/es\/privacidad\/","url":"https:\/\/endhomelessness.org\/es\/privacidad\/","name":"Privacidad - Alianza Nacional para Erradicar la Falta de Vivienda","isPartOf":{"@id":"https:\/\/endhomelessness.org\/es\/#website"},"primaryImageOfPage":{"@id":"https:\/\/endhomelessness.org\/es\/privacidad\/#primaryimage"},"image":{"@id":"https:\/\/endhomelessness.org\/es\/privacidad\/#primaryimage"},"thumbnailUrl":"https:\/\/endhomelessness.org\/wp-content\/uploads\/2014\/01\/Frame-222.png","datePublished":"2024-08-21T10:23:33+00:00","dateModified":"2025-04-04T16:09:54+00:00","description":"The National Alliance to End Homelessness is a nonpartisan, nonprofit organization committed to preventing and ending homelessness in the United States.","breadcrumb":{"@id":"https:\/\/endhomelessness.org\/es\/privacidad\/#breadcrumb"},"inLanguage":"es","potentialAction":[{"@type":"ReadAction","target":["https:\/\/endhomelessness.org\/es\/privacidad\/"]}]},{"@type":"ImageObject","inLanguage":"es","@id":"https:\/\/endhomelessness.org\/es\/privacidad\/#primaryimage","url":"https:\/\/endhomelessness.org\/wp-content\/uploads\/2014\/01\/Frame-222.png","contentUrl":"https:\/\/endhomelessness.org\/wp-content\/uploads\/2014\/01\/Frame-222.png","width":1068,"height":684},{"@type":"BreadcrumbList","@id":"https:\/\/endhomelessness.org\/es\/privacidad\/#breadcrumb","itemListElement":[{"@type":"ListItem","position":1,"name":"Inicio","item":"https:\/\/endhomelessness.org\/es\/home-page-2-2-2\/"},{"@type":"ListItem","position":2,"name":"Privacidad"}]},{"@type":"WebSite","@id":"https:\/\/endhomelessness.org\/es\/#website","url":"https:\/\/endhomelessness.org\/es\/","name":"National Alliance to End Homelessness","description":"Organizaci\u00f3n no partidista para prevenir y erradicar la falta de vivienda en EE.UU.","publisher":{"@id":"https:\/\/endhomelessness.org\/es\/#organization"},"potentialAction":[{"@type":"SearchAction","target":{"@type":"EntryPoint","urlTemplate":"https:\/\/endhomelessness.org\/es\/?s={search_term_string}"},"query-input":{"@type":"PropertyValueSpecification","valueRequired":true,"valueName":"search_term_string"}}],"inLanguage":"es"},{"@type":"Organization","@id":"https:\/\/endhomelessness.org\/es\/#organization","name":"Alianza Nacional para Erradicar la Falta de Vivienda","url":"https:\/\/endhomelessness.org\/es\/","logo":{"@type":"ImageObject","inLanguage":"es","@id":"https:\/\/endhomelessness.org\/es\/#\/schema\/logo\/image\/","url":"https:\/\/endhomelessness.org\/wp-content\/uploads\/2024\/09\/logo-2.webp","contentUrl":"https:\/\/endhomelessness.org\/wp-content\/uploads\/2024\/09\/logo-2.webp","width":687,"height":361,"caption":"Alianza Nacional para Erradicar la Falta de Vivienda"},"image":{"@id":"https:\/\/endhomelessness.org\/es\/#\/schema\/logo\/image\/"},"sameAs":["https:\/\/www.facebook.com\/naehomelessness\/","https:\/\/www.youtube.com\/@EndingHomelessness","https:\/\/www.linkedin.com\/company\/national-alliance-to-end-homelessness\/","https:\/\/instagram.com\/naeh_endhomelessness"]}]}},"_links":{"self":[{"href":"https:\/\/endhomelessness.org\/es\/wp-json\/wp\/v2\/pages\/17489","targetHints":{"allow":["GET"]}}],"collection":[{"href":"https:\/\/endhomelessness.org\/es\/wp-json\/wp\/v2\/pages"}],"about":[{"href":"https:\/\/endhomelessness.org\/es\/wp-json\/wp\/v2\/types\/page"}],"author":[{"embeddable":true,"href":"https:\/\/endhomelessness.org\/es\/wp-json\/wp\/v2\/users\/1"}],"replies":[{"embeddable":true,"href":"https:\/\/endhomelessness.org\/es\/wp-json\/wp\/v2\/comments?post=17489"}],"version-history":[{"count":0,"href":"https:\/\/endhomelessness.org\/es\/wp-json\/wp\/v2\/pages\/17489\/revisions"}],"wp:featuredmedia":[{"embeddable":true,"href":"https:\/\/endhomelessness.org\/es\/wp-json\/wp\/v2\/media\/14222"}],"wp:attachment":[{"href":"https:\/\/endhomelessness.org\/es\/wp-json\/wp\/v2\/media?parent=17489"}],"curies":[{"name":"wp","href":"https:\/\/api.w.org\/{rel}","templated":true}]}}