{"id":17517,"date":"2024-09-02T03:31:48","date_gmt":"2024-09-02T07:31:48","guid":{"rendered":"https:\/\/endhomelessness.org\/conferencias\/"},"modified":"2026-04-11T11:05:48","modified_gmt":"2026-04-11T15:05:48","slug":"conferencias","status":"publish","type":"page","link":"https:\/\/endhomelessness.org\/es\/conferencias\/","title":{"rendered":"Conferencias"},"content":{"rendered":"\n<section class=\"e-stn e-stn-2c1f0e1a7cc4bceaca26cd3c5f3f1946e92b3805 e-stn--simple-banner\"><div class=\"container\">\n<div class=\"wp-block-b3rg-row e-row row e-row--title-with-description\">\n<div class=\"wp-block-b3rg-column e-col e-col-39cfa9d404ac019aa00fc49744dc7db02252e1b1  col-sm-12\">\n<h1 class=\"wp-block-heading has-rich-black-color has-text-color has-link-color wp-elements-cf51cd4c15e802725d97248813b45c21\" id=\"h-conferences\">Conferencias<\/h1>\n\n\n\n<div class=\"e-div e-div-599a0d156d57a1ed7b9153d257ec7d0afab3a5a0\">\n<p>La <strong>Conferencia Nacional de 2026 sobre el Fin de la Indigencia y el D\u00eda de Capitol Hill<\/strong> de la Alianza tendr\u00e1 lugar en Washington D.C. del 8 al 10 de julio de 2026. Pr\u00f3ximamente habr\u00e1 m\u00e1s informaci\u00f3n.<\/p>\n\n\n\n<p><\/p>\n<\/div>\n<\/div>\n<\/div>\n<\/div><\/section>\n\n<section class=\"e-stn e-stn-1cca3a9b8711b82c8802070add157ca399a0818b e-stn--featured-conference e-mt-0\"><div class=\"container\"><\/div><\/section>\n\n<section class=\"e-stn e-stn-deb2f81a16d38511daee036867d0a2d2732e8a53 e-stn--dlt e-stn--past-conferences e-mt-0 e-pt-80  e-pt-sm-40 e-pb-80  e-pb-sm-40\"><div class=\"container\">\n<div class=\"wp-block-b3rg-row e-row row\">\n<div class=\"wp-block-b3rg-column e-col e-col-1190fbb701017a5c6b7253f4b29c9dd7786456d2 e-col--right  col-sm-12 col-md-12\">\n<div class=\"e-div e-div-b8dd8806333cab9e023fcc46a336b6e3fa5d85ff e-div--content-wrapper\"><style>@media only screen and (max-width: 9999px) {\n\t\t\t\t\t\t\t\t\t.e-div.e-div-b8dd8806333cab9e023fcc46a336b6e3fa5d85ff { \n\t\t\t\t\t\t\t\t\t\tbackground-color: #010e1e; \n\t\t\t\t\t\t\t\t\t}\n\t\t\t\t\t\t\t\t}<\/style>\n<h2 class=\"wp-block-heading\" id=\"h-recent-conferences\">Conferencias Recientes<\/h2>\n<\/div>\n\n\n\n<div class=\"wp-block-b3rg-column e-col e-col-826ec2c97fc61fb8ffdc56b532f4c238a7e98148  col-sm-12 col-md-4 col-lg-4\"><div class=\"e-sgp e-sgp--dlt  wrapper-link\" > <a class=\"b3rg-post__trigger\" href='https:\/\/endhomelessness.org\/conferences\/2025-national-conference-on-ending-homelessness\/' target='_self'><div class=\"e-sgp__inner\">\n<div class=\"e-div e-div-c53e97a9a9559166a32068894e0bbde0332d81f5 e-sgp__media\"><figure class=\"wp-block-post-featured-image\"><img decoding=\"async\" src=\"https:\/\/endhomelessness.org\/wp-content\/uploads\/2025\/03\/NAEH2025-Summer_Conference-Inner-Banner.webp\" class=\"attachment-post-thumbnail size-post-thumbnail wp-post-image\" alt=\"\" style=\"object-fit:cover;\" srcset=\"https:\/\/endhomelessness.org\/wp-content\/uploads\/2025\/03\/NAEH2025-Summer_Conference-Inner-Banner.webp 1310w, https:\/\/endhomelessness.org\/wp-content\/uploads\/2025\/03\/NAEH2025-Summer_Conference-Inner-Banner-300x240.webp 300w, https:\/\/endhomelessness.org\/wp-content\/uploads\/2025\/03\/NAEH2025-Summer_Conference-Inner-Banner-1024x819.webp 1024w, https:\/\/endhomelessness.org\/wp-content\/uploads\/2025\/03\/NAEH2025-Summer_Conference-Inner-Banner-768x614.webp 768w, https:\/\/endhomelessness.org\/wp-content\/uploads\/2025\/03\/NAEH2025-Summer_Conference-Inner-Banner-575x460.webp 575w\" sizes=\"(max-width: 1310px) 100vw, 1310px\" \/><\/figure><\/div>\n\n<div class=\"e-div e-div-2c44d94220681ab77dbb9ea2b16f2b7b5296237b e-sgp__content\"><div class=\"e-mtf e-mtf--dlt  e-mtf--event-start-end\">Jun 30 &#8211; Jul 2, 2025<\/div>\n\n<h3 class=\"wp-block-post-title\">2025 National Conference on Ending Homelessness<\/h3>\n\n<div class=\"e-mtf e-mtf--dlt  e-mtf--learn-more-label\"><span class=\"btn\">Learn more<\/span><\/div><\/div>\n<\/div><\/a><\/div><\/div>\n\n\n\n<div class=\"wp-block-b3rg-column e-col e-col-826ec2c97fc61fb8ffdc56b532f4c238a7e98148  col-sm-12 col-md-4 col-lg-4\"><div class=\"e-sgp e-sgp--dlt  wrapper-link\" > <a class=\"b3rg-post__trigger\" href='https:\/\/endhomelessness.org\/conferences\/2025-innovations-and-solutions-for-ending-unsheltered-homelessness\/' target='_self'><div class=\"e-sgp__inner\">\n<div class=\"e-div e-div-c53e97a9a9559166a32068894e0bbde0332d81f5 e-sgp__media\"><figure class=\"wp-block-post-featured-image\"><img decoding=\"async\" src=\"https:\/\/endhomelessness.org\/wp-content\/uploads\/2024\/05\/Frame-1073715753-copy-3.webp\" class=\"attachment-post-thumbnail size-post-thumbnail wp-post-image\" alt=\"\" style=\"object-fit:cover;\" srcset=\"https:\/\/endhomelessness.org\/wp-content\/uploads\/2024\/05\/Frame-1073715753-copy-3.webp 1310w, https:\/\/endhomelessness.org\/wp-content\/uploads\/2024\/05\/Frame-1073715753-copy-3-300x240.webp 300w, https:\/\/endhomelessness.org\/wp-content\/uploads\/2024\/05\/Frame-1073715753-copy-3-1024x819.webp 1024w, https:\/\/endhomelessness.org\/wp-content\/uploads\/2024\/05\/Frame-1073715753-copy-3-768x614.webp 768w, https:\/\/endhomelessness.org\/wp-content\/uploads\/2024\/05\/Frame-1073715753-copy-3-575x460.webp 575w\" sizes=\"(max-width: 1310px) 100vw, 1310px\" \/><\/figure><\/div>\n\n<div class=\"e-div e-div-2c44d94220681ab77dbb9ea2b16f2b7b5296237b e-sgp__content\"><div class=\"e-mtf e-mtf--dlt  e-mtf--event-start-end\">Feb 26 &#8211; 28, 2025<\/div>\n\n<h3 class=\"wp-block-post-title\">2025 Innovations and Solutions for Ending Unsheltered Homelessness<\/h3>\n\n<div class=\"e-mtf e-mtf--dlt  e-mtf--learn-more-label\"><span class=\"btn\">Learn more<\/span><\/div><\/div>\n<\/div><\/a><\/div><\/div>\n<\/div>\n<\/div>\n<\/div><\/section>\n\n<section class=\"e-stn e-stn-6637e050f5ed218f07ab1f3e30a5c7aef491286d e-stn--text-content e-mt-0 e-mb-120  e-mb-sm-60\"><div class=\"container\">\n<div class=\"wp-block-b3rg-row e-row row\">\n<div class=\"wp-block-b3rg-column e-col e-col-39cfa9d404ac019aa00fc49744dc7db02252e1b1  col-sm-12\">\n<div class=\"e-div e-div-5f94a58246991bddf0302249554c29591622971f e-div--content\">\n<h2 class=\"wp-block-heading\" id=\"h-what-does-it-mean-to-attend-an-alliance-conference\">\u00bfQu\u00e9 significa asistir a una conferencia de la Alianza?<\/h2>\n\n\n\n<h3 class=\"wp-block-heading\" id=\"h-what-to-expect\">Qu\u00e9 Esperar<\/h3>\n\n\n\n<p>Las conferencias de la Alianza re\u00fanen a legisladores, profesionales, fil\u00e1ntropos y defensores para sesiones que abordan cuestiones clave en el esfuerzo por prevenir y erradicar la falta de vivienda.<\/p>\n\n\n\n<p>Los asistentes a la conferencia tienen la oportunidad de participar en mesas redondas, sesiones plenarias y talleres centrados en las mejores pr\u00e1cticas y soluciones para erradicar la falta de vivienda. Adem\u00e1s de los talleres regulares, las conferencias ofrecen una variedad de formatos de sesi\u00f3n para proporcionar a los asistentes nuevas y emocionantes formas de aprender, participar y fomentar conexiones. Juntos, exploramos estrategias innovadoras y esfuerzos colaborativos para garantizar que todos tengan un lugar al que llamar hogar.  <\/p>\n\n\n\n<h3 class=\"wp-block-heading\" id=\"h-i-would-like-to-speak-at-an-alliance-conference\">Me gustar\u00eda ser ponente en una conferencia de la Alianza.<\/h3>\n\n\n\n<p>La Alianza invita a participar a voces de todo el sector para realizar presentaciones en nuestras conferencias. La convocatoria de presentaciones para la pr\u00f3xima Conferencia Nacional sobre el Fin del Sinhogarismo de 2026 y el D\u00eda del Capitolio se cerr\u00f3 el 17 de marzo de 2026. Las futuras oportunidades para realizar presentaciones se anunciar\u00e1n a trav\u00e9s de nuestro bolet\u00edn. \u00a1Suscr\u00edbete a continuaci\u00f3n!   <\/p>\n\n\n\n<h3 class=\"wp-block-heading\" id=\"h-event-terms-and-conditions\">T\u00e9rminos y Condiciones del Evento<\/h3>\n\n\n\n<p>La Alianza Nacional para Erradicar la Falta de Vivienda (la Alianza) se esfuerza por crear un espacio diverso, inclusivo, acogedor y seguro para todos.<\/p>\n\n\n\n<div style=\"height:25px\" aria-hidden=\"true\" class=\"wp-block-spacer\"><\/div>\n\n\n\n<div class=\"e-div e-div-f8146ab98ed8e5f99acf8302a89c66b165f74b39 e-div--button-wrapper\"><div class=\"e-btn e-btn--yellow\"><a class=\"e-btn__link\"href=\"https:\/\/endhomelessness.org\/conferences\/terms-and-conditions\/\" target=\"_self\">\n<p class=\"title\">T\u00e9rminos y Condiciones del Evento<\/p>\n<\/a><\/div>\n\n<div class=\"e-btn e-btn--yellow\"><a class=\"e-btn__link\"href=\"https:\/\/endhomelessness.org\/code-of-conduct-for-conferences-and-webinars\/\" target=\"_self\">\n<p class=\"title\">C\u00f3digo de Conducta para Asistir a las Conferencias de la Alianza<\/p>\n<\/a><\/div><\/div>\n\n\n\n<div style=\"height:25px\" aria-hidden=\"true\" class=\"wp-block-spacer\"><\/div>\n<\/div>\n<\/div>\n<\/div>\n<\/div><\/section>\n\n<section class=\"e-stn e-stn-fecd9f248d71f1b43eea1791ae2aa16e613ea50d e-stn--subscription-form\"><div class=\"container\">\n<div class=\"wp-block-b3rg-row e-row row\">\n<div class=\"wp-block-b3rg-column e-col e-col-5e53f80929c6668a38540fba03c97241dc5f6888 e-col--left  col-sm-12 col-lg-6\">\n<h2 class=\"wp-block-heading has-pure-white-color has-text-color has-link-color wp-elements-cec0e497456012f6e859233bfca8aaa4\"><strong>Mant\u00e9ngase informado: Soluciones, historias y formas de generar impacto<\/strong><\/h2>\n\n\n\n<p>Reg\u00edstrese para recibir actualizaciones sobre el trabajo de la Alianza, incluyendo las \u00faltimas investigaciones, esfuerzos de promoci\u00f3n e historias reales de progreso \u2014 adem\u00e1s de formas en las que puede ayudar a impulsar un cambio duradero.<\/p>\n<\/div>\n\n\n\n<div class=\"wp-block-b3rg-column e-col e-col-117d0cb7e6b4934330c33fb3a4c7ee0ab7e9abd4 e-col--right e-col--email-cta-form-wrpr  col-sm-12 col-lg-6\">\n<div id=\"mc_embed_shell\">\n      <link href=\"\/\/cdn-images.mailchimp.com\/embedcode\/classic-061523.css\" rel=\"stylesheet\" type=\"text\/css\"\/>\n  <style type=\"text\/css\">\n        #mc_embed_signup{background:#fff; false;clear:left; font:14px Helvetica,Arial,sans-serif; width: 600px;}\n        \/* Add your own Mailchimp form style overrides in your site stylesheet or in this style block.\n           We recommend moving this block and the preceding CSS link to the HEAD of your HTML file. *\/\n<\/style>\n<div id=\"mc_embed_signup\">\n    <form action=\"https:\/\/endhomelessness.us9.list-manage.com\/subscribe\/post?u=466b34a51377a9504fb2ebd8f&#038;id=1cf64328bb&#038;f_id=00f7f2e0f0\" method=\"post\" id=\"mc-embedded-subscribe-form\" name=\"mc-embedded-subscribe-form\" class=\"validate\" target=\"_blank\">\n        <div id=\"mc_embed_signup_scroll\">\n            <div class=\"indicates-required\"><span class=\"asterisk\">*<\/span> indica campo obligatorio<\/div>\n            <div class=\"mc-field-group\"><label for=\"mce-EMAIL\">Direcci\u00f3n de correo electr\u00f3nico <span class=\"asterisk\">*<\/span><\/label><input type=\"email\" name=\"EMAIL\" class=\"required email\" id=\"mce-EMAIL\" required=\"\" value=\"\"\/><\/div><div class=\"mc-field-group input-group\"><strong>\u00bfC\u00f3mo deber\u00edamos comunicarnos con usted? <\/strong><ul><li><input type=\"checkbox\" name=\"group[17873][1]\" id=\"mce-group[17873]-17873-0\" value=\"\"\/><label for=\"mce-group[17873]-17873-0\">Deseo recibir semanalmente herramientas, recursos y noticias sobre la falta de vivienda<\/label><\/li><li><input type=\"checkbox\" name=\"group[17873][2]\" id=\"mce-group[17873]-17873-1\" value=\"\"\/><label for=\"mce-group[17873]-17873-1\">Deseo recibir noticias generales y actualizaciones sobre el trabajo de la Alianza<\/label><\/li><\/ul><\/div><div class=\"mc-field-group\"><label for=\"mce-FNAME\">Nombre <\/label><input type=\"text\" name=\"FNAME\" class=\" text\" id=\"mce-FNAME\" value=\"\"\/><\/div><div class=\"mc-field-group\"><label for=\"mce-LNAME\">Apellido <\/label><input type=\"text\" name=\"LNAME\" class=\" text\" id=\"mce-LNAME\" value=\"\"\/><\/div>\n<div hidden=\"\"><input type=\"hidden\" name=\"tags\" value=\"12777910\"\/><\/div>\n        <div id=\"mce-responses\" class=\"clear\">\n            <div class=\"response\" id=\"mce-error-response\" style=\"display: none;\"><\/div>\n            <div class=\"response\" id=\"mce-success-response\" style=\"display: none;\"><\/div>\n        <\/div><div aria-hidden=\"true\" style=\"position: absolute; left: -5000px;\"><input type=\"text\" name=\"b_466b34a51377a9504fb2ebd8f_1cf64328bb\" tabindex=\"-1\" value=\"\"\/><\/div><div class=\"clear\"><input type=\"submit\" name=\"subscribe\" id=\"mc-embedded-subscribe\" class=\"button\" value=\"Suscribirse\"\/><\/div>\n    <\/div>\n<\/form>\n<\/div>\n<script type=\"text\/javascript\" src=\"\/\/s3.amazonaws.com\/downloads.mailchimp.com\/js\/mc-validate.js\"><\/script><script type=\"text\/javascript\">(function($) {window.fnames = new Array(); window.ftypes = new Array();fnames[0]='EMAIL';ftypes[0]='email';fnames[1]='FNAME';ftypes[1]='text';fnames[2]='LNAME';ftypes[2]='text';fnames[12]='MMERGE12';ftypes[12]='zip';fnames[4]='MMERGE4';ftypes[4]='text';fnames[7]='CITY';ftypes[7]='text';fnames[8]='STATE';ftypes[8]='text';fnames[11]='MMERGE11';ftypes[11]='text';fnames[13]='MMERGE13';ftypes[13]='text';fnames[3]='MMERGE3';ftypes[3]='text';fnames[5]='MMERGE5';ftypes[5]='text';}(jQuery));var $mcj = jQuery.noConflict(true);<\/script><\/div>\n<\/div>\n<\/div>\n<\/div><\/section>\n","protected":false},"excerpt":{"rendered":"","protected":false},"author":1,"featured_media":14222,"parent":0,"menu_order":0,"comment_status":"closed","ping_status":"closed","template":"","meta":{"_acf_changed":false,"show_custom_date":false,"custom_date":"","featured":false,"featured_image":0,"learn_more_label":"","image_alt_text":"","learn_more_type":"","show_popup":false,"learn_more_link_file":0,"event_date":false,"event_start_date":"","event_end_date":"","place_holder_image_url":"","post_reading_time":"2","notification_enabled":false,"notification_text":"","notification_logo":"","notification_expiration_time":0,"is_enable_transparent_header":false,"hide_from_list_view":false,"selected_taxonomy_terms":{"translation_priority":[66]},"selected_primary_terms":[],"learn_more_link":[],"featured_page_list":[],"notification_enabled_post_list":[],"_relevanssi_hide_post":"","_relevanssi_hide_content":"","_relevanssi_pin_for_all":"","_relevanssi_pin_keywords":"","_relevanssi_unpin_keywords":"","_relevanssi_related_keywords":"","_relevanssi_related_include_ids":"","_relevanssi_related_exclude_ids":"","_relevanssi_related_no_append":"","_relevanssi_related_not_related":"","_relevanssi_related_posts":"","_relevanssi_noindex_reason":"","inline_featured_image":false,"news_publication":"","footnotes":""},"class_list":["post-17517","page","type-page","status-publish","has-post-thumbnail","hentry"],"acf":[],"yoast_head":"<!-- This site is optimized with the Yoast SEO Premium plugin v24.7 (Yoast SEO v27.2) - https:\/\/yoast.com\/product\/yoast-seo-premium-wordpress\/ -->\n<title>Conferencias - Alianza Nacional para Erradicar la Falta de Vivienda<\/title>\n<meta name=\"description\" content=\"The National Alliance to End Homelessness is a nonpartisan, nonprofit organization committed to preventing and ending homelessness in the United States.\" \/>\n<meta name=\"robots\" content=\"index, follow, max-snippet:-1, max-image-preview:large, max-video-preview:-1\" \/>\n<link rel=\"canonical\" href=\"https:\/\/endhomelessness.org\/es\/conferencias\/\" \/>\n<meta property=\"og:locale\" content=\"es_ES\" \/>\n<meta property=\"og:type\" content=\"article\" \/>\n<meta property=\"og:title\" content=\"Conferencias\" \/>\n<meta property=\"og:description\" content=\"The National Alliance to End Homelessness is a nonpartisan, nonprofit organization committed to preventing and ending homelessness in the United States.\" \/>\n<meta property=\"og:url\" content=\"https:\/\/endhomelessness.org\/es\/conferencias\/\" \/>\n<meta property=\"og:site_name\" content=\"Alianza Nacional para Erradicar la Falta de Vivienda\" \/>\n<meta property=\"article:publisher\" content=\"https:\/\/www.facebook.com\/naehomelessness\/\" \/>\n<meta property=\"article:modified_time\" content=\"2026-04-11T15:05:48+00:00\" \/>\n<meta property=\"og:image\" content=\"https:\/\/endhomelessness.org\/wp-content\/uploads\/2014\/01\/Frame-222.png\" \/>\n\t<meta property=\"og:image:width\" content=\"1068\" \/>\n\t<meta property=\"og:image:height\" content=\"684\" \/>\n\t<meta property=\"og:image:type\" content=\"image\/png\" \/>\n<meta name=\"twitter:card\" content=\"summary_large_image\" \/>\n<meta name=\"twitter:label1\" content=\"Tiempo de lectura\" \/>\n\t<meta name=\"twitter:data1\" content=\"1 minuto\" \/>\n<script type=\"application\/ld+json\" class=\"yoast-schema-graph\">{\"@context\":\"https:\/\/schema.org\",\"@graph\":[{\"@type\":\"WebPage\",\"@id\":\"https:\/\/endhomelessness.org\/es\/conferencias\/\",\"url\":\"https:\/\/endhomelessness.org\/es\/conferencias\/\",\"name\":\"Conferencias - Alianza Nacional para Erradicar la Falta de Vivienda\",\"isPartOf\":{\"@id\":\"https:\/\/endhomelessness.org\/es\/#website\"},\"primaryImageOfPage\":{\"@id\":\"https:\/\/endhomelessness.org\/es\/conferencias\/#primaryimage\"},\"image\":{\"@id\":\"https:\/\/endhomelessness.org\/es\/conferencias\/#primaryimage\"},\"thumbnailUrl\":\"https:\/\/endhomelessness.org\/wp-content\/uploads\/2014\/01\/Frame-222.png\",\"datePublished\":\"2024-09-02T07:31:48+00:00\",\"dateModified\":\"2026-04-11T15:05:48+00:00\",\"description\":\"The National Alliance to End Homelessness is a nonpartisan, nonprofit organization committed to preventing and ending homelessness in the United States.\",\"breadcrumb\":{\"@id\":\"https:\/\/endhomelessness.org\/es\/conferencias\/#breadcrumb\"},\"inLanguage\":\"es\",\"potentialAction\":[{\"@type\":\"ReadAction\",\"target\":[\"https:\/\/endhomelessness.org\/es\/conferencias\/\"]}]},{\"@type\":\"ImageObject\",\"inLanguage\":\"es\",\"@id\":\"https:\/\/endhomelessness.org\/es\/conferencias\/#primaryimage\",\"url\":\"https:\/\/endhomelessness.org\/wp-content\/uploads\/2014\/01\/Frame-222.png\",\"contentUrl\":\"https:\/\/endhomelessness.org\/wp-content\/uploads\/2014\/01\/Frame-222.png\",\"width\":1068,\"height\":684},{\"@type\":\"BreadcrumbList\",\"@id\":\"https:\/\/endhomelessness.org\/es\/conferencias\/#breadcrumb\",\"itemListElement\":[{\"@type\":\"ListItem\",\"position\":1,\"name\":\"Inicio\",\"item\":\"https:\/\/endhomelessness.org\/es\/home-page-2-2-2\/\"},{\"@type\":\"ListItem\",\"position\":2,\"name\":\"Conferencias\"}]},{\"@type\":\"WebSite\",\"@id\":\"https:\/\/endhomelessness.org\/es\/#website\",\"url\":\"https:\/\/endhomelessness.org\/es\/\",\"name\":\"National Alliance to End Homelessness\",\"description\":\"Organizaci\u00f3n no partidista para prevenir y erradicar la falta de vivienda en EE.UU.\",\"publisher\":{\"@id\":\"https:\/\/endhomelessness.org\/es\/#organization\"},\"potentialAction\":[{\"@type\":\"SearchAction\",\"target\":{\"@type\":\"EntryPoint\",\"urlTemplate\":\"https:\/\/endhomelessness.org\/es\/?s={search_term_string}\"},\"query-input\":{\"@type\":\"PropertyValueSpecification\",\"valueRequired\":true,\"valueName\":\"search_term_string\"}}],\"inLanguage\":\"es\"},{\"@type\":\"Organization\",\"@id\":\"https:\/\/endhomelessness.org\/es\/#organization\",\"name\":\"Alianza Nacional para Erradicar la Falta de Vivienda\",\"url\":\"https:\/\/endhomelessness.org\/es\/\",\"logo\":{\"@type\":\"ImageObject\",\"inLanguage\":\"es\",\"@id\":\"https:\/\/endhomelessness.org\/es\/#\/schema\/logo\/image\/\",\"url\":\"https:\/\/endhomelessness.org\/wp-content\/uploads\/2024\/09\/logo-2.webp\",\"contentUrl\":\"https:\/\/endhomelessness.org\/wp-content\/uploads\/2024\/09\/logo-2.webp\",\"width\":687,\"height\":361,\"caption\":\"Alianza Nacional para Erradicar la Falta de Vivienda\"},\"image\":{\"@id\":\"https:\/\/endhomelessness.org\/es\/#\/schema\/logo\/image\/\"},\"sameAs\":[\"https:\/\/www.facebook.com\/naehomelessness\/\",\"https:\/\/www.youtube.com\/@EndingHomelessness\",\"https:\/\/www.linkedin.com\/company\/national-alliance-to-end-homelessness\/\",\"https:\/\/instagram.com\/naeh_endhomelessness\"]}]}<\/script>\n<!-- \/ Yoast SEO Premium plugin. -->","yoast_head_json":{"title":"Conferencias - Alianza Nacional para Erradicar la Falta de Vivienda","description":"The National Alliance to End Homelessness is a nonpartisan, nonprofit organization committed to preventing and ending homelessness in the United States.","robots":{"index":"index","follow":"follow","max-snippet":"max-snippet:-1","max-image-preview":"max-image-preview:large","max-video-preview":"max-video-preview:-1"},"canonical":"https:\/\/endhomelessness.org\/es\/conferencias\/","og_locale":"es_ES","og_type":"article","og_title":"Conferencias","og_description":"The National Alliance to End Homelessness is a nonpartisan, nonprofit organization committed to preventing and ending homelessness in the United States.","og_url":"https:\/\/endhomelessness.org\/es\/conferencias\/","og_site_name":"Alianza Nacional para Erradicar la Falta de Vivienda","article_publisher":"https:\/\/www.facebook.com\/naehomelessness\/","article_modified_time":"2026-04-11T15:05:48+00:00","og_image":[{"width":1068,"height":684,"url":"https:\/\/endhomelessness.org\/wp-content\/uploads\/2014\/01\/Frame-222.png","type":"image\/png"}],"twitter_card":"summary_large_image","twitter_misc":{"Tiempo de lectura":"1 minuto"},"schema":{"@context":"https:\/\/schema.org","@graph":[{"@type":"WebPage","@id":"https:\/\/endhomelessness.org\/es\/conferencias\/","url":"https:\/\/endhomelessness.org\/es\/conferencias\/","name":"Conferencias - Alianza Nacional para Erradicar la Falta de Vivienda","isPartOf":{"@id":"https:\/\/endhomelessness.org\/es\/#website"},"primaryImageOfPage":{"@id":"https:\/\/endhomelessness.org\/es\/conferencias\/#primaryimage"},"image":{"@id":"https:\/\/endhomelessness.org\/es\/conferencias\/#primaryimage"},"thumbnailUrl":"https:\/\/endhomelessness.org\/wp-content\/uploads\/2014\/01\/Frame-222.png","datePublished":"2024-09-02T07:31:48+00:00","dateModified":"2026-04-11T15:05:48+00:00","description":"The National Alliance to End Homelessness is a nonpartisan, nonprofit organization committed to preventing and ending homelessness in the United States.","breadcrumb":{"@id":"https:\/\/endhomelessness.org\/es\/conferencias\/#breadcrumb"},"inLanguage":"es","potentialAction":[{"@type":"ReadAction","target":["https:\/\/endhomelessness.org\/es\/conferencias\/"]}]},{"@type":"ImageObject","inLanguage":"es","@id":"https:\/\/endhomelessness.org\/es\/conferencias\/#primaryimage","url":"https:\/\/endhomelessness.org\/wp-content\/uploads\/2014\/01\/Frame-222.png","contentUrl":"https:\/\/endhomelessness.org\/wp-content\/uploads\/2014\/01\/Frame-222.png","width":1068,"height":684},{"@type":"BreadcrumbList","@id":"https:\/\/endhomelessness.org\/es\/conferencias\/#breadcrumb","itemListElement":[{"@type":"ListItem","position":1,"name":"Inicio","item":"https:\/\/endhomelessness.org\/es\/home-page-2-2-2\/"},{"@type":"ListItem","position":2,"name":"Conferencias"}]},{"@type":"WebSite","@id":"https:\/\/endhomelessness.org\/es\/#website","url":"https:\/\/endhomelessness.org\/es\/","name":"National Alliance to End Homelessness","description":"Organizaci\u00f3n no partidista para prevenir y erradicar la falta de vivienda en EE.UU.","publisher":{"@id":"https:\/\/endhomelessness.org\/es\/#organization"},"potentialAction":[{"@type":"SearchAction","target":{"@type":"EntryPoint","urlTemplate":"https:\/\/endhomelessness.org\/es\/?s={search_term_string}"},"query-input":{"@type":"PropertyValueSpecification","valueRequired":true,"valueName":"search_term_string"}}],"inLanguage":"es"},{"@type":"Organization","@id":"https:\/\/endhomelessness.org\/es\/#organization","name":"Alianza Nacional para Erradicar la Falta de Vivienda","url":"https:\/\/endhomelessness.org\/es\/","logo":{"@type":"ImageObject","inLanguage":"es","@id":"https:\/\/endhomelessness.org\/es\/#\/schema\/logo\/image\/","url":"https:\/\/endhomelessness.org\/wp-content\/uploads\/2024\/09\/logo-2.webp","contentUrl":"https:\/\/endhomelessness.org\/wp-content\/uploads\/2024\/09\/logo-2.webp","width":687,"height":361,"caption":"Alianza Nacional para Erradicar la Falta de Vivienda"},"image":{"@id":"https:\/\/endhomelessness.org\/es\/#\/schema\/logo\/image\/"},"sameAs":["https:\/\/www.facebook.com\/naehomelessness\/","https:\/\/www.youtube.com\/@EndingHomelessness","https:\/\/www.linkedin.com\/company\/national-alliance-to-end-homelessness\/","https:\/\/instagram.com\/naeh_endhomelessness"]}]}},"_links":{"self":[{"href":"https:\/\/endhomelessness.org\/es\/wp-json\/wp\/v2\/pages\/17517","targetHints":{"allow":["GET"]}}],"collection":[{"href":"https:\/\/endhomelessness.org\/es\/wp-json\/wp\/v2\/pages"}],"about":[{"href":"https:\/\/endhomelessness.org\/es\/wp-json\/wp\/v2\/types\/page"}],"author":[{"embeddable":true,"href":"https:\/\/endhomelessness.org\/es\/wp-json\/wp\/v2\/users\/1"}],"replies":[{"embeddable":true,"href":"https:\/\/endhomelessness.org\/es\/wp-json\/wp\/v2\/comments?post=17517"}],"version-history":[{"count":5,"href":"https:\/\/endhomelessness.org\/es\/wp-json\/wp\/v2\/pages\/17517\/revisions"}],"predecessor-version":[{"id":26088,"href":"https:\/\/endhomelessness.org\/es\/wp-json\/wp\/v2\/pages\/17517\/revisions\/26088"}],"wp:featuredmedia":[{"embeddable":true,"href":"https:\/\/endhomelessness.org\/es\/wp-json\/wp\/v2\/media\/14222"}],"wp:attachment":[{"href":"https:\/\/endhomelessness.org\/es\/wp-json\/wp\/v2\/media?parent=17517"}],"curies":[{"name":"wp","href":"https:\/\/api.w.org\/{rel}","templated":true}]}}