{"id":17537,"date":"2024-09-02T04:36:57","date_gmt":"2024-09-02T08:36:57","guid":{"rendered":"https:\/\/endhomelessness.org\/en-honor-o-en-memoria\/"},"modified":"2025-04-04T12:43:31","modified_gmt":"2025-04-04T16:43:31","slug":"en-honor-o-en-memoria","status":"publish","type":"page","link":"https:\/\/endhomelessness.org\/es\/en-honor-o-en-memoria\/","title":{"rendered":"En honor o en memoria"},"content":{"rendered":"\n<section class=\"e-stn e-stn-8055c4147ded438074a86ff975087602adb313cd e-stn--simple-banner\"><style><\/style><div class=\"container\">\n<div class=\"wp-block-b3rg-row e-row row e-row--title-with-description\">\n<div class=\"wp-block-b3rg-column e-col e-col-3fd29a26ff70780ecd7ff03db8f4638045c8c9d8  col-sm-12\"><h1 class=\"wp-block-post-title\">En honor o en memoria<\/h1><\/div>\n<\/div>\n<\/div><\/section>\n\n<section class=\"e-stn e-stn-db6054103188b9b611b1cbfdc556d0f3316dab29 e-stn--text-content-type-2\"><div class=\"container\">\n<div class=\"wp-block-b3rg-row e-row row\">\n<div class=\"wp-block-b3rg-column e-col e-col-3fd29a26ff70780ecd7ff03db8f4638045c8c9d8  col-sm-12\">\n<div class=\"e-div e-div-e5334e9998c4f20ab89d448d47494c2e9eccbf08 e-div--content\">\n<p>\u00bfNo est\u00e1 seguro de qu\u00e9 ofrecer para una celebraci\u00f3n especial o festiva? \u00bfDesea honrar a alguien que ha fallecido? Cuando realiza una donaci\u00f3n a la Alianza en honor o en memoria de alguien, otorga un obsequio singular que contribuye a erradicar la situaci\u00f3n de carencia de hogar. Puede efectuar su donaci\u00f3n en l\u00ednea o mediante la impresi\u00f3n y cumplimentaci\u00f3n de nuestro <a href=\"https:\/\/endhomelessness.org\/wp-content\/uploads\/2025\/03\/Planned-Giving-Letter-of-Intent.doc\" target=\"_blank\" rel=\"noreferrer noopener\">formulario de donaci\u00f3n<\/a>.   <\/p>\n\n\n\n<div class=\"e-div e-div-c668ba8093fc56a96b34dbfb1aa5b2a276bb674a e-div--button-wrapper\"><div class=\"e-btn e-btn--yellow\"><a class=\"e-btn__link\"href=\"https:\/\/help.endhomelessness.org\/donate\/\" target=\"_self\">\n<p class=\"title\">Efect\u00fae una donaci\u00f3n ahora<\/p>\n<\/a><\/div><\/div>\n<\/div>\n<\/div>\n<\/div>\n<\/div><\/section>\n","protected":false},"excerpt":{"rendered":"","protected":false},"author":1,"featured_media":14222,"parent":17997,"menu_order":0,"comment_status":"closed","ping_status":"closed","template":"","meta":{"_acf_changed":false,"show_custom_date":false,"custom_date":"","featured":false,"featured_image":0,"learn_more_label":"","image_alt_text":"","learn_more_type":"","show_popup":false,"learn_more_link_file":0,"event_date":false,"event_start_date":"","event_end_date":"","place_holder_image_url":"","post_reading_time":"< 1","notification_enabled":false,"notification_text":"","notification_logo":"","notification_expiration_time":0,"is_enable_transparent_header":false,"hide_from_list_view":false,"selected_taxonomy_terms":{"translation_priority":[66]},"selected_primary_terms":[],"learn_more_link":[],"featured_page_list":[],"notification_enabled_post_list":[],"_relevanssi_hide_post":"","_relevanssi_hide_content":"","_relevanssi_pin_for_all":"","_relevanssi_pin_keywords":"","_relevanssi_unpin_keywords":"","_relevanssi_related_keywords":"","_relevanssi_related_include_ids":"","_relevanssi_related_exclude_ids":"","_relevanssi_related_no_append":"","_relevanssi_related_not_related":"","_relevanssi_related_posts":"","_relevanssi_noindex_reason":"","inline_featured_image":false,"news_publication":"","footnotes":""},"class_list":["post-17537","page","type-page","status-publish","has-post-thumbnail","hentry"],"acf":[],"yoast_head":"<!-- This site is optimized with the Yoast SEO Premium plugin v24.7 (Yoast SEO v27.2) - https:\/\/yoast.com\/product\/yoast-seo-premium-wordpress\/ -->\n<title>En honor o en memoria - Alianza Nacional para Erradicar la Falta de Vivienda<\/title>\n<meta name=\"description\" content=\"The National Alliance to End Homelessness is a nonpartisan, nonprofit organization committed to preventing and ending homelessness in the United States.\" \/>\n<meta name=\"robots\" content=\"index, follow, max-snippet:-1, max-image-preview:large, max-video-preview:-1\" \/>\n<link rel=\"canonical\" href=\"https:\/\/endhomelessness.org\/es\/en-honor-o-en-memoria\/\" \/>\n<meta property=\"og:locale\" content=\"es_ES\" \/>\n<meta property=\"og:type\" content=\"article\" \/>\n<meta property=\"og:title\" content=\"En honor o en memoria\" \/>\n<meta property=\"og:description\" content=\"The National Alliance to End Homelessness is a nonpartisan, nonprofit organization committed to preventing and ending homelessness in the United States.\" \/>\n<meta property=\"og:url\" content=\"https:\/\/endhomelessness.org\/es\/en-honor-o-en-memoria\/\" \/>\n<meta property=\"og:site_name\" content=\"Alianza Nacional para Erradicar la Falta de Vivienda\" \/>\n<meta property=\"article:publisher\" content=\"https:\/\/www.facebook.com\/naehomelessness\/\" \/>\n<meta property=\"article:modified_time\" content=\"2025-04-04T16:43:31+00:00\" \/>\n<meta property=\"og:image\" content=\"https:\/\/endhomelessness.org\/wp-content\/uploads\/2014\/01\/Frame-222.png\" \/>\n\t<meta property=\"og:image:width\" content=\"1068\" \/>\n\t<meta property=\"og:image:height\" content=\"684\" \/>\n\t<meta property=\"og:image:type\" content=\"image\/png\" \/>\n<meta name=\"twitter:card\" content=\"summary_large_image\" \/>\n<script type=\"application\/ld+json\" class=\"yoast-schema-graph\">{\"@context\":\"https:\/\/schema.org\",\"@graph\":[{\"@type\":\"WebPage\",\"@id\":\"https:\/\/endhomelessness.org\/es\/en-honor-o-en-memoria\/\",\"url\":\"https:\/\/endhomelessness.org\/es\/en-honor-o-en-memoria\/\",\"name\":\"En honor o en memoria - Alianza Nacional para Erradicar la Falta de Vivienda\",\"isPartOf\":{\"@id\":\"https:\/\/endhomelessness.org\/es\/#website\"},\"primaryImageOfPage\":{\"@id\":\"https:\/\/endhomelessness.org\/es\/en-honor-o-en-memoria\/#primaryimage\"},\"image\":{\"@id\":\"https:\/\/endhomelessness.org\/es\/en-honor-o-en-memoria\/#primaryimage\"},\"thumbnailUrl\":\"https:\/\/endhomelessness.org\/wp-content\/uploads\/2014\/01\/Frame-222.png\",\"datePublished\":\"2024-09-02T08:36:57+00:00\",\"dateModified\":\"2025-04-04T16:43:31+00:00\",\"description\":\"The National Alliance to End Homelessness is a nonpartisan, nonprofit organization committed to preventing and ending homelessness in the United States.\",\"breadcrumb\":{\"@id\":\"https:\/\/endhomelessness.org\/es\/en-honor-o-en-memoria\/#breadcrumb\"},\"inLanguage\":\"es\",\"potentialAction\":[{\"@type\":\"ReadAction\",\"target\":[\"https:\/\/endhomelessness.org\/es\/en-honor-o-en-memoria\/\"]}]},{\"@type\":\"ImageObject\",\"inLanguage\":\"es\",\"@id\":\"https:\/\/endhomelessness.org\/es\/en-honor-o-en-memoria\/#primaryimage\",\"url\":\"https:\/\/endhomelessness.org\/wp-content\/uploads\/2014\/01\/Frame-222.png\",\"contentUrl\":\"https:\/\/endhomelessness.org\/wp-content\/uploads\/2014\/01\/Frame-222.png\",\"width\":1068,\"height\":684},{\"@type\":\"BreadcrumbList\",\"@id\":\"https:\/\/endhomelessness.org\/es\/en-honor-o-en-memoria\/#breadcrumb\",\"itemListElement\":[{\"@type\":\"ListItem\",\"position\":1,\"name\":\"Inicio\",\"item\":\"https:\/\/endhomelessness.org\/es\/home-page-2-2-2\/\"},{\"@type\":\"ListItem\",\"position\":2,\"name\":\"Otras formas de donar\",\"item\":\"https:\/\/endhomelessness.org\/es\/otras-formas-de-donar\/\"},{\"@type\":\"ListItem\",\"position\":3,\"name\":\"En honor o en memoria\"}]},{\"@type\":\"WebSite\",\"@id\":\"https:\/\/endhomelessness.org\/es\/#website\",\"url\":\"https:\/\/endhomelessness.org\/es\/\",\"name\":\"National Alliance to End Homelessness\",\"description\":\"Organizaci\u00f3n no partidista para prevenir y erradicar la falta de vivienda en EE.UU.\",\"publisher\":{\"@id\":\"https:\/\/endhomelessness.org\/es\/#organization\"},\"potentialAction\":[{\"@type\":\"SearchAction\",\"target\":{\"@type\":\"EntryPoint\",\"urlTemplate\":\"https:\/\/endhomelessness.org\/es\/?s={search_term_string}\"},\"query-input\":{\"@type\":\"PropertyValueSpecification\",\"valueRequired\":true,\"valueName\":\"search_term_string\"}}],\"inLanguage\":\"es\"},{\"@type\":\"Organization\",\"@id\":\"https:\/\/endhomelessness.org\/es\/#organization\",\"name\":\"Alianza Nacional para Erradicar la Falta de Vivienda\",\"url\":\"https:\/\/endhomelessness.org\/es\/\",\"logo\":{\"@type\":\"ImageObject\",\"inLanguage\":\"es\",\"@id\":\"https:\/\/endhomelessness.org\/es\/#\/schema\/logo\/image\/\",\"url\":\"https:\/\/endhomelessness.org\/wp-content\/uploads\/2024\/09\/logo-2.webp\",\"contentUrl\":\"https:\/\/endhomelessness.org\/wp-content\/uploads\/2024\/09\/logo-2.webp\",\"width\":687,\"height\":361,\"caption\":\"Alianza Nacional para Erradicar la Falta de Vivienda\"},\"image\":{\"@id\":\"https:\/\/endhomelessness.org\/es\/#\/schema\/logo\/image\/\"},\"sameAs\":[\"https:\/\/www.facebook.com\/naehomelessness\/\",\"https:\/\/www.youtube.com\/@EndingHomelessness\",\"https:\/\/www.linkedin.com\/company\/national-alliance-to-end-homelessness\/\",\"https:\/\/instagram.com\/naeh_endhomelessness\"]}]}<\/script>\n<!-- \/ Yoast SEO Premium plugin. -->","yoast_head_json":{"title":"En honor o en memoria - Alianza Nacional para Erradicar la Falta de Vivienda","description":"The National Alliance to End Homelessness is a nonpartisan, nonprofit organization committed to preventing and ending homelessness in the United States.","robots":{"index":"index","follow":"follow","max-snippet":"max-snippet:-1","max-image-preview":"max-image-preview:large","max-video-preview":"max-video-preview:-1"},"canonical":"https:\/\/endhomelessness.org\/es\/en-honor-o-en-memoria\/","og_locale":"es_ES","og_type":"article","og_title":"En honor o en memoria","og_description":"The National Alliance to End Homelessness is a nonpartisan, nonprofit organization committed to preventing and ending homelessness in the United States.","og_url":"https:\/\/endhomelessness.org\/es\/en-honor-o-en-memoria\/","og_site_name":"Alianza Nacional para Erradicar la Falta de Vivienda","article_publisher":"https:\/\/www.facebook.com\/naehomelessness\/","article_modified_time":"2025-04-04T16:43:31+00:00","og_image":[{"width":1068,"height":684,"url":"https:\/\/endhomelessness.org\/wp-content\/uploads\/2014\/01\/Frame-222.png","type":"image\/png"}],"twitter_card":"summary_large_image","schema":{"@context":"https:\/\/schema.org","@graph":[{"@type":"WebPage","@id":"https:\/\/endhomelessness.org\/es\/en-honor-o-en-memoria\/","url":"https:\/\/endhomelessness.org\/es\/en-honor-o-en-memoria\/","name":"En honor o en memoria - Alianza Nacional para Erradicar la Falta de Vivienda","isPartOf":{"@id":"https:\/\/endhomelessness.org\/es\/#website"},"primaryImageOfPage":{"@id":"https:\/\/endhomelessness.org\/es\/en-honor-o-en-memoria\/#primaryimage"},"image":{"@id":"https:\/\/endhomelessness.org\/es\/en-honor-o-en-memoria\/#primaryimage"},"thumbnailUrl":"https:\/\/endhomelessness.org\/wp-content\/uploads\/2014\/01\/Frame-222.png","datePublished":"2024-09-02T08:36:57+00:00","dateModified":"2025-04-04T16:43:31+00:00","description":"The National Alliance to End Homelessness is a nonpartisan, nonprofit organization committed to preventing and ending homelessness in the United States.","breadcrumb":{"@id":"https:\/\/endhomelessness.org\/es\/en-honor-o-en-memoria\/#breadcrumb"},"inLanguage":"es","potentialAction":[{"@type":"ReadAction","target":["https:\/\/endhomelessness.org\/es\/en-honor-o-en-memoria\/"]}]},{"@type":"ImageObject","inLanguage":"es","@id":"https:\/\/endhomelessness.org\/es\/en-honor-o-en-memoria\/#primaryimage","url":"https:\/\/endhomelessness.org\/wp-content\/uploads\/2014\/01\/Frame-222.png","contentUrl":"https:\/\/endhomelessness.org\/wp-content\/uploads\/2014\/01\/Frame-222.png","width":1068,"height":684},{"@type":"BreadcrumbList","@id":"https:\/\/endhomelessness.org\/es\/en-honor-o-en-memoria\/#breadcrumb","itemListElement":[{"@type":"ListItem","position":1,"name":"Inicio","item":"https:\/\/endhomelessness.org\/es\/home-page-2-2-2\/"},{"@type":"ListItem","position":2,"name":"Otras formas de donar","item":"https:\/\/endhomelessness.org\/es\/otras-formas-de-donar\/"},{"@type":"ListItem","position":3,"name":"En honor o en memoria"}]},{"@type":"WebSite","@id":"https:\/\/endhomelessness.org\/es\/#website","url":"https:\/\/endhomelessness.org\/es\/","name":"National Alliance to End Homelessness","description":"Organizaci\u00f3n no partidista para prevenir y erradicar la falta de vivienda en EE.UU.","publisher":{"@id":"https:\/\/endhomelessness.org\/es\/#organization"},"potentialAction":[{"@type":"SearchAction","target":{"@type":"EntryPoint","urlTemplate":"https:\/\/endhomelessness.org\/es\/?s={search_term_string}"},"query-input":{"@type":"PropertyValueSpecification","valueRequired":true,"valueName":"search_term_string"}}],"inLanguage":"es"},{"@type":"Organization","@id":"https:\/\/endhomelessness.org\/es\/#organization","name":"Alianza Nacional para Erradicar la Falta de Vivienda","url":"https:\/\/endhomelessness.org\/es\/","logo":{"@type":"ImageObject","inLanguage":"es","@id":"https:\/\/endhomelessness.org\/es\/#\/schema\/logo\/image\/","url":"https:\/\/endhomelessness.org\/wp-content\/uploads\/2024\/09\/logo-2.webp","contentUrl":"https:\/\/endhomelessness.org\/wp-content\/uploads\/2024\/09\/logo-2.webp","width":687,"height":361,"caption":"Alianza Nacional para Erradicar la Falta de Vivienda"},"image":{"@id":"https:\/\/endhomelessness.org\/es\/#\/schema\/logo\/image\/"},"sameAs":["https:\/\/www.facebook.com\/naehomelessness\/","https:\/\/www.youtube.com\/@EndingHomelessness","https:\/\/www.linkedin.com\/company\/national-alliance-to-end-homelessness\/","https:\/\/instagram.com\/naeh_endhomelessness"]}]}},"_links":{"self":[{"href":"https:\/\/endhomelessness.org\/es\/wp-json\/wp\/v2\/pages\/17537","targetHints":{"allow":["GET"]}}],"collection":[{"href":"https:\/\/endhomelessness.org\/es\/wp-json\/wp\/v2\/pages"}],"about":[{"href":"https:\/\/endhomelessness.org\/es\/wp-json\/wp\/v2\/types\/page"}],"author":[{"embeddable":true,"href":"https:\/\/endhomelessness.org\/es\/wp-json\/wp\/v2\/users\/1"}],"replies":[{"embeddable":true,"href":"https:\/\/endhomelessness.org\/es\/wp-json\/wp\/v2\/comments?post=17537"}],"version-history":[{"count":0,"href":"https:\/\/endhomelessness.org\/es\/wp-json\/wp\/v2\/pages\/17537\/revisions"}],"up":[{"embeddable":true,"href":"https:\/\/endhomelessness.org\/es\/wp-json\/wp\/v2\/pages\/17997"}],"wp:featuredmedia":[{"embeddable":true,"href":"https:\/\/endhomelessness.org\/es\/wp-json\/wp\/v2\/media\/14222"}],"wp:attachment":[{"href":"https:\/\/endhomelessness.org\/es\/wp-json\/wp\/v2\/media?parent=17537"}],"curies":[{"name":"wp","href":"https:\/\/api.w.org\/{rel}","templated":true}]}}