{"id":17968,"date":"2018-07-20T08:52:00","date_gmt":"2018-07-20T12:52:00","guid":{"rendered":"https:\/\/endhomelessness.org\/financiamiento-federal-para-programas-de-lucha-contra-la-falta-de-vivienda\/"},"modified":"2025-06-03T15:30:57","modified_gmt":"2025-06-03T19:30:57","slug":"financiamiento-federal-para-programas-de-lucha-contra-la-falta-de-vivienda","status":"publish","type":"page","link":"https:\/\/endhomelessness.org\/es\/financiamiento-federal-para-programas-de-lucha-contra-la-falta-de-vivienda\/","title":{"rendered":"Financiamiento federal para programas de lucha contra la falta de vivienda"},"content":{"rendered":"\n<section class=\"e-stn e-stn-061e6d8081a0227068eab05e29778cd5a3546e60 e-stn--banner-with-links\"><div class=\"e-bic\"><picture><img decoding=\"async\" src=\"https:\/\/endhomelessness.org\/wp-content\/uploads\/2025\/03\/People-Image-Selector_Banner-scaled.webp\" alt=\"\"\/><\/picture><\/div><div class=\"container\">\n<div class=\"wp-block-b3rg-row e-row row\">\n<div class=\"wp-block-b3rg-column e-col e-col-ace831841ae6ba6894718dbe446538456bed6c8a  col-sm-12\">\n<h1 class=\"wp-block-heading\" id=\"h-federal-funding-the-lifeline-for-homelessness-programs\">Financiamiento federal: El sustento vital para los programas de lucha contra la falta de vivienda<\/h1>\n\n\n\n<p>Para erradicar la falta de vivienda, necesitamos recursos, especialmente financiamiento federal que apoye directamente la vivienda y los servicios para las personas que experimentan la falta de hogar. Estos programas federales, como las Subvenciones de Asistencia para Personas sin Hogar McKinney-Vento del HUD y el programa de Asistencia de Alquiler Basada en el Inquilino, proporcionan apoyo cr\u00edtico en comunidades de todo el pa\u00eds. <\/p>\n\n\n\n<div class=\"e-div e-div-65f5e5bf528750e5b3412b3ede042a6aa6b05aeb e-div--button-wrapper\"><div class=\"e-btn e-btn--white\"><a class=\"e-btn__link\"href=\"https:\/\/endhomelessness.org\/increase-federal-funding-for-homelessness-programs\/fy2026-resource-series\/\" target=\"_self\">\n<p class=\"title\">Inf\u00f3rmese sobre el presupuesto federal del a\u00f1o fiscal 2026<\/p>\n<\/a><\/div><\/div>\n<\/div>\n<\/div>\n<\/div><\/section>\n\n<section class=\"e-stn e-stn-439959c06309069ee891da3ab7f925e3eedb2797 e-stn--left-right-content e-mt-0 e-pt-120  e-pt-sm-60 e-mb-0 e-pb-60  e-pb-sm-60\"><div class=\"container\">\n<div class=\"wp-block-b3rg-row e-row row\">\n<div class=\"wp-block-b3rg-column e-col e-col-ace831841ae6ba6894718dbe446538456bed6c8a  col-sm-12\">\n<div class=\"e-div e-div-c379965f05bda87ed814d21bb843f703f01609de e-div--left-right-block\"><div class=\"e-img \">\n<figure class=\"wp-block-image size-full\"><img loading=\"lazy\" decoding=\"async\" width=\"1270\" height=\"800\" src=\"https:\/\/endhomelessness.org\/wp-content\/uploads\/2025\/03\/People-Image-Selector-02.webp\" alt=\"\" class=\"wp-image-15960\" srcset=\"https:\/\/endhomelessness.org\/wp-content\/uploads\/2025\/03\/People-Image-Selector-02.webp 1270w, https:\/\/endhomelessness.org\/wp-content\/uploads\/2025\/03\/People-Image-Selector-02-300x189.webp 300w, https:\/\/endhomelessness.org\/wp-content\/uploads\/2025\/03\/People-Image-Selector-02-1024x645.webp 1024w, https:\/\/endhomelessness.org\/wp-content\/uploads\/2025\/03\/People-Image-Selector-02-768x484.webp 768w, https:\/\/endhomelessness.org\/wp-content\/uploads\/2025\/03\/People-Image-Selector-02-575x362.webp 575w\" sizes=\"auto, (max-width: 1270px) 100vw, 1270px\" \/><\/figure>\n<\/div>\n\n\n<div class=\"e-div e-div-6c39369438dfafe73f9e28d8166a12fda980fa64 e-div--content-wrapper\">\n<h2 class=\"wp-block-heading has-text-color has-link-color wp-elements-d5fc4210d656aa2c065ea50b4d2600f5\" id=\"h-fully-funding-federal-homelessness-programs\" style=\"color:#010e1e\">Financiamiento completo de los programas federales para personas sin hogar<\/h2>\n\n\n\n<p>El programa de Subvenciones de Asistencia para Personas sin Hogar del HUD es la columna vertebral de la respuesta del gobierno federal a la falta de vivienda. Apoya una red nacional de proveedores de asistencia para personas sin hogar estatales, locales, caritativos y basados en la fe, incluidos aquellos que atienden a j\u00f3venes y sobrevivientes de violencia dom\u00e9stica, quienes se aseguran de que las personas que se quedan sin hogar sean identificadas, mantenidas seguras y r\u00e1pidamente reubicadas en una vivienda. Estas subvenciones salvan vidas, pero no est\u00e1n financiadas para atender al creciente n\u00famero de personas que necesitan ayuda.  <\/p>\n\n\n\n<div class=\"e-div e-div-d45bc79d9bc72f19931d078037c8de1a8f6d3b99 e-div--button-wrapper\"><div class=\"e-btn e-btn--link\"><a class=\"e-btn__link\"href=\"https:\/\/endhomelessness.org\/wp-content\/uploads\/2025\/05\/FY26-Homeless-Assistance-Grants-How-Congress-Can-Help-Solve-Homelessness.pdf\" target=\"_self\">\n<p class=\"title\">Leer M\u00e1s<\/p>\n<\/a><\/div><\/div>\n<\/div>\n<\/div>\n<\/div>\n<\/div>\n\n\n\n<div class=\"wp-block-b3rg-row e-row row\">\n<div class=\"wp-block-b3rg-column e-col e-col-ace831841ae6ba6894718dbe446538456bed6c8a  col-sm-12\">\n<div class=\"e-div e-div-c379965f05bda87ed814d21bb843f703f01609de e-div--left-right-block\"><div class=\"e-img \">\n<figure class=\"wp-block-image size-full\"><img loading=\"lazy\" decoding=\"async\" width=\"1270\" height=\"800\" src=\"https:\/\/endhomelessness.org\/wp-content\/uploads\/2025\/03\/People-Image-Selector-03.webp\" alt=\"\" class=\"wp-image-15962\" srcset=\"https:\/\/endhomelessness.org\/wp-content\/uploads\/2025\/03\/People-Image-Selector-03.webp 1270w, https:\/\/endhomelessness.org\/wp-content\/uploads\/2025\/03\/People-Image-Selector-03-300x189.webp 300w, https:\/\/endhomelessness.org\/wp-content\/uploads\/2025\/03\/People-Image-Selector-03-1024x645.webp 1024w, https:\/\/endhomelessness.org\/wp-content\/uploads\/2025\/03\/People-Image-Selector-03-768x484.webp 768w, https:\/\/endhomelessness.org\/wp-content\/uploads\/2025\/03\/People-Image-Selector-03-575x362.webp 575w\" sizes=\"auto, (max-width: 1270px) 100vw, 1270px\" \/><\/figure>\n<\/div>\n\n\n<div class=\"e-div e-div-6c39369438dfafe73f9e28d8166a12fda980fa64 e-div--content-wrapper\">\n<h2 class=\"wp-block-heading has-text-color has-link-color wp-elements-be7e58f86577087b199ce4e4ede0f257\" id=\"h-providing-rental-assistance-for-tenants\" style=\"color:#010e1e\">Proporcionando asistencia de alquiler para inquilinos<\/h2>\n\n\n\n<p class=\"has-silver-color has-text-color has-link-color wp-elements-c069527a32887407e662d4d04b45c167\">El programa de Asistencia de Alquiler Basada en el Inquilino del HUD proporciona un apoyo crucial para la vivienda para que los hogares con bajos ingresos puedan mantener una vivienda decente, segura y asequible en el mercado privado. Este programa incluye los Vales de Elecci\u00f3n de Vivienda, programas de vivienda para veteranos y otros vales basados en el inquilino. Los vales proporcionados a trav\u00e9s de esta cuenta tienen un historial probado de reducci\u00f3n de la falta de vivienda y la pobreza habitacional. Sin embargo, debido al aumento de los alquileres, el programa requiere financiamiento adicional cada a\u00f1o solo para mantener el n\u00famero de hogares atendidos.   <\/p>\n\n\n\n<div class=\"e-div e-div-d45bc79d9bc72f19931d078037c8de1a8f6d3b99 e-div--button-wrapper\"><div class=\"e-btn e-btn--link\"><a class=\"e-btn__link\"href=\"https:\/\/endhomelessness.org\/wp-content\/uploads\/2025\/05\/FY26-TBRA-A-Proven-Track-Record-of-Reducing-Homelessness.pdf\" target=\"_self\">\n<p class=\"title\">Leer M\u00e1s<\/p>\n<\/a><\/div><\/div>\n<\/div>\n<\/div>\n<\/div>\n<\/div>\n<\/div><\/section>\n\n<section class=\"e-stn e-stn-fecd9f248d71f1b43eea1791ae2aa16e613ea50d e-stn--subscription-form\"><div class=\"container\">\n<div class=\"wp-block-b3rg-row e-row row\">\n<div class=\"wp-block-b3rg-column e-col e-col-5e53f80929c6668a38540fba03c97241dc5f6888 e-col--left  col-sm-12 col-lg-6\">\n<h2 class=\"wp-block-heading has-pure-white-color has-text-color has-link-color wp-elements-cec0e497456012f6e859233bfca8aaa4\"><strong>Mant\u00e9ngase informado: Soluciones, historias y formas de generar impacto<\/strong><\/h2>\n\n\n\n<p>Reg\u00edstrese para recibir actualizaciones sobre el trabajo de la Alianza, incluyendo las \u00faltimas investigaciones, esfuerzos de promoci\u00f3n e historias reales de progreso \u2014 adem\u00e1s de formas en las que puede ayudar a impulsar un cambio duradero.<\/p>\n<\/div>\n\n\n\n<div class=\"wp-block-b3rg-column e-col e-col-117d0cb7e6b4934330c33fb3a4c7ee0ab7e9abd4 e-col--right e-col--email-cta-form-wrpr  col-sm-12 col-lg-6\">\n<div id=\"mc_embed_shell\">\n      <link href=\"\/\/cdn-images.mailchimp.com\/embedcode\/classic-061523.css\" rel=\"stylesheet\" type=\"text\/css\"\/>\n  <style type=\"text\/css\">\n        #mc_embed_signup{background:#fff; false;clear:left; font:14px Helvetica,Arial,sans-serif; width: 600px;}\n        \/* Add your own Mailchimp form style overrides in your site stylesheet or in this style block.\n           We recommend moving this block and the preceding CSS link to the HEAD of your HTML file. *\/\n<\/style>\n<div id=\"mc_embed_signup\">\n    <form action=\"https:\/\/endhomelessness.us9.list-manage.com\/subscribe\/post?u=466b34a51377a9504fb2ebd8f&#038;id=1cf64328bb&#038;f_id=00f7f2e0f0\" method=\"post\" id=\"mc-embedded-subscribe-form\" name=\"mc-embedded-subscribe-form\" class=\"validate\" target=\"_blank\">\n        <div id=\"mc_embed_signup_scroll\">\n            <div class=\"indicates-required\"><span class=\"asterisk\">*<\/span> indica campo obligatorio<\/div>\n            <div class=\"mc-field-group\"><label for=\"mce-EMAIL\">Direcci\u00f3n de correo electr\u00f3nico <span class=\"asterisk\">*<\/span><\/label><input type=\"email\" name=\"EMAIL\" class=\"required email\" id=\"mce-EMAIL\" required=\"\" value=\"\"\/><\/div><div class=\"mc-field-group input-group\"><strong>\u00bfC\u00f3mo deber\u00edamos comunicarnos con usted? <\/strong><ul><li><input type=\"checkbox\" name=\"group[17873][1]\" id=\"mce-group[17873]-17873-0\" value=\"\"\/><label for=\"mce-group[17873]-17873-0\">Deseo recibir semanalmente herramientas, recursos y noticias sobre la falta de vivienda<\/label><\/li><li><input type=\"checkbox\" name=\"group[17873][2]\" id=\"mce-group[17873]-17873-1\" value=\"\"\/><label for=\"mce-group[17873]-17873-1\">Deseo recibir noticias generales y actualizaciones sobre el trabajo de la Alianza<\/label><\/li><\/ul><\/div><div class=\"mc-field-group\"><label for=\"mce-FNAME\">Nombre <\/label><input type=\"text\" name=\"FNAME\" class=\" text\" id=\"mce-FNAME\" value=\"\"\/><\/div><div class=\"mc-field-group\"><label for=\"mce-LNAME\">Apellido <\/label><input type=\"text\" name=\"LNAME\" class=\" text\" id=\"mce-LNAME\" value=\"\"\/><\/div>\n<div hidden=\"\"><input type=\"hidden\" name=\"tags\" value=\"12777910\"\/><\/div>\n        <div id=\"mce-responses\" class=\"clear\">\n            <div class=\"response\" id=\"mce-error-response\" style=\"display: none;\"><\/div>\n            <div class=\"response\" id=\"mce-success-response\" style=\"display: none;\"><\/div>\n        <\/div><div aria-hidden=\"true\" style=\"position: absolute; left: -5000px;\"><input type=\"text\" name=\"b_466b34a51377a9504fb2ebd8f_1cf64328bb\" tabindex=\"-1\" value=\"\"\/><\/div><div class=\"clear\"><input type=\"submit\" name=\"subscribe\" id=\"mc-embedded-subscribe\" class=\"button\" value=\"Suscribirse\"\/><\/div>\n    <\/div>\n<\/form>\n<\/div>\n<script type=\"text\/javascript\" src=\"\/\/s3.amazonaws.com\/downloads.mailchimp.com\/js\/mc-validate.js\"><\/script><script type=\"text\/javascript\">(function($) {window.fnames = new Array(); window.ftypes = new Array();fnames[0]='EMAIL';ftypes[0]='email';fnames[1]='FNAME';ftypes[1]='text';fnames[2]='LNAME';ftypes[2]='text';fnames[12]='MMERGE12';ftypes[12]='zip';fnames[4]='MMERGE4';ftypes[4]='text';fnames[7]='CITY';ftypes[7]='text';fnames[8]='STATE';ftypes[8]='text';fnames[11]='MMERGE11';ftypes[11]='text';fnames[13]='MMERGE13';ftypes[13]='text';fnames[3]='MMERGE3';ftypes[3]='text';fnames[5]='MMERGE5';ftypes[5]='text';}(jQuery));var $mcj = jQuery.noConflict(true);<\/script><\/div>\n<\/div>\n<\/div>\n<\/div><\/section>\n","protected":false},"excerpt":{"rendered":"","protected":false},"author":1,"featured_media":14222,"parent":0,"menu_order":0,"comment_status":"closed","ping_status":"closed","template":"","meta":{"_acf_changed":false,"show_custom_date":false,"custom_date":"","featured":false,"featured_image":0,"learn_more_label":"","image_alt_text":"","learn_more_type":"","show_popup":false,"learn_more_link_file":0,"event_date":false,"event_start_date":"","event_end_date":"","place_holder_image_url":"","post_reading_time":"2","notification_enabled":false,"notification_text":"","notification_logo":"","notification_expiration_time":0,"is_enable_transparent_header":false,"hide_from_list_view":false,"selected_taxonomy_terms":{"translation_priority":[66]},"selected_primary_terms":[],"learn_more_link":[],"featured_page_list":[],"notification_enabled_post_list":[],"_relevanssi_hide_post":"","_relevanssi_hide_content":"","_relevanssi_pin_for_all":"","_relevanssi_pin_keywords":"","_relevanssi_unpin_keywords":"","_relevanssi_related_keywords":"","_relevanssi_related_include_ids":"","_relevanssi_related_exclude_ids":"","_relevanssi_related_no_append":"","_relevanssi_related_not_related":"","_relevanssi_related_posts":"","_relevanssi_noindex_reason":"","inline_featured_image":false,"news_publication":"","footnotes":""},"class_list":["post-17968","page","type-page","status-publish","has-post-thumbnail","hentry"],"acf":[],"yoast_head":"<!-- This site is optimized with the Yoast SEO Premium plugin v24.7 (Yoast SEO v27.2) - https:\/\/yoast.com\/product\/yoast-seo-premium-wordpress\/ -->\n<title>Financiamiento federal para programas de lucha contra la falta de vivienda - Alianza Nacional para Erradicar la Falta de Vivienda<\/title>\n<meta name=\"description\" content=\"The National Alliance to End Homelessness is a nonpartisan, nonprofit organization committed to preventing and ending homelessness in the United States.\" \/>\n<meta name=\"robots\" content=\"index, follow, max-snippet:-1, max-image-preview:large, max-video-preview:-1\" \/>\n<link rel=\"canonical\" href=\"https:\/\/endhomelessness.org\/es\/financiamiento-federal-para-programas-de-lucha-contra-la-falta-de-vivienda\/\" \/>\n<meta property=\"og:locale\" content=\"es_ES\" \/>\n<meta property=\"og:type\" content=\"article\" \/>\n<meta property=\"og:title\" content=\"Financiamiento federal para programas de lucha contra la falta de vivienda\" \/>\n<meta property=\"og:description\" content=\"The National Alliance to End Homelessness is a nonpartisan, nonprofit organization committed to preventing and ending homelessness in the United States.\" \/>\n<meta property=\"og:url\" content=\"https:\/\/endhomelessness.org\/es\/financiamiento-federal-para-programas-de-lucha-contra-la-falta-de-vivienda\/\" \/>\n<meta property=\"og:site_name\" content=\"Alianza Nacional para Erradicar la Falta de Vivienda\" \/>\n<meta property=\"article:publisher\" content=\"https:\/\/www.facebook.com\/naehomelessness\/\" \/>\n<meta property=\"article:modified_time\" content=\"2025-06-03T19:30:57+00:00\" \/>\n<meta property=\"og:image\" content=\"https:\/\/endhomelessness.org\/wp-content\/uploads\/2014\/01\/Frame-222.png\" \/>\n\t<meta property=\"og:image:width\" content=\"1068\" \/>\n\t<meta property=\"og:image:height\" content=\"684\" \/>\n\t<meta property=\"og:image:type\" content=\"image\/png\" \/>\n<meta name=\"twitter:card\" content=\"summary_large_image\" \/>\n<meta name=\"twitter:label1\" content=\"Tiempo de lectura\" \/>\n\t<meta name=\"twitter:data1\" content=\"2 minutos\" \/>\n<script type=\"application\/ld+json\" class=\"yoast-schema-graph\">{\"@context\":\"https:\/\/schema.org\",\"@graph\":[{\"@type\":\"WebPage\",\"@id\":\"https:\/\/endhomelessness.org\/es\/financiamiento-federal-para-programas-de-lucha-contra-la-falta-de-vivienda\/\",\"url\":\"https:\/\/endhomelessness.org\/es\/financiamiento-federal-para-programas-de-lucha-contra-la-falta-de-vivienda\/\",\"name\":\"Financiamiento federal para programas de lucha contra la falta de vivienda - Alianza Nacional para Erradicar la Falta de Vivienda\",\"isPartOf\":{\"@id\":\"https:\/\/endhomelessness.org\/es\/#website\"},\"primaryImageOfPage\":{\"@id\":\"https:\/\/endhomelessness.org\/es\/financiamiento-federal-para-programas-de-lucha-contra-la-falta-de-vivienda\/#primaryimage\"},\"image\":{\"@id\":\"https:\/\/endhomelessness.org\/es\/financiamiento-federal-para-programas-de-lucha-contra-la-falta-de-vivienda\/#primaryimage\"},\"thumbnailUrl\":\"https:\/\/endhomelessness.org\/wp-content\/uploads\/2014\/01\/Frame-222.png\",\"datePublished\":\"2018-07-20T12:52:00+00:00\",\"dateModified\":\"2025-06-03T19:30:57+00:00\",\"description\":\"The National Alliance to End Homelessness is a nonpartisan, nonprofit organization committed to preventing and ending homelessness in the United States.\",\"breadcrumb\":{\"@id\":\"https:\/\/endhomelessness.org\/es\/financiamiento-federal-para-programas-de-lucha-contra-la-falta-de-vivienda\/#breadcrumb\"},\"inLanguage\":\"es\",\"potentialAction\":[{\"@type\":\"ReadAction\",\"target\":[\"https:\/\/endhomelessness.org\/es\/financiamiento-federal-para-programas-de-lucha-contra-la-falta-de-vivienda\/\"]}]},{\"@type\":\"ImageObject\",\"inLanguage\":\"es\",\"@id\":\"https:\/\/endhomelessness.org\/es\/financiamiento-federal-para-programas-de-lucha-contra-la-falta-de-vivienda\/#primaryimage\",\"url\":\"https:\/\/endhomelessness.org\/wp-content\/uploads\/2014\/01\/Frame-222.png\",\"contentUrl\":\"https:\/\/endhomelessness.org\/wp-content\/uploads\/2014\/01\/Frame-222.png\",\"width\":1068,\"height\":684,\"caption\":\"National Alliance to End Homelessness logo\"},{\"@type\":\"BreadcrumbList\",\"@id\":\"https:\/\/endhomelessness.org\/es\/financiamiento-federal-para-programas-de-lucha-contra-la-falta-de-vivienda\/#breadcrumb\",\"itemListElement\":[{\"@type\":\"ListItem\",\"position\":1,\"name\":\"Inicio\",\"item\":\"https:\/\/endhomelessness.org\/es\/home-page-2-2-2\/\"},{\"@type\":\"ListItem\",\"position\":2,\"name\":\"Financiamiento federal para programas de lucha contra la falta de vivienda\"}]},{\"@type\":\"WebSite\",\"@id\":\"https:\/\/endhomelessness.org\/es\/#website\",\"url\":\"https:\/\/endhomelessness.org\/es\/\",\"name\":\"National Alliance to End Homelessness\",\"description\":\"Organizaci\u00f3n no partidista para prevenir y erradicar la falta de vivienda en EE.UU.\",\"publisher\":{\"@id\":\"https:\/\/endhomelessness.org\/es\/#organization\"},\"potentialAction\":[{\"@type\":\"SearchAction\",\"target\":{\"@type\":\"EntryPoint\",\"urlTemplate\":\"https:\/\/endhomelessness.org\/es\/?s={search_term_string}\"},\"query-input\":{\"@type\":\"PropertyValueSpecification\",\"valueRequired\":true,\"valueName\":\"search_term_string\"}}],\"inLanguage\":\"es\"},{\"@type\":\"Organization\",\"@id\":\"https:\/\/endhomelessness.org\/es\/#organization\",\"name\":\"Alianza Nacional para Erradicar la Falta de Vivienda\",\"url\":\"https:\/\/endhomelessness.org\/es\/\",\"logo\":{\"@type\":\"ImageObject\",\"inLanguage\":\"es\",\"@id\":\"https:\/\/endhomelessness.org\/es\/#\/schema\/logo\/image\/\",\"url\":\"https:\/\/endhomelessness.org\/wp-content\/uploads\/2024\/09\/logo-2.webp\",\"contentUrl\":\"https:\/\/endhomelessness.org\/wp-content\/uploads\/2024\/09\/logo-2.webp\",\"width\":687,\"height\":361,\"caption\":\"Alianza Nacional para Erradicar la Falta de Vivienda\"},\"image\":{\"@id\":\"https:\/\/endhomelessness.org\/es\/#\/schema\/logo\/image\/\"},\"sameAs\":[\"https:\/\/www.facebook.com\/naehomelessness\/\",\"https:\/\/www.youtube.com\/@EndingHomelessness\",\"https:\/\/www.linkedin.com\/company\/national-alliance-to-end-homelessness\/\",\"https:\/\/instagram.com\/naeh_endhomelessness\"]}]}<\/script>\n<!-- \/ Yoast SEO Premium plugin. -->","yoast_head_json":{"title":"Financiamiento federal para programas de lucha contra la falta de vivienda - Alianza Nacional para Erradicar la Falta de Vivienda","description":"The National Alliance to End Homelessness is a nonpartisan, nonprofit organization committed to preventing and ending homelessness in the United States.","robots":{"index":"index","follow":"follow","max-snippet":"max-snippet:-1","max-image-preview":"max-image-preview:large","max-video-preview":"max-video-preview:-1"},"canonical":"https:\/\/endhomelessness.org\/es\/financiamiento-federal-para-programas-de-lucha-contra-la-falta-de-vivienda\/","og_locale":"es_ES","og_type":"article","og_title":"Financiamiento federal para programas de lucha contra la falta de vivienda","og_description":"The National Alliance to End Homelessness is a nonpartisan, nonprofit organization committed to preventing and ending homelessness in the United States.","og_url":"https:\/\/endhomelessness.org\/es\/financiamiento-federal-para-programas-de-lucha-contra-la-falta-de-vivienda\/","og_site_name":"Alianza Nacional para Erradicar la Falta de Vivienda","article_publisher":"https:\/\/www.facebook.com\/naehomelessness\/","article_modified_time":"2025-06-03T19:30:57+00:00","og_image":[{"width":1068,"height":684,"url":"https:\/\/endhomelessness.org\/wp-content\/uploads\/2014\/01\/Frame-222.png","type":"image\/png"}],"twitter_card":"summary_large_image","twitter_misc":{"Tiempo de lectura":"2 minutos"},"schema":{"@context":"https:\/\/schema.org","@graph":[{"@type":"WebPage","@id":"https:\/\/endhomelessness.org\/es\/financiamiento-federal-para-programas-de-lucha-contra-la-falta-de-vivienda\/","url":"https:\/\/endhomelessness.org\/es\/financiamiento-federal-para-programas-de-lucha-contra-la-falta-de-vivienda\/","name":"Financiamiento federal para programas de lucha contra la falta de vivienda - Alianza Nacional para Erradicar la Falta de Vivienda","isPartOf":{"@id":"https:\/\/endhomelessness.org\/es\/#website"},"primaryImageOfPage":{"@id":"https:\/\/endhomelessness.org\/es\/financiamiento-federal-para-programas-de-lucha-contra-la-falta-de-vivienda\/#primaryimage"},"image":{"@id":"https:\/\/endhomelessness.org\/es\/financiamiento-federal-para-programas-de-lucha-contra-la-falta-de-vivienda\/#primaryimage"},"thumbnailUrl":"https:\/\/endhomelessness.org\/wp-content\/uploads\/2014\/01\/Frame-222.png","datePublished":"2018-07-20T12:52:00+00:00","dateModified":"2025-06-03T19:30:57+00:00","description":"The National Alliance to End Homelessness is a nonpartisan, nonprofit organization committed to preventing and ending homelessness in the United States.","breadcrumb":{"@id":"https:\/\/endhomelessness.org\/es\/financiamiento-federal-para-programas-de-lucha-contra-la-falta-de-vivienda\/#breadcrumb"},"inLanguage":"es","potentialAction":[{"@type":"ReadAction","target":["https:\/\/endhomelessness.org\/es\/financiamiento-federal-para-programas-de-lucha-contra-la-falta-de-vivienda\/"]}]},{"@type":"ImageObject","inLanguage":"es","@id":"https:\/\/endhomelessness.org\/es\/financiamiento-federal-para-programas-de-lucha-contra-la-falta-de-vivienda\/#primaryimage","url":"https:\/\/endhomelessness.org\/wp-content\/uploads\/2014\/01\/Frame-222.png","contentUrl":"https:\/\/endhomelessness.org\/wp-content\/uploads\/2014\/01\/Frame-222.png","width":1068,"height":684,"caption":"National Alliance to End Homelessness logo"},{"@type":"BreadcrumbList","@id":"https:\/\/endhomelessness.org\/es\/financiamiento-federal-para-programas-de-lucha-contra-la-falta-de-vivienda\/#breadcrumb","itemListElement":[{"@type":"ListItem","position":1,"name":"Inicio","item":"https:\/\/endhomelessness.org\/es\/home-page-2-2-2\/"},{"@type":"ListItem","position":2,"name":"Financiamiento federal para programas de lucha contra la falta de vivienda"}]},{"@type":"WebSite","@id":"https:\/\/endhomelessness.org\/es\/#website","url":"https:\/\/endhomelessness.org\/es\/","name":"National Alliance to End Homelessness","description":"Organizaci\u00f3n no partidista para prevenir y erradicar la falta de vivienda en EE.UU.","publisher":{"@id":"https:\/\/endhomelessness.org\/es\/#organization"},"potentialAction":[{"@type":"SearchAction","target":{"@type":"EntryPoint","urlTemplate":"https:\/\/endhomelessness.org\/es\/?s={search_term_string}"},"query-input":{"@type":"PropertyValueSpecification","valueRequired":true,"valueName":"search_term_string"}}],"inLanguage":"es"},{"@type":"Organization","@id":"https:\/\/endhomelessness.org\/es\/#organization","name":"Alianza Nacional para Erradicar la Falta de Vivienda","url":"https:\/\/endhomelessness.org\/es\/","logo":{"@type":"ImageObject","inLanguage":"es","@id":"https:\/\/endhomelessness.org\/es\/#\/schema\/logo\/image\/","url":"https:\/\/endhomelessness.org\/wp-content\/uploads\/2024\/09\/logo-2.webp","contentUrl":"https:\/\/endhomelessness.org\/wp-content\/uploads\/2024\/09\/logo-2.webp","width":687,"height":361,"caption":"Alianza Nacional para Erradicar la Falta de Vivienda"},"image":{"@id":"https:\/\/endhomelessness.org\/es\/#\/schema\/logo\/image\/"},"sameAs":["https:\/\/www.facebook.com\/naehomelessness\/","https:\/\/www.youtube.com\/@EndingHomelessness","https:\/\/www.linkedin.com\/company\/national-alliance-to-end-homelessness\/","https:\/\/instagram.com\/naeh_endhomelessness"]}]}},"_links":{"self":[{"href":"https:\/\/endhomelessness.org\/es\/wp-json\/wp\/v2\/pages\/17968","targetHints":{"allow":["GET"]}}],"collection":[{"href":"https:\/\/endhomelessness.org\/es\/wp-json\/wp\/v2\/pages"}],"about":[{"href":"https:\/\/endhomelessness.org\/es\/wp-json\/wp\/v2\/types\/page"}],"author":[{"embeddable":true,"href":"https:\/\/endhomelessness.org\/es\/wp-json\/wp\/v2\/users\/1"}],"replies":[{"embeddable":true,"href":"https:\/\/endhomelessness.org\/es\/wp-json\/wp\/v2\/comments?post=17968"}],"version-history":[{"count":0,"href":"https:\/\/endhomelessness.org\/es\/wp-json\/wp\/v2\/pages\/17968\/revisions"}],"wp:featuredmedia":[{"embeddable":true,"href":"https:\/\/endhomelessness.org\/es\/wp-json\/wp\/v2\/media\/14222"}],"wp:attachment":[{"href":"https:\/\/endhomelessness.org\/es\/wp-json\/wp\/v2\/media?parent=17968"}],"curies":[{"name":"wp","href":"https:\/\/api.w.org\/{rel}","templated":true}]}}