{"id":17989,"date":"2025-02-18T12:43:00","date_gmt":"2025-02-18T17:43:00","guid":{"rendered":"https:\/\/endhomelessness.org\/suscribase-a-las-alertas-de-promocion-de-la-alianza\/el-hud-aun-no-ha-liberado-los-fondos-para-personas-sin-hogar\/"},"modified":"2025-04-04T12:43:41","modified_gmt":"2025-04-04T16:43:41","slug":"el-hud-aun-no-ha-liberado-los-fondos-para-personas-sin-hogar","status":"publish","type":"page","link":"https:\/\/endhomelessness.org\/es\/suscribase-a-las-alertas-de-promocion-de-la-alianza\/el-hud-aun-no-ha-liberado-los-fondos-para-personas-sin-hogar\/","title":{"rendered":"El HUD a\u00fan no ha liberado los fondos para personas sin hogar"},"content":{"rendered":"\n<section class=\"e-stn e-stn-e17079b16b9e802de5eae0f8da1e3fe69855b09f e-stn--contact-form\"><div class=\"container\">\n<div class=\"wp-block-b3rg-row e-row row\">\n<div class=\"wp-block-b3rg-column e-col e-col-c8ad6e88c66a94dbc8035fa6291dc7cf8907e559  col-sm-12 col-lg-6\">\n<div class=\"wp-block-b3rg-row e-row row\">\n<div class=\"wp-block-b3rg-column e-col e-col-3fd29a26ff70780ecd7ff03db8f4638045c8c9d8  col-sm-12\"><h1 class=\"wp-block-post-title\">El HUD a\u00fan no ha liberado los fondos para personas sin hogar<\/h1>\n\n\n<p>Los fondos esenciales para combatir la falta de vivienda a\u00fan no han sido distribuidos a las comunidades en todo el pa\u00eds.<strong> Si esta situaci\u00f3n persiste, las personas que se encuentran sin hogar no podr\u00e1n acceder a asistencia habitacional y servicios de apoyo cr\u00edticos que salvan vidas.<\/strong><\/p>\n\n\n\n<p>Una encuesta reciente realizada por la Alianza revel\u00f3 que m\u00e1s de 30-45 d\u00edas sin financiamiento resultar\u00edan en una <strong>interrupci\u00f3n masiva<\/strong> de los servicios. Los pagos de alquiler se retrasar\u00e1n, es posible que se omitan las n\u00f3minas del personal y las facturas para mantener las puertas abiertas podr\u00edan quedar sin pagar, lo cual representa una amenaza no solo para las operaciones del programa, sino, m\u00e1s importante a\u00fan, para las personas a las que estos proyectos ya est\u00e1n atendiendo. <\/p>\n\n\n\n<p><strong>Necesitamos SU voz<\/strong> para informar a sus Miembros del Congreso cu\u00e1n cr\u00edticos son estos fondos para su comunidad. Y <strong>necesitamos que el Congreso inste al HUD<\/strong> a entregar estos fondos cr\u00edticos inmediatamente a las comunidades que los necesitan. <\/p>\n\n\n\n<div style=\"height:25px\" aria-hidden=\"true\" class=\"wp-block-spacer\"><\/div>\n\n\n\n<h2 class=\"wp-block-heading\">3 formas clave de abogar hoy:<\/h2>\n\n\n<div class=\"e-acc e-acc--dlt\" data-settings='{\"forceExpand\":false,\"toggleMode\":true,\"colBreakPoint\":576,\"floatPanel\":false,\"autoSlide\":false,\"autoPlayInterval\":3000,\"pauseOnFocus\":true}' data-accordion='e-acc_69d0f566e6005'><div class=\"e-acc__itms-wrpr\"><div class=\"e-acc__itm-wrpr\" data-item-id='e-acc-itm-id-0'><div class=\"e-acc__itm\"><div class=\"e-acc__itm-hdr-wrpr\" data-toggle='collapse' data-target='e-acc-itm-id-0'><div class=\"e-acc__itm-hdr\">\n<h2 class=\"wp-block-heading\"><strong>Llame a las oficinas de Washington D.C. de sus legisladores.<\/strong><\/h2>\n<\/div><\/div><div class=\"e-acc__itm-bdy-wrpr\" id='e-acc-itm-id-0' style='display: none'><div class=\"e-acc__itm-bdy\">\n<ul class=\"wp-block-list\">\n<li>La central telef\u00f3nica del Capitolio es el <strong>(202) 224-3121<\/strong>. Un operador de la central lo conectar\u00e1 directamente con la oficina de la C\u00e1mara o del Senado que usted solicite. \u00bfNo sabe qu\u00e9 decir? Por favor, utilice este guion o modif\u00edquelo para transmitir su propio mensaje.   <\/li>\n\n\n\n<li>\u00abEstoy preocupado por el riesgo para el financiamiento del Programa CoC del a\u00f1o fiscal 2024 destinado a programas para personas sin hogar. Han transcurrido m\u00e1s de cuatro semanas desde que el HUD anunci\u00f3 las subvenciones, y los CoC y beneficiarios a\u00fan no han recibido ninguna notificaci\u00f3n sobre el desembolso de estos fondos, incluyendo aquellos con una subvenci\u00f3n del a\u00f1o anterior que ya ha expirado. Con las amenazas a la fuerza laboral del HUD y la falta de transparencia sobre las intenciones del HUD relacionadas con la obligaci\u00f3n de estos fondos, le insto a trabajar con el Secretario de Vivienda y Desarrollo Urbano (HUD) y los Comit\u00e9s de Asignaciones de la C\u00e1mara y el Senado para garantizar que el financiamiento para personas sin hogar del a\u00f1o fiscal 2024 se distribuya prontamente a las comunidades que usted representa y que se emitan las subvenciones para 2024 y 2025 de acuerdo con los resultados de una competencia exhaustiva y meticulosa anunciada el mes pasado. Tambi\u00e9n le insto a que, por favor, firme una carta que est\u00e1 siendo circulada por el Representante Scott Peters (D-CA) dirigida al Secretario del HUD en apoyo al procesamiento r\u00e1pido del financiamiento del a\u00f1o fiscal 2024 y a la adhesi\u00f3n a la competencia 2024-2025 para el financiamiento de servicios para personas sin hogar.\u00bb   <\/li>\n\n\n\n<li>Por favor, aseg\u00farese de proporcionar su nombre y direcci\u00f3n para que el personal sepa que usted es un constituyente, lo tome en serio y le env\u00ede una respuesta por escrito. <\/li>\n<\/ul>\n<\/div><\/div><\/div><\/div><div class=\"e-acc__itm-wrpr\" data-item-id='e-acc-itm-id-1'><div class=\"e-acc__itm\"><div class=\"e-acc__itm-hdr-wrpr\" data-toggle='collapse' data-target='e-acc-itm-id-1'><div class=\"e-acc__itm-hdr\">\n<h2 class=\"wp-block-heading\"><strong>Env\u00ede un correo electr\u00f3nico personalizado<\/strong> <strong>a la oficina de su legislador.<\/strong><\/h2>\n<\/div><\/div><div class=\"e-acc__itm-bdy-wrpr\" id='e-acc-itm-id-1' style='display: none'><div class=\"e-acc__itm-bdy\">\n<ul class=\"wp-block-list\">\n<li>Si ya tiene un contacto del personal o una direcci\u00f3n de correo electr\u00f3nico de la oficina de su Miembro del Congreso, por favor env\u00edeles un correo electr\u00f3nico directamente en lugar de utilizar el formulario. <strong>Los legisladores tienden a prestar m\u00e1s atenci\u00f3n a los correos electr\u00f3nicos enviados directamente por sus constituyentes que incluyen detalles personales, en lugar de correos electr\u00f3nicos predeterminados<\/strong>. Cree su propio correo electr\u00f3nico utilizando la informaci\u00f3n proporcionada en este mensaje, personal\u00edcelo con detalles espec\u00edficos sobre el impacto potencial para su organizaci\u00f3n y comunidad, y env\u00edelo directamente a las oficinas de su Miembro del Congreso. <\/li>\n\n\n\n<li>Por favor, aseg\u00farese de proporcionar su nombre y direcci\u00f3n para que el personal sepa que usted es un constituyente, lo tome en serio y le env\u00ede una respuesta por escrito.<\/li>\n<\/ul>\n<\/div><\/div><\/div><\/div><div class=\"e-acc__itm-wrpr\" data-item-id='e-acc-itm-id-2'><div class=\"e-acc__itm\"><div class=\"e-acc__itm-hdr-wrpr\" data-toggle='collapse' data-target='e-acc-itm-id-2'><div class=\"e-acc__itm-hdr\">\n<h2 class=\"wp-block-heading\"><strong>Complete el formulario de abogac\u00eda en l\u00ednea de la Alianza en esta p\u00e1gina.<\/strong><\/h2>\n<\/div><\/div><div class=\"e-acc__itm-bdy-wrpr\" id='e-acc-itm-id-2' style='display: none'><div class=\"e-acc__itm-bdy\">\n<p>Ingrese su nombre, direcci\u00f3n y correo electr\u00f3nico, y se enviar\u00e1 un mensaje de muestra a sus Miembros del Congreso. \u00a1Por favor, personalice este correo electr\u00f3nico si es posible! <\/p>\n<\/div><\/div><\/div><\/div><\/div> <\/div><\/div>\n<\/div>\n<\/div>\n\n\n\n<div class=\"wp-block-b3rg-column e-col e-col-152aaf4f3ab591b17c95d787c42d07c203feaf6b e-col--right  col-sm-12 col-md-6 col-lg-6\"><link rel='preload' href='https:\/\/static.everyaction.com\/ea-actiontag\/at.js' as='script' crossorigin='anonymous'>\n <link rel='preload' href='https:\/\/static.everyaction.com\/ea-actiontag\/at.min.css' as='style'>\n <script type='text\/javascript' src='https:\/\/static.everyaction.com\/ea-actiontag\/at.js' crossorigin='anonymous'><\/script><\/p>\n<div class=\"ngp-form\"\n     data-form-url=\"https:\/\/advocator.ngpvan.com\/https%3a%2f%2fsecure.everyaction.com%2fv1%2fForms%2fTKqRrIj3dkWBv_FMVk-RjQ2\/ngpForm\"\n          data-fastaction-endpoint=\"https:\/\/fastaction.ngpvan.com\"\n     data-inline-errors=\"true\"\n     data-fastaction-nologin=\"true\"\n          data-mobile-autofocus=\"false\">\n<\/div>\n<\/div>\n<\/div>\n<\/div><\/section>\n","protected":false},"excerpt":{"rendered":"","protected":false},"author":1,"featured_media":14222,"parent":17531,"menu_order":0,"comment_status":"closed","ping_status":"closed","template":"","meta":{"_acf_changed":false,"show_custom_date":false,"custom_date":"","featured":false,"featured_image":0,"learn_more_label":"","image_alt_text":"","learn_more_type":"","show_popup":false,"learn_more_link_file":0,"event_date":false,"event_start_date":"","event_end_date":"","place_holder_image_url":"","post_reading_time":"3","notification_enabled":false,"notification_text":"","notification_logo":"","notification_expiration_time":0,"is_enable_transparent_header":false,"hide_from_list_view":false,"selected_taxonomy_terms":{"translation_priority":[66]},"selected_primary_terms":[],"learn_more_link":[],"featured_page_list":[],"notification_enabled_post_list":[],"_relevanssi_hide_post":"","_relevanssi_hide_content":"","_relevanssi_pin_for_all":"","_relevanssi_pin_keywords":"","_relevanssi_unpin_keywords":"","_relevanssi_related_keywords":"","_relevanssi_related_include_ids":"","_relevanssi_related_exclude_ids":"","_relevanssi_related_no_append":"","_relevanssi_related_not_related":"","_relevanssi_related_posts":"","_relevanssi_noindex_reason":"","inline_featured_image":false,"news_publication":"","footnotes":""},"class_list":["post-17989","page","type-page","status-publish","has-post-thumbnail","hentry"],"acf":[],"yoast_head":"<!-- This site is optimized with the Yoast SEO Premium plugin v24.7 (Yoast SEO v27.2) - https:\/\/yoast.com\/product\/yoast-seo-premium-wordpress\/ -->\n<title>El HUD a\u00fan no ha liberado los fondos para personas sin hogar - Alianza Nacional para Erradicar la Falta de Vivienda<\/title>\n<meta name=\"description\" content=\"The National Alliance to End Homelessness is a nonpartisan, nonprofit organization committed to preventing and ending homelessness in the United States.\" \/>\n<meta name=\"robots\" content=\"index, follow, max-snippet:-1, max-image-preview:large, max-video-preview:-1\" \/>\n<link rel=\"canonical\" href=\"https:\/\/endhomelessness.org\/es\/suscribase-a-las-alertas-de-promocion-de-la-alianza\/el-hud-aun-no-ha-liberado-los-fondos-para-personas-sin-hogar\/\" \/>\n<meta property=\"og:locale\" content=\"es_ES\" \/>\n<meta property=\"og:type\" content=\"article\" \/>\n<meta property=\"og:title\" content=\"El HUD a\u00fan no ha liberado los fondos para personas sin hogar\" \/>\n<meta property=\"og:description\" content=\"The National Alliance to End Homelessness is a nonpartisan, nonprofit organization committed to preventing and ending homelessness in the United States.\" \/>\n<meta property=\"og:url\" content=\"https:\/\/endhomelessness.org\/es\/suscribase-a-las-alertas-de-promocion-de-la-alianza\/el-hud-aun-no-ha-liberado-los-fondos-para-personas-sin-hogar\/\" \/>\n<meta property=\"og:site_name\" content=\"Alianza Nacional para Erradicar la Falta de Vivienda\" \/>\n<meta property=\"article:publisher\" content=\"https:\/\/www.facebook.com\/naehomelessness\/\" \/>\n<meta property=\"article:modified_time\" content=\"2025-04-04T16:43:41+00:00\" \/>\n<meta property=\"og:image\" content=\"https:\/\/endhomelessness.org\/wp-content\/uploads\/2014\/01\/Frame-222.png\" \/>\n\t<meta property=\"og:image:width\" content=\"1068\" \/>\n\t<meta property=\"og:image:height\" content=\"684\" \/>\n\t<meta property=\"og:image:type\" content=\"image\/png\" \/>\n<meta name=\"twitter:card\" content=\"summary_large_image\" \/>\n<meta name=\"twitter:label1\" content=\"Tiempo de lectura\" \/>\n\t<meta name=\"twitter:data1\" content=\"4 minutos\" \/>\n<script type=\"application\/ld+json\" class=\"yoast-schema-graph\">{\"@context\":\"https:\/\/schema.org\",\"@graph\":[{\"@type\":\"WebPage\",\"@id\":\"https:\/\/endhomelessness.org\/es\/suscribase-a-las-alertas-de-promocion-de-la-alianza\/el-hud-aun-no-ha-liberado-los-fondos-para-personas-sin-hogar\/\",\"url\":\"https:\/\/endhomelessness.org\/es\/suscribase-a-las-alertas-de-promocion-de-la-alianza\/el-hud-aun-no-ha-liberado-los-fondos-para-personas-sin-hogar\/\",\"name\":\"El HUD a\u00fan no ha liberado los fondos para personas sin hogar - Alianza Nacional para Erradicar la Falta de Vivienda\",\"isPartOf\":{\"@id\":\"https:\/\/endhomelessness.org\/es\/#website\"},\"primaryImageOfPage\":{\"@id\":\"https:\/\/endhomelessness.org\/es\/suscribase-a-las-alertas-de-promocion-de-la-alianza\/el-hud-aun-no-ha-liberado-los-fondos-para-personas-sin-hogar\/#primaryimage\"},\"image\":{\"@id\":\"https:\/\/endhomelessness.org\/es\/suscribase-a-las-alertas-de-promocion-de-la-alianza\/el-hud-aun-no-ha-liberado-los-fondos-para-personas-sin-hogar\/#primaryimage\"},\"thumbnailUrl\":\"https:\/\/endhomelessness.org\/wp-content\/uploads\/2014\/01\/Frame-222.png\",\"datePublished\":\"2025-02-18T17:43:00+00:00\",\"dateModified\":\"2025-04-04T16:43:41+00:00\",\"description\":\"The National Alliance to End Homelessness is a nonpartisan, nonprofit organization committed to preventing and ending homelessness in the United States.\",\"breadcrumb\":{\"@id\":\"https:\/\/endhomelessness.org\/es\/suscribase-a-las-alertas-de-promocion-de-la-alianza\/el-hud-aun-no-ha-liberado-los-fondos-para-personas-sin-hogar\/#breadcrumb\"},\"inLanguage\":\"es\",\"potentialAction\":[{\"@type\":\"ReadAction\",\"target\":[\"https:\/\/endhomelessness.org\/es\/suscribase-a-las-alertas-de-promocion-de-la-alianza\/el-hud-aun-no-ha-liberado-los-fondos-para-personas-sin-hogar\/\"]}]},{\"@type\":\"ImageObject\",\"inLanguage\":\"es\",\"@id\":\"https:\/\/endhomelessness.org\/es\/suscribase-a-las-alertas-de-promocion-de-la-alianza\/el-hud-aun-no-ha-liberado-los-fondos-para-personas-sin-hogar\/#primaryimage\",\"url\":\"https:\/\/endhomelessness.org\/wp-content\/uploads\/2014\/01\/Frame-222.png\",\"contentUrl\":\"https:\/\/endhomelessness.org\/wp-content\/uploads\/2014\/01\/Frame-222.png\",\"width\":1068,\"height\":684},{\"@type\":\"BreadcrumbList\",\"@id\":\"https:\/\/endhomelessness.org\/es\/suscribase-a-las-alertas-de-promocion-de-la-alianza\/el-hud-aun-no-ha-liberado-los-fondos-para-personas-sin-hogar\/#breadcrumb\",\"itemListElement\":[{\"@type\":\"ListItem\",\"position\":1,\"name\":\"Inicio\",\"item\":\"https:\/\/endhomelessness.org\/es\/home-page-2-2-2\/\"},{\"@type\":\"ListItem\",\"position\":2,\"name\":\"Suscr\u00edbase a las alertas de promoci\u00f3n de la Alianza\",\"item\":\"https:\/\/endhomelessness.org\/es\/accion\/\"},{\"@type\":\"ListItem\",\"position\":3,\"name\":\"El HUD a\u00fan no ha liberado los fondos para personas sin hogar\"}]},{\"@type\":\"WebSite\",\"@id\":\"https:\/\/endhomelessness.org\/es\/#website\",\"url\":\"https:\/\/endhomelessness.org\/es\/\",\"name\":\"National Alliance to End Homelessness\",\"description\":\"Organizaci\u00f3n no partidista para prevenir y erradicar la falta de vivienda en EE.UU.\",\"publisher\":{\"@id\":\"https:\/\/endhomelessness.org\/es\/#organization\"},\"potentialAction\":[{\"@type\":\"SearchAction\",\"target\":{\"@type\":\"EntryPoint\",\"urlTemplate\":\"https:\/\/endhomelessness.org\/es\/?s={search_term_string}\"},\"query-input\":{\"@type\":\"PropertyValueSpecification\",\"valueRequired\":true,\"valueName\":\"search_term_string\"}}],\"inLanguage\":\"es\"},{\"@type\":\"Organization\",\"@id\":\"https:\/\/endhomelessness.org\/es\/#organization\",\"name\":\"Alianza Nacional para Erradicar la Falta de Vivienda\",\"url\":\"https:\/\/endhomelessness.org\/es\/\",\"logo\":{\"@type\":\"ImageObject\",\"inLanguage\":\"es\",\"@id\":\"https:\/\/endhomelessness.org\/es\/#\/schema\/logo\/image\/\",\"url\":\"https:\/\/endhomelessness.org\/wp-content\/uploads\/2024\/09\/logo-2.webp\",\"contentUrl\":\"https:\/\/endhomelessness.org\/wp-content\/uploads\/2024\/09\/logo-2.webp\",\"width\":687,\"height\":361,\"caption\":\"Alianza Nacional para Erradicar la Falta de Vivienda\"},\"image\":{\"@id\":\"https:\/\/endhomelessness.org\/es\/#\/schema\/logo\/image\/\"},\"sameAs\":[\"https:\/\/www.facebook.com\/naehomelessness\/\",\"https:\/\/www.youtube.com\/@EndingHomelessness\",\"https:\/\/www.linkedin.com\/company\/national-alliance-to-end-homelessness\/\",\"https:\/\/instagram.com\/naeh_endhomelessness\"]}]}<\/script>\n<!-- \/ Yoast SEO Premium plugin. -->","yoast_head_json":{"title":"El HUD a\u00fan no ha liberado los fondos para personas sin hogar - Alianza Nacional para Erradicar la Falta de Vivienda","description":"The National Alliance to End Homelessness is a nonpartisan, nonprofit organization committed to preventing and ending homelessness in the United States.","robots":{"index":"index","follow":"follow","max-snippet":"max-snippet:-1","max-image-preview":"max-image-preview:large","max-video-preview":"max-video-preview:-1"},"canonical":"https:\/\/endhomelessness.org\/es\/suscribase-a-las-alertas-de-promocion-de-la-alianza\/el-hud-aun-no-ha-liberado-los-fondos-para-personas-sin-hogar\/","og_locale":"es_ES","og_type":"article","og_title":"El HUD a\u00fan no ha liberado los fondos para personas sin hogar","og_description":"The National Alliance to End Homelessness is a nonpartisan, nonprofit organization committed to preventing and ending homelessness in the United States.","og_url":"https:\/\/endhomelessness.org\/es\/suscribase-a-las-alertas-de-promocion-de-la-alianza\/el-hud-aun-no-ha-liberado-los-fondos-para-personas-sin-hogar\/","og_site_name":"Alianza Nacional para Erradicar la Falta de Vivienda","article_publisher":"https:\/\/www.facebook.com\/naehomelessness\/","article_modified_time":"2025-04-04T16:43:41+00:00","og_image":[{"width":1068,"height":684,"url":"https:\/\/endhomelessness.org\/wp-content\/uploads\/2014\/01\/Frame-222.png","type":"image\/png"}],"twitter_card":"summary_large_image","twitter_misc":{"Tiempo de lectura":"4 minutos"},"schema":{"@context":"https:\/\/schema.org","@graph":[{"@type":"WebPage","@id":"https:\/\/endhomelessness.org\/es\/suscribase-a-las-alertas-de-promocion-de-la-alianza\/el-hud-aun-no-ha-liberado-los-fondos-para-personas-sin-hogar\/","url":"https:\/\/endhomelessness.org\/es\/suscribase-a-las-alertas-de-promocion-de-la-alianza\/el-hud-aun-no-ha-liberado-los-fondos-para-personas-sin-hogar\/","name":"El HUD a\u00fan no ha liberado los fondos para personas sin hogar - Alianza Nacional para Erradicar la Falta de Vivienda","isPartOf":{"@id":"https:\/\/endhomelessness.org\/es\/#website"},"primaryImageOfPage":{"@id":"https:\/\/endhomelessness.org\/es\/suscribase-a-las-alertas-de-promocion-de-la-alianza\/el-hud-aun-no-ha-liberado-los-fondos-para-personas-sin-hogar\/#primaryimage"},"image":{"@id":"https:\/\/endhomelessness.org\/es\/suscribase-a-las-alertas-de-promocion-de-la-alianza\/el-hud-aun-no-ha-liberado-los-fondos-para-personas-sin-hogar\/#primaryimage"},"thumbnailUrl":"https:\/\/endhomelessness.org\/wp-content\/uploads\/2014\/01\/Frame-222.png","datePublished":"2025-02-18T17:43:00+00:00","dateModified":"2025-04-04T16:43:41+00:00","description":"The National Alliance to End Homelessness is a nonpartisan, nonprofit organization committed to preventing and ending homelessness in the United States.","breadcrumb":{"@id":"https:\/\/endhomelessness.org\/es\/suscribase-a-las-alertas-de-promocion-de-la-alianza\/el-hud-aun-no-ha-liberado-los-fondos-para-personas-sin-hogar\/#breadcrumb"},"inLanguage":"es","potentialAction":[{"@type":"ReadAction","target":["https:\/\/endhomelessness.org\/es\/suscribase-a-las-alertas-de-promocion-de-la-alianza\/el-hud-aun-no-ha-liberado-los-fondos-para-personas-sin-hogar\/"]}]},{"@type":"ImageObject","inLanguage":"es","@id":"https:\/\/endhomelessness.org\/es\/suscribase-a-las-alertas-de-promocion-de-la-alianza\/el-hud-aun-no-ha-liberado-los-fondos-para-personas-sin-hogar\/#primaryimage","url":"https:\/\/endhomelessness.org\/wp-content\/uploads\/2014\/01\/Frame-222.png","contentUrl":"https:\/\/endhomelessness.org\/wp-content\/uploads\/2014\/01\/Frame-222.png","width":1068,"height":684},{"@type":"BreadcrumbList","@id":"https:\/\/endhomelessness.org\/es\/suscribase-a-las-alertas-de-promocion-de-la-alianza\/el-hud-aun-no-ha-liberado-los-fondos-para-personas-sin-hogar\/#breadcrumb","itemListElement":[{"@type":"ListItem","position":1,"name":"Inicio","item":"https:\/\/endhomelessness.org\/es\/home-page-2-2-2\/"},{"@type":"ListItem","position":2,"name":"Suscr\u00edbase a las alertas de promoci\u00f3n de la Alianza","item":"https:\/\/endhomelessness.org\/es\/accion\/"},{"@type":"ListItem","position":3,"name":"El HUD a\u00fan no ha liberado los fondos para personas sin hogar"}]},{"@type":"WebSite","@id":"https:\/\/endhomelessness.org\/es\/#website","url":"https:\/\/endhomelessness.org\/es\/","name":"National Alliance to End Homelessness","description":"Organizaci\u00f3n no partidista para prevenir y erradicar la falta de vivienda en EE.UU.","publisher":{"@id":"https:\/\/endhomelessness.org\/es\/#organization"},"potentialAction":[{"@type":"SearchAction","target":{"@type":"EntryPoint","urlTemplate":"https:\/\/endhomelessness.org\/es\/?s={search_term_string}"},"query-input":{"@type":"PropertyValueSpecification","valueRequired":true,"valueName":"search_term_string"}}],"inLanguage":"es"},{"@type":"Organization","@id":"https:\/\/endhomelessness.org\/es\/#organization","name":"Alianza Nacional para Erradicar la Falta de Vivienda","url":"https:\/\/endhomelessness.org\/es\/","logo":{"@type":"ImageObject","inLanguage":"es","@id":"https:\/\/endhomelessness.org\/es\/#\/schema\/logo\/image\/","url":"https:\/\/endhomelessness.org\/wp-content\/uploads\/2024\/09\/logo-2.webp","contentUrl":"https:\/\/endhomelessness.org\/wp-content\/uploads\/2024\/09\/logo-2.webp","width":687,"height":361,"caption":"Alianza Nacional para Erradicar la Falta de Vivienda"},"image":{"@id":"https:\/\/endhomelessness.org\/es\/#\/schema\/logo\/image\/"},"sameAs":["https:\/\/www.facebook.com\/naehomelessness\/","https:\/\/www.youtube.com\/@EndingHomelessness","https:\/\/www.linkedin.com\/company\/national-alliance-to-end-homelessness\/","https:\/\/instagram.com\/naeh_endhomelessness"]}]}},"_links":{"self":[{"href":"https:\/\/endhomelessness.org\/es\/wp-json\/wp\/v2\/pages\/17989","targetHints":{"allow":["GET"]}}],"collection":[{"href":"https:\/\/endhomelessness.org\/es\/wp-json\/wp\/v2\/pages"}],"about":[{"href":"https:\/\/endhomelessness.org\/es\/wp-json\/wp\/v2\/types\/page"}],"author":[{"embeddable":true,"href":"https:\/\/endhomelessness.org\/es\/wp-json\/wp\/v2\/users\/1"}],"replies":[{"embeddable":true,"href":"https:\/\/endhomelessness.org\/es\/wp-json\/wp\/v2\/comments?post=17989"}],"version-history":[{"count":0,"href":"https:\/\/endhomelessness.org\/es\/wp-json\/wp\/v2\/pages\/17989\/revisions"}],"up":[{"embeddable":true,"href":"https:\/\/endhomelessness.org\/es\/wp-json\/wp\/v2\/pages\/17531"}],"wp:featuredmedia":[{"embeddable":true,"href":"https:\/\/endhomelessness.org\/es\/wp-json\/wp\/v2\/media\/14222"}],"wp:attachment":[{"href":"https:\/\/endhomelessness.org\/es\/wp-json\/wp\/v2\/media?parent=17989"}],"curies":[{"name":"wp","href":"https:\/\/api.w.org\/{rel}","templated":true}]}}