{"id":17997,"date":"2016-10-05T16:04:00","date_gmt":"2016-10-05T20:04:00","guid":{"rendered":"https:\/\/endhomelessness.org\/otras-formas-de-donar\/"},"modified":"2025-04-04T12:43:42","modified_gmt":"2025-04-04T16:43:42","slug":"otras-formas-de-donar","status":"publish","type":"page","link":"https:\/\/endhomelessness.org\/es\/otras-formas-de-donar\/","title":{"rendered":"Otras formas de donar"},"content":{"rendered":"\n<section class=\"e-stn e-stn-75c0ad3286adf00021c263cc68e8dc6bfd08daba e-stn--banner-with-links\"><style>@media only screen and (max-width: 9999px) {\n              .e-stn.e-stn-75c0ad3286adf00021c263cc68e8dc6bfd08daba {\n                background-image: url(https:\/\/endhomelessness.org\/wp-content\/uploads\/2024\/11\/Hero-4-copy-scaled.webp);\n                background-image: -webkit-image-set(url(https:\/\/endhomelessness.org\/wp-content\/uploads\/2024\/11\/Hero-4-copy-scaled.webp));\n                background-image: image-set(url(https:\/\/endhomelessness.org\/wp-content\/uploads\/2024\/11\/Hero-4-copy-scaled.webp));\n                background-position: center center;\n                background-size: cover;\n              }\n            }<\/style><div class=\"container\">\n<div class=\"wp-block-b3rg-row e-row row\">\n<div class=\"wp-block-b3rg-column e-col e-col-3fd29a26ff70780ecd7ff03db8f4638045c8c9d8  col-sm-12\">\n<h1 class=\"wp-block-heading\" id=\"h-other-ways-to-give\">Otras formas de donar<\/h1>\n\n\n\n<p><\/p>\n\n\n\n<div class=\"e-div e-div-3e6cb1a53247af9675883d55350e7e08eee2ff64 e-div--button-wrapper\"><\/div>\n<\/div>\n<\/div>\n<\/div><\/section>\n\n<section class=\"e-stn e-stn-6e475c289482ca6c4a9c40be0fae43f1f74a01d2 e-stn--text-content-type-2 e-mt-80 e-pt-20\"><div class=\"container\">\n<div class=\"wp-block-b3rg-row e-row row\">\n<div class=\"wp-block-b3rg-column e-col e-col-3fd29a26ff70780ecd7ff03db8f4638045c8c9d8  col-sm-12\">\n<div class=\"e-div e-div-e5334e9998c4f20ab89d448d47494c2e9eccbf08 e-div--content\">\n<h2 class=\"wp-block-heading\" id=\"h-your-gift-goes-directly-to-efforts-to-end-homelessness\">Su donaci\u00f3n se destina directamente a los esfuerzos para erradicar la indigencia<\/h2>\n\n\n\n<p>Donar a la Alianza significa que usted est\u00e1 contribuyendo directamente a consolidar el progreso que hemos logrado para erradicar la indigencia. Asimismo, garantiza que tendremos la oportunidad de realizar avances a\u00fan mayores en el futuro. La Alianza es una organizaci\u00f3n 501(c)(3), y todas las donaciones monetarias son deducibles de impuestos en la m\u00e1xima medida permitida por las leyes fiscales.  <\/p>\n\n\n\n<h2 class=\"wp-block-heading\" id=\"h-alliance-online-store\">Tienda en l\u00ednea de la Alianza<\/h2>\n\n\n\n<p>Obsequie un regalo que retribuye \u2014 \u00a1desde camisetas, sudaderas y m\u00e1s!<\/p>\n\n\n\n<p>Demuestre su apoyo a la Alianza Nacional para Erradicar la Indigencia adquiriendo un producto de nuestra <a href=\"https:\/\/shop.endhomelessness.org\/\" target=\"_blank\" rel=\"noreferrer noopener\">tienda en l\u00ednea<\/a>. Todas las compras realizadas respaldar\u00e1n nuestra labor para erradicar la indigencia. <\/p>\n\n\n<div class=\"e-btn e-btn--yellow\"><a class=\"e-btn__link\"href=\"https:\/\/shop.endhomelessness.org\/\" target=\"_blank\">\n<p class=\"title\">Compre hoy<\/p>\n<\/a><\/div>\n\n\n<h2 class=\"wp-block-heading\" id=\"h-monthly-giving\">Donaciones mensuales<\/h2>\n\n\n\n<p>Al asociarse financieramente con la Alianza de manera mensual, usted crea un flujo de ingresos constante con el que podemos contar. Esta opci\u00f3n conveniente le permite convertir una peque\u00f1a donaci\u00f3n mensual en una mayor contribuci\u00f3n anual sin sobrecargar su presupuesto. Obtenga m\u00e1s informaci\u00f3n sobre c\u00f3mo puede unirse al programa de donaciones mensuales Changemakers.  <\/p>\n\n\n<div class=\"e-btn e-btn--yellow\"><a class=\"e-btn__link\"href=\"https:\/\/help.endhomelessness.org\/civicrm\/contribute\/transact\/?reset=1&amp;id=64\" target=\"_blank\">\n<p class=\"title\">Contribuya a erradicar la indigencia los 365 d\u00edas del a\u00f1o<\/p>\n<\/a><\/div>\n\n\n<h2 class=\"wp-block-heading\" id=\"h-in-honor-or-in-memory\">En honor o en memoria<\/h2>\n\n\n\n<p>\u00bfNo est\u00e1 seguro de qu\u00e9 ofrecer para una celebraci\u00f3n especial o festiva? \u00bfDesea honrar a alguien que ha fallecido? Cuando realiza una donaci\u00f3n a la Alianza en honor o en memoria de alguien, otorga un obsequio singular que contribuye a erradicar la situaci\u00f3n de carencia de hogar. Puede efectuar su donaci\u00f3n en l\u00ednea o mediante la impresi\u00f3n y cumplimentaci\u00f3n de nuestro <a href=\"https:\/\/endhomelessness.org\/wp-content\/uploads\/2024\/10\/Donation-Form-With-Holiday-Option-2019-1-1.doc\">formulario de donaci\u00f3n<\/a>.   <\/p>\n\n\n<div class=\"e-btn e-btn--yellow\"><a class=\"e-btn__link\"href=\"https:\/\/help.endhomelessness.org\/donate\/\" target=\"_blank\">\n<p class=\"title\">Efect\u00fae una donaci\u00f3n ahora<\/p>\n<\/a><\/div>\n\n\n<h2 class=\"wp-block-heading\" id=\"h-workplace-giving\">Donaciones a trav\u00e9s del lugar de trabajo<\/h2>\n\n\n\n<p>Las donaciones a trav\u00e9s del lugar de trabajo constituyen una manera sencilla y eficiente de realizar contribuciones deducibles de impuestos a la Alianza mediante deducciones de n\u00f3mina. Numerosos empleadores incluso igualar\u00e1n su donaci\u00f3n. <a href=\"https:\/\/doublethedonation.com\/match\/national-alliance-to-end-homelessness-2jPLX\" target=\"_blank\" rel=\"noreferrer noopener\">Verifique aqu\u00ed<\/a> para determinar si su empleador es uno de ellos. Los empleadores tambi\u00e9n suelen extender estos programas de igualaci\u00f3n para incluir donaciones realizadas a trav\u00e9s de campa\u00f1as de donaci\u00f3n en el lugar de trabajo, como United Way.  <\/p>\n\n\n\n<p>Si usted es un empleado federal, puede donar a trav\u00e9s de la <a href=\"https:\/\/cfcgiving.opm.gov\/welcome\" target=\"_blank\" rel=\"noreferrer noopener\">Campa\u00f1a Federal Combinada<\/a> (CFC# 10022) designando a la Alianza Nacional para Erradicar la Indigencia como su organizaci\u00f3n ben\u00e9fica de elecci\u00f3n. Consulte con su empleador para obtener m\u00e1s informaci\u00f3n sobre los programas de donaciones en el lugar de trabajo y de igualaci\u00f3n de donaciones. <\/p>\n\n\n<div class=\"e-btn e-btn--yellow\"><a class=\"e-btn__link\"href=\"https:\/\/www.bestcfc.org\/charitypage.php?ein=52-1299641&amp;id=0&amp;if=1\" target=\"_blank\">\n<p class=\"title\">M\u00e1s Informaci\u00f3n<\/p>\n<\/a><\/div>\n\n\n<h2 class=\"wp-block-heading\" id=\"h-event-sponsorship\">Patrocinio de eventos<\/h2>\n\n\n\n<p>Cada a\u00f1o, la Alianza organiza eventos importantes, incluyendo dos <a href=\"https:\/\/endhomelessness.org\/es\/conferencias\/\">conferencias<\/a> sobre la erradicaci\u00f3n de la indigencia. Al patrocinar estos eventos anuales, su organizaci\u00f3n, empresa o fundaci\u00f3n apoya nuestra labor para erradicar la indigencia mientras recibe reconocimiento por su generosidad, publicidad positiva y un impulso a la visibilidad de su marca. Para obtener m\u00e1s informaci\u00f3n sobre el patrocinio de eventos, por favor env\u00edenos un correo electr\u00f3nico o ll\u00e1menos al (202) 942-8241.  <\/p>\n\n\n\n<h2 class=\"wp-block-heading\" id=\"h-donor-advised-funds\">Fondos asesorados por donantes<\/h2>\n\n\n\n<p>Un fondo asesorado por donantes es una inversi\u00f3n fiscalmente inteligente que le permite realizar una contribuci\u00f3n caritativa a la Alianza mientras recibe un beneficio fiscal inmediato. Contacte a su asesor financiero para obtener m\u00e1s informaci\u00f3n sobre este veh\u00edculo de donaci\u00f3n caritativa cada vez m\u00e1s popular. Para obtener m\u00e1s informaci\u00f3n sobre c\u00f3mo su fondo asesorado por donantes podr\u00eda ayudar a la Alianza, por favor <a href=\"mailto:development@naeh.org\" target=\"_blank\" rel=\"noreferrer noopener\">env\u00edenos un correo electr\u00f3nico<\/a> o llame al 202-942-8241. Con el fin de reconocer su generosa donaci\u00f3n, s\u00edrvase proporcionar su nombre y\/o el nombre del fondo y la direcci\u00f3n postal.   <\/p>\n\n\n\n<h2 class=\"wp-block-heading\" id=\"h-stocks-and-securities\">Acciones y valores<\/h2>\n\n\n\n<p>Donar acciones directamente a la Alianza puede simplificar el proceso de donaci\u00f3n para usted y nos apoya en nuestra misi\u00f3n de erradicar la indigencia. Puede donar transfiriendo acciones directamente a la Alianza. Para obtener m\u00e1s informaci\u00f3n, por favor env\u00edenos un correo electr\u00f3nico o llame al 202-942-8241.  <\/p>\n\n\n\n<h2 class=\"wp-block-heading\" id=\"h-bequests-and-estate-plan-gifts\">Legados y donaciones testamentarias<\/h2>\n\n\n\n<p>Un legado es una donaci\u00f3n de su patrimonio \u2014 una transferencia de efectivo, valores u otros bienes realizada a trav\u00e9s de sus planes patrimoniales. Puede hacer un legado a la Alianza incluyendo una cl\u00e1usula en su testamento o fideicomiso en vida que deje una porci\u00f3n de su patrimonio a la organizaci\u00f3n, o designando a la Alianza como beneficiaria de su cuenta de jubilaci\u00f3n o p\u00f3liza de seguro de vida. Para obtener un ejemplo de redacci\u00f3n de legado o para obtener m\u00e1s informaci\u00f3n, por favor <a href=\"mailto:development@naeh.org\" target=\"_blank\" rel=\"noreferrer noopener\">env\u00edenos un correo electr\u00f3nico<\/a> o llame al 202-942-8241.  <\/p>\n\n\n\n<p>Para informar a la Alianza sobre sus legados y donaciones testamentarias, por favor env\u00ede <a href=\"https:\/\/endhomelessness.org\/wp-content\/uploads\/2024\/10\/Planned-Giving-Letter-of-Intent-3.doc\" target=\"_blank\" rel=\"noreferrer noopener\">este formulario cumplimentado<\/a> por correo electr\u00f3nico a <a href=\"mailto:development@naeh.org\">development@naeh.org<\/a>.<\/p>\n\n\n\n<h2 class=\"wp-block-heading\" id=\"h-questions\">\u00bfTiene preguntas?<\/h2>\n\n\n\n<p>Por favor <a href=\"mailto:development@naeh.org\">env\u00edenos un correo electr\u00f3nico<\/a> o ll\u00e1menos al 202-942-8241.<\/p>\n<\/div>\n<\/div>\n<\/div>\n<\/div><\/section>\n\n<section class=\"e-stn e-stn-fecd9f248d71f1b43eea1791ae2aa16e613ea50d e-stn--subscription-form\"><div class=\"container\">\n<div class=\"wp-block-b3rg-row e-row row\">\n<div class=\"wp-block-b3rg-column e-col e-col-5e53f80929c6668a38540fba03c97241dc5f6888 e-col--left  col-sm-12 col-lg-6\">\n<h2 class=\"wp-block-heading has-pure-white-color has-text-color has-link-color wp-elements-cec0e497456012f6e859233bfca8aaa4\"><strong>Mant\u00e9ngase informado: Soluciones, historias y formas de generar impacto<\/strong><\/h2>\n\n\n\n<p>Reg\u00edstrese para recibir actualizaciones sobre el trabajo de la Alianza, incluyendo las \u00faltimas investigaciones, esfuerzos de promoci\u00f3n e historias reales de progreso \u2014 adem\u00e1s de formas en las que puede ayudar a impulsar un cambio duradero.<\/p>\n<\/div>\n\n\n\n<div class=\"wp-block-b3rg-column e-col e-col-117d0cb7e6b4934330c33fb3a4c7ee0ab7e9abd4 e-col--right e-col--email-cta-form-wrpr  col-sm-12 col-lg-6\">\n<div id=\"mc_embed_shell\">\n      <link href=\"\/\/cdn-images.mailchimp.com\/embedcode\/classic-061523.css\" rel=\"stylesheet\" type=\"text\/css\"\/>\n  <style type=\"text\/css\">\n        #mc_embed_signup{background:#fff; false;clear:left; font:14px Helvetica,Arial,sans-serif; width: 600px;}\n        \/* Add your own Mailchimp form style overrides in your site stylesheet or in this style block.\n           We recommend moving this block and the preceding CSS link to the HEAD of your HTML file. *\/\n<\/style>\n<div id=\"mc_embed_signup\">\n    <form action=\"https:\/\/endhomelessness.us9.list-manage.com\/subscribe\/post?u=466b34a51377a9504fb2ebd8f&#038;id=1cf64328bb&#038;f_id=00f7f2e0f0\" method=\"post\" id=\"mc-embedded-subscribe-form\" name=\"mc-embedded-subscribe-form\" class=\"validate\" target=\"_blank\">\n        <div id=\"mc_embed_signup_scroll\">\n            <div class=\"indicates-required\"><span class=\"asterisk\">*<\/span> indica campo obligatorio<\/div>\n            <div class=\"mc-field-group\"><label for=\"mce-EMAIL\">Direcci\u00f3n de correo electr\u00f3nico <span class=\"asterisk\">*<\/span><\/label><input type=\"email\" name=\"EMAIL\" class=\"required email\" id=\"mce-EMAIL\" required=\"\" value=\"\"\/><\/div><div class=\"mc-field-group input-group\"><strong>\u00bfC\u00f3mo deber\u00edamos comunicarnos con usted? <\/strong><ul><li><input type=\"checkbox\" name=\"group[17873][1]\" id=\"mce-group[17873]-17873-0\" value=\"\"\/><label for=\"mce-group[17873]-17873-0\">Deseo recibir semanalmente herramientas, recursos y noticias sobre la falta de vivienda<\/label><\/li><li><input type=\"checkbox\" name=\"group[17873][2]\" id=\"mce-group[17873]-17873-1\" value=\"\"\/><label for=\"mce-group[17873]-17873-1\">Deseo recibir noticias generales y actualizaciones sobre el trabajo de la Alianza<\/label><\/li><\/ul><\/div><div class=\"mc-field-group\"><label for=\"mce-FNAME\">Nombre <\/label><input type=\"text\" name=\"FNAME\" class=\" text\" id=\"mce-FNAME\" value=\"\"\/><\/div><div class=\"mc-field-group\"><label for=\"mce-LNAME\">Apellido <\/label><input type=\"text\" name=\"LNAME\" class=\" text\" id=\"mce-LNAME\" value=\"\"\/><\/div>\n<div hidden=\"\"><input type=\"hidden\" name=\"tags\" value=\"12777910\"\/><\/div>\n        <div id=\"mce-responses\" class=\"clear\">\n            <div class=\"response\" id=\"mce-error-response\" style=\"display: none;\"><\/div>\n            <div class=\"response\" id=\"mce-success-response\" style=\"display: none;\"><\/div>\n        <\/div><div aria-hidden=\"true\" style=\"position: absolute; left: -5000px;\"><input type=\"text\" name=\"b_466b34a51377a9504fb2ebd8f_1cf64328bb\" tabindex=\"-1\" value=\"\"\/><\/div><div class=\"clear\"><input type=\"submit\" name=\"subscribe\" id=\"mc-embedded-subscribe\" class=\"button\" value=\"Suscribirse\"\/><\/div>\n    <\/div>\n<\/form>\n<\/div>\n<script type=\"text\/javascript\" src=\"\/\/s3.amazonaws.com\/downloads.mailchimp.com\/js\/mc-validate.js\"><\/script><script type=\"text\/javascript\">(function($) {window.fnames = new Array(); window.ftypes = new Array();fnames[0]='EMAIL';ftypes[0]='email';fnames[1]='FNAME';ftypes[1]='text';fnames[2]='LNAME';ftypes[2]='text';fnames[12]='MMERGE12';ftypes[12]='zip';fnames[4]='MMERGE4';ftypes[4]='text';fnames[7]='CITY';ftypes[7]='text';fnames[8]='STATE';ftypes[8]='text';fnames[11]='MMERGE11';ftypes[11]='text';fnames[13]='MMERGE13';ftypes[13]='text';fnames[3]='MMERGE3';ftypes[3]='text';fnames[5]='MMERGE5';ftypes[5]='text';}(jQuery));var $mcj = jQuery.noConflict(true);<\/script><\/div>\n<\/div>\n<\/div>\n<\/div><\/section>\n","protected":false},"excerpt":{"rendered":"","protected":false},"author":1,"featured_media":14222,"parent":0,"menu_order":0,"comment_status":"closed","ping_status":"closed","template":"","meta":{"_acf_changed":false,"show_custom_date":false,"custom_date":"","featured":false,"featured_image":0,"learn_more_label":"","image_alt_text":"","learn_more_type":"","show_popup":false,"learn_more_link_file":0,"event_date":false,"event_start_date":"","event_end_date":"","place_holder_image_url":"","post_reading_time":"4","notification_enabled":false,"notification_text":"","notification_logo":"","notification_expiration_time":0,"is_enable_transparent_header":false,"hide_from_list_view":false,"selected_taxonomy_terms":{"translation_priority":[66]},"selected_primary_terms":[],"learn_more_link":[],"featured_page_list":[],"notification_enabled_post_list":[],"_relevanssi_hide_post":"","_relevanssi_hide_content":"","_relevanssi_pin_for_all":"","_relevanssi_pin_keywords":"","_relevanssi_unpin_keywords":"","_relevanssi_related_keywords":"","_relevanssi_related_include_ids":"","_relevanssi_related_exclude_ids":"","_relevanssi_related_no_append":"","_relevanssi_related_not_related":"","_relevanssi_related_posts":"","_relevanssi_noindex_reason":"","inline_featured_image":false,"news_publication":"","footnotes":""},"class_list":["post-17997","page","type-page","status-publish","has-post-thumbnail","hentry"],"acf":[],"yoast_head":"<!-- This site is optimized with the Yoast SEO Premium plugin v24.7 (Yoast SEO v27.2) - https:\/\/yoast.com\/product\/yoast-seo-premium-wordpress\/ -->\n<title>Otras formas de donar - Alianza Nacional para Erradicar la Falta de Vivienda<\/title>\n<meta name=\"description\" content=\"The National Alliance to End Homelessness is a nonpartisan, nonprofit organization committed to preventing and ending homelessness in the United States.\" \/>\n<meta name=\"robots\" content=\"index, follow, max-snippet:-1, max-image-preview:large, max-video-preview:-1\" \/>\n<link rel=\"canonical\" href=\"https:\/\/endhomelessness.org\/es\/otras-formas-de-donar\/\" \/>\n<meta property=\"og:locale\" content=\"es_ES\" \/>\n<meta property=\"og:type\" content=\"article\" \/>\n<meta property=\"og:title\" content=\"Otras formas de donar\" \/>\n<meta property=\"og:description\" content=\"The National Alliance to End Homelessness is a nonpartisan, nonprofit organization committed to preventing and ending homelessness in the United States.\" \/>\n<meta property=\"og:url\" content=\"https:\/\/endhomelessness.org\/es\/otras-formas-de-donar\/\" \/>\n<meta property=\"og:site_name\" content=\"Alianza Nacional para Erradicar la Falta de Vivienda\" \/>\n<meta property=\"article:publisher\" content=\"https:\/\/www.facebook.com\/naehomelessness\/\" \/>\n<meta property=\"article:modified_time\" content=\"2025-04-04T16:43:42+00:00\" \/>\n<meta property=\"og:image\" content=\"https:\/\/endhomelessness.org\/wp-content\/uploads\/2014\/01\/Frame-222.png\" \/>\n\t<meta property=\"og:image:width\" content=\"1068\" \/>\n\t<meta property=\"og:image:height\" content=\"684\" \/>\n\t<meta property=\"og:image:type\" content=\"image\/png\" \/>\n<meta name=\"twitter:card\" content=\"summary_large_image\" \/>\n<meta name=\"twitter:label1\" content=\"Tiempo de lectura\" \/>\n\t<meta name=\"twitter:data1\" content=\"4 minutos\" \/>\n<script type=\"application\/ld+json\" class=\"yoast-schema-graph\">{\"@context\":\"https:\/\/schema.org\",\"@graph\":[{\"@type\":\"WebPage\",\"@id\":\"https:\/\/endhomelessness.org\/es\/otras-formas-de-donar\/\",\"url\":\"https:\/\/endhomelessness.org\/es\/otras-formas-de-donar\/\",\"name\":\"Otras formas de donar - Alianza Nacional para Erradicar la Falta de Vivienda\",\"isPartOf\":{\"@id\":\"https:\/\/endhomelessness.org\/es\/#website\"},\"primaryImageOfPage\":{\"@id\":\"https:\/\/endhomelessness.org\/es\/otras-formas-de-donar\/#primaryimage\"},\"image\":{\"@id\":\"https:\/\/endhomelessness.org\/es\/otras-formas-de-donar\/#primaryimage\"},\"thumbnailUrl\":\"https:\/\/endhomelessness.org\/wp-content\/uploads\/2014\/01\/Frame-222.png\",\"datePublished\":\"2016-10-05T20:04:00+00:00\",\"dateModified\":\"2025-04-04T16:43:42+00:00\",\"description\":\"The National Alliance to End Homelessness is a nonpartisan, nonprofit organization committed to preventing and ending homelessness in the United States.\",\"breadcrumb\":{\"@id\":\"https:\/\/endhomelessness.org\/es\/otras-formas-de-donar\/#breadcrumb\"},\"inLanguage\":\"es\",\"potentialAction\":[{\"@type\":\"ReadAction\",\"target\":[\"https:\/\/endhomelessness.org\/es\/otras-formas-de-donar\/\"]}]},{\"@type\":\"ImageObject\",\"inLanguage\":\"es\",\"@id\":\"https:\/\/endhomelessness.org\/es\/otras-formas-de-donar\/#primaryimage\",\"url\":\"https:\/\/endhomelessness.org\/wp-content\/uploads\/2014\/01\/Frame-222.png\",\"contentUrl\":\"https:\/\/endhomelessness.org\/wp-content\/uploads\/2014\/01\/Frame-222.png\",\"width\":1068,\"height\":684,\"caption\":\"National Alliance to End Homelessness logo\"},{\"@type\":\"BreadcrumbList\",\"@id\":\"https:\/\/endhomelessness.org\/es\/otras-formas-de-donar\/#breadcrumb\",\"itemListElement\":[{\"@type\":\"ListItem\",\"position\":1,\"name\":\"Inicio\",\"item\":\"https:\/\/endhomelessness.org\/es\/home-page-2-2-2\/\"},{\"@type\":\"ListItem\",\"position\":2,\"name\":\"Otras formas de donar\"}]},{\"@type\":\"WebSite\",\"@id\":\"https:\/\/endhomelessness.org\/es\/#website\",\"url\":\"https:\/\/endhomelessness.org\/es\/\",\"name\":\"National Alliance to End Homelessness\",\"description\":\"Organizaci\u00f3n no partidista para prevenir y erradicar la falta de vivienda en EE.UU.\",\"publisher\":{\"@id\":\"https:\/\/endhomelessness.org\/es\/#organization\"},\"potentialAction\":[{\"@type\":\"SearchAction\",\"target\":{\"@type\":\"EntryPoint\",\"urlTemplate\":\"https:\/\/endhomelessness.org\/es\/?s={search_term_string}\"},\"query-input\":{\"@type\":\"PropertyValueSpecification\",\"valueRequired\":true,\"valueName\":\"search_term_string\"}}],\"inLanguage\":\"es\"},{\"@type\":\"Organization\",\"@id\":\"https:\/\/endhomelessness.org\/es\/#organization\",\"name\":\"Alianza Nacional para Erradicar la Falta de Vivienda\",\"url\":\"https:\/\/endhomelessness.org\/es\/\",\"logo\":{\"@type\":\"ImageObject\",\"inLanguage\":\"es\",\"@id\":\"https:\/\/endhomelessness.org\/es\/#\/schema\/logo\/image\/\",\"url\":\"https:\/\/endhomelessness.org\/wp-content\/uploads\/2024\/09\/logo-2.webp\",\"contentUrl\":\"https:\/\/endhomelessness.org\/wp-content\/uploads\/2024\/09\/logo-2.webp\",\"width\":687,\"height\":361,\"caption\":\"Alianza Nacional para Erradicar la Falta de Vivienda\"},\"image\":{\"@id\":\"https:\/\/endhomelessness.org\/es\/#\/schema\/logo\/image\/\"},\"sameAs\":[\"https:\/\/www.facebook.com\/naehomelessness\/\",\"https:\/\/www.youtube.com\/@EndingHomelessness\",\"https:\/\/www.linkedin.com\/company\/national-alliance-to-end-homelessness\/\",\"https:\/\/instagram.com\/naeh_endhomelessness\"]}]}<\/script>\n<!-- \/ Yoast SEO Premium plugin. -->","yoast_head_json":{"title":"Otras formas de donar - Alianza Nacional para Erradicar la Falta de Vivienda","description":"The National Alliance to End Homelessness is a nonpartisan, nonprofit organization committed to preventing and ending homelessness in the United States.","robots":{"index":"index","follow":"follow","max-snippet":"max-snippet:-1","max-image-preview":"max-image-preview:large","max-video-preview":"max-video-preview:-1"},"canonical":"https:\/\/endhomelessness.org\/es\/otras-formas-de-donar\/","og_locale":"es_ES","og_type":"article","og_title":"Otras formas de donar","og_description":"The National Alliance to End Homelessness is a nonpartisan, nonprofit organization committed to preventing and ending homelessness in the United States.","og_url":"https:\/\/endhomelessness.org\/es\/otras-formas-de-donar\/","og_site_name":"Alianza Nacional para Erradicar la Falta de Vivienda","article_publisher":"https:\/\/www.facebook.com\/naehomelessness\/","article_modified_time":"2025-04-04T16:43:42+00:00","og_image":[{"width":1068,"height":684,"url":"https:\/\/endhomelessness.org\/wp-content\/uploads\/2014\/01\/Frame-222.png","type":"image\/png"}],"twitter_card":"summary_large_image","twitter_misc":{"Tiempo de lectura":"4 minutos"},"schema":{"@context":"https:\/\/schema.org","@graph":[{"@type":"WebPage","@id":"https:\/\/endhomelessness.org\/es\/otras-formas-de-donar\/","url":"https:\/\/endhomelessness.org\/es\/otras-formas-de-donar\/","name":"Otras formas de donar - Alianza Nacional para Erradicar la Falta de Vivienda","isPartOf":{"@id":"https:\/\/endhomelessness.org\/es\/#website"},"primaryImageOfPage":{"@id":"https:\/\/endhomelessness.org\/es\/otras-formas-de-donar\/#primaryimage"},"image":{"@id":"https:\/\/endhomelessness.org\/es\/otras-formas-de-donar\/#primaryimage"},"thumbnailUrl":"https:\/\/endhomelessness.org\/wp-content\/uploads\/2014\/01\/Frame-222.png","datePublished":"2016-10-05T20:04:00+00:00","dateModified":"2025-04-04T16:43:42+00:00","description":"The National Alliance to End Homelessness is a nonpartisan, nonprofit organization committed to preventing and ending homelessness in the United States.","breadcrumb":{"@id":"https:\/\/endhomelessness.org\/es\/otras-formas-de-donar\/#breadcrumb"},"inLanguage":"es","potentialAction":[{"@type":"ReadAction","target":["https:\/\/endhomelessness.org\/es\/otras-formas-de-donar\/"]}]},{"@type":"ImageObject","inLanguage":"es","@id":"https:\/\/endhomelessness.org\/es\/otras-formas-de-donar\/#primaryimage","url":"https:\/\/endhomelessness.org\/wp-content\/uploads\/2014\/01\/Frame-222.png","contentUrl":"https:\/\/endhomelessness.org\/wp-content\/uploads\/2014\/01\/Frame-222.png","width":1068,"height":684,"caption":"National Alliance to End Homelessness logo"},{"@type":"BreadcrumbList","@id":"https:\/\/endhomelessness.org\/es\/otras-formas-de-donar\/#breadcrumb","itemListElement":[{"@type":"ListItem","position":1,"name":"Inicio","item":"https:\/\/endhomelessness.org\/es\/home-page-2-2-2\/"},{"@type":"ListItem","position":2,"name":"Otras formas de donar"}]},{"@type":"WebSite","@id":"https:\/\/endhomelessness.org\/es\/#website","url":"https:\/\/endhomelessness.org\/es\/","name":"National Alliance to End Homelessness","description":"Organizaci\u00f3n no partidista para prevenir y erradicar la falta de vivienda en EE.UU.","publisher":{"@id":"https:\/\/endhomelessness.org\/es\/#organization"},"potentialAction":[{"@type":"SearchAction","target":{"@type":"EntryPoint","urlTemplate":"https:\/\/endhomelessness.org\/es\/?s={search_term_string}"},"query-input":{"@type":"PropertyValueSpecification","valueRequired":true,"valueName":"search_term_string"}}],"inLanguage":"es"},{"@type":"Organization","@id":"https:\/\/endhomelessness.org\/es\/#organization","name":"Alianza Nacional para Erradicar la Falta de Vivienda","url":"https:\/\/endhomelessness.org\/es\/","logo":{"@type":"ImageObject","inLanguage":"es","@id":"https:\/\/endhomelessness.org\/es\/#\/schema\/logo\/image\/","url":"https:\/\/endhomelessness.org\/wp-content\/uploads\/2024\/09\/logo-2.webp","contentUrl":"https:\/\/endhomelessness.org\/wp-content\/uploads\/2024\/09\/logo-2.webp","width":687,"height":361,"caption":"Alianza Nacional para Erradicar la Falta de Vivienda"},"image":{"@id":"https:\/\/endhomelessness.org\/es\/#\/schema\/logo\/image\/"},"sameAs":["https:\/\/www.facebook.com\/naehomelessness\/","https:\/\/www.youtube.com\/@EndingHomelessness","https:\/\/www.linkedin.com\/company\/national-alliance-to-end-homelessness\/","https:\/\/instagram.com\/naeh_endhomelessness"]}]}},"_links":{"self":[{"href":"https:\/\/endhomelessness.org\/es\/wp-json\/wp\/v2\/pages\/17997","targetHints":{"allow":["GET"]}}],"collection":[{"href":"https:\/\/endhomelessness.org\/es\/wp-json\/wp\/v2\/pages"}],"about":[{"href":"https:\/\/endhomelessness.org\/es\/wp-json\/wp\/v2\/types\/page"}],"author":[{"embeddable":true,"href":"https:\/\/endhomelessness.org\/es\/wp-json\/wp\/v2\/users\/1"}],"replies":[{"embeddable":true,"href":"https:\/\/endhomelessness.org\/es\/wp-json\/wp\/v2\/comments?post=17997"}],"version-history":[{"count":0,"href":"https:\/\/endhomelessness.org\/es\/wp-json\/wp\/v2\/pages\/17997\/revisions"}],"wp:featuredmedia":[{"embeddable":true,"href":"https:\/\/endhomelessness.org\/es\/wp-json\/wp\/v2\/media\/14222"}],"wp:attachment":[{"href":"https:\/\/endhomelessness.org\/es\/wp-json\/wp\/v2\/media?parent=17997"}],"curies":[{"name":"wp","href":"https:\/\/api.w.org\/{rel}","templated":true}]}}