{"id":20357,"date":"2025-08-07T15:44:36","date_gmt":"2025-08-07T19:44:36","guid":{"rendered":"https:\/\/endhomelessness.org\/?page_id=20357"},"modified":"2025-09-08T09:20:35","modified_gmt":"2025-09-08T13:20:35","slug":"tomar-accion-el-congreso-debe-apoyar-la-financiacion-critica-de-las-subvenciones-de-asistencia-para-personas-sin-hogar-2","status":"publish","type":"page","link":"https:\/\/endhomelessness.org\/es\/suscribase-a-las-alertas-de-promocion-de-la-alianza\/tomar-accion-el-congreso-debe-apoyar-la-financiacion-critica-de-las-subvenciones-de-asistencia-para-personas-sin-hogar-2\/","title":{"rendered":"ACT\u00daE AHORA para evitar recortes severos en HUD"},"content":{"rendered":"\n<section class=\"e-stn e-stn-9f4224d27ba80befd403eaec1a4825ef4e012794 e-stn--contact-form\"><div class=\"container\">\n<div class=\"wp-block-b3rg-row e-row row\">\n<div class=\"wp-block-b3rg-column e-col e-col-14aff9150f9f549187a63850ea60b8e7c1abcbb0  col-sm-12 col-lg-6\">\n<div class=\"wp-block-b3rg-row e-row row\">\n<div class=\"wp-block-b3rg-column e-col e-col-ace831841ae6ba6894718dbe446538456bed6c8a  col-sm-12\"><h1 class=\"wp-block-post-title\">ACT\u00daE AHORA para evitar recortes severos en HUD<\/h1>\n\n\n<p>Aunque la C\u00e1mara de Representantes y el Senado no retomaron las desastrosas propuestas de la Administraci\u00f3n para recortar la financiaci\u00f3n del Departamento de Vivienda y Desarrollo Urbano de los Estados Unidos (HUD), no podemos ceder a la presi\u00f3n. El Congreso est\u00e1 proponiendo niveles de financiaci\u00f3n irresponsablemente bajos.  <\/p>\n\n\n\n<p><strong>Necesitamos que alce su voz HOY para abogar por un presupuesto que proporcione recursos para pr\u00e1cticas basadas en evidencia para escalar.<\/strong><\/p>\n\n\n\n<h2 class=\"wp-block-heading\" id=\"h-advocacy-materials\">Materiales de promoci\u00f3n<\/h2>\n\n\n\n<div style=\"height:25px\" aria-hidden=\"true\" class=\"wp-block-spacer\"><\/div>\n\n\n\n<p>Utilice los materiales a continuaci\u00f3n para personalizar sus mensajes al Congreso. <\/p>\n\n\n\n<div style=\"height:21px\" aria-hidden=\"true\" class=\"wp-block-spacer\"><\/div>\n\n\n\n<div class=\"e-div e-div-0ca5a20827845a2a29cf27bf33ee6dbdd236cc81 e-div--button-wrapper\"><div class=\"e-btn e-btn--link\"><a class=\"e-btn__link\"href=\"https:\/\/endhomelessness.org\/media\/news-releases\/national-alliance-to-end-homelessness-statement-on-president-trumps-fy2026-federal-budget-proposal\/\" target=\"_self\">\n<p class=\"title\"><a href=\"https:\/\/endhomelessness.org\/es\/increase-federal-funding-for-homelessness-programs\/fy2026-resource-series\/\">Serie de recursos del presupuesto federal del a\u00f1o fiscal 26<\/a><\/p>\n<\/a><\/div>\n\n<div class=\"e-btn e-btn--link\"><a class=\"e-btn__link\"href=\"https:\/\/endhomelessness.org\/wp-content\/uploads\/2025\/05\/FY26-Homeless-Assistance-Grants-How-Congress-Can-Help-Solve-Homelessness.pdf?emci=84ff9e22-d829-f011-8b3d-6045bded8cca&amp;emdi=d45bab89-ed29-f011-8b3d-6045bded8cca&amp;ceid=12482373\" target=\"_self\">\n<p class=\"title\">Hoja informativa: C\u00f3mo el Congreso puede ayudar a resolver el problema de las personas sin hogar<\/p>\n<\/a><\/div>\n\n<div class=\"e-btn e-btn--link\"><a class=\"e-btn__link\"href=\"https:\/\/endhomelessness.org\/wp-content\/uploads\/2025\/05\/FY26-Homeless-Assistance-Grants-How-Congress-Can-Help-Solve-Homelessness.pdf?emci=84ff9e22-d829-f011-8b3d-6045bded8cca&amp;emdi=d45bab89-ed29-f011-8b3d-6045bded8cca&amp;ceid=12482373\" target=\"_self\">\n<p class=\"title\"><a href=\"https:\/\/endhomelessness.org\/resources\/policy-information\/fy26-house-senate-transportation-housing-and-urban-development-subcommittee-bills\/\">Gr\u00e1fico del presupuesto para personas sin hogar del a\u00f1o fiscal 26<\/a><\/p>\n<\/a><\/div><\/div>\n\n\n\n<div style=\"height:25px\" aria-hidden=\"true\" class=\"wp-block-spacer\"><\/div>\n\n\n\n<h2 class=\"wp-block-heading\" id=\"h-3-key-ways-to-advocate-today\">3 formas clave de abogar hoy:<\/h2>\n\n\n<div class=\"e-acc e-acc--dlt\" data-settings='{\"forceExpand\":false,\"toggleMode\":true,\"colBreakPoint\":576,\"floatPanel\":false,\"autoSlide\":false,\"autoPlayInterval\":3000,\"pauseOnFocus\":true}' data-accordion='e-acc_69ec0c0bd5a6a'><div class=\"e-acc__itms-wrpr\"><div class=\"e-acc__itm-wrpr\" data-item-id='e-acc-itm-id-0'><div class=\"e-acc__itm\"><div class=\"e-acc__itm-hdr-wrpr\" data-toggle='collapse' data-target='e-acc-itm-id-0'><div class=\"e-acc__itm-hdr\">\n<h2 class=\"wp-block-heading\" id=\"h-call-your-lawmakers-d-c-offices\"><strong>Llame a las oficinas de Washington D.C. de sus legisladores.<\/strong><\/h2>\n<\/div><\/div><div class=\"e-acc__itm-bdy-wrpr\" id='e-acc-itm-id-0' style='display: none'><div class=\"e-acc__itm-bdy\">\n<ul class=\"wp-block-list\">\n<li>The Capitol Hill switchboard is&nbsp;<strong>(202) 224-3121<\/strong>. A switchboard operator will connect you directly with the House or Senate office you request. Don\u2019t know what to say? Please use this script or change it to convey your own message.&nbsp;&nbsp;&nbsp;\n<ul class=\"wp-block-list\">\n<li><strong>Guion telef\u00f3nico: <\/strong>\u201cLa falta de vivienda se encuentra en un m\u00e1ximo hist\u00f3rico, \u00a1y nuestra comunidad necesita su apoyo! Les insto a que apoyen $4920 millones para los programas de Subvenciones de Asistencia para Personas sin Hogar de HUD, que desempe\u00f1an un papel fundamental en los esfuerzos para prevenir y acabar con la falta de vivienda en nuestro distrito\/estado.\u00bb <\/li>\n\n\n\n<li>Adapte con ejemplos de por qu\u00e9 esta financiaci\u00f3n es tan importante. Proporcione datos, si puede, de lo que significar\u00eda el aumento de fondos en su comunidad y cu\u00e1l ser\u00eda el impacto de las propuestas presupuestarias del Presidente.  <\/li>\n\n\n\n<li>Comparta historias de \u00e9xito de personas que se han visto directamente afectadas por estos programas; esto ayudar\u00e1 a los legisladores a ver c\u00f3mo sus decisiones pol\u00edticas impactan a personas reales. <\/li>\n<\/ul>\n<\/li>\n\n\n\n<li>Por favor, aseg\u00farese de proporcionar su nombre y direcci\u00f3n para que el personal sepa que usted es un constituyente, le tome en serio y le env\u00ede una respuesta por escrito. <\/li>\n<\/ul>\n<\/div><\/div><\/div><\/div><div class=\"e-acc__itm-wrpr\" data-item-id='e-acc-itm-id-1'><div class=\"e-acc__itm\"><div class=\"e-acc__itm-hdr-wrpr\" data-toggle='collapse' data-target='e-acc-itm-id-1'><div class=\"e-acc__itm-hdr\">\n<h2 class=\"wp-block-heading\" id=\"h-send-a-personalized-email-to-your-lawmaker-s-office\"><strong>Env\u00ede un correo electr\u00f3nico personalizado<\/strong> <strong>a la oficina de su legislador.<\/strong><\/h2>\n<\/div><\/div><div class=\"e-acc__itm-bdy-wrpr\" id='e-acc-itm-id-1' style='display: none'><div class=\"e-acc__itm-bdy\">\n<ul class=\"wp-block-list\">\n<li>Si ya dispone de un contacto del personal o una direcci\u00f3n de correo electr\u00f3nico de la oficina de su miembro del Congreso, por favor env\u00edeles un correo electr\u00f3nico directamente en lugar de utilizar el formulario. Es m\u00e1s probable que los legisladores presten atenci\u00f3n a los correos electr\u00f3nicos que incluyan detalles personales. Cree su propio correo electr\u00f3nico utilizando la informaci\u00f3n proporcionada en este mensaje y personal\u00edcelo con detalles espec\u00edficos sobre el impacto potencial para su organizaci\u00f3n y comunidad.   <\/li>\n\n\n\n<li>Por favor, aseg\u00farese de proporcionar su nombre y direcci\u00f3n para que el personal sepa que usted es un constituyente, le tome en serio y le env\u00ede una respuesta por escrito. <\/li>\n<\/ul>\n<\/div><\/div><\/div><\/div><div class=\"e-acc__itm-wrpr\" data-item-id='e-acc-itm-id-2'><div class=\"e-acc__itm\"><div class=\"e-acc__itm-hdr-wrpr\" data-toggle='collapse' data-target='e-acc-itm-id-2'><div class=\"e-acc__itm-hdr\">\n<h2 class=\"wp-block-heading\" id=\"h-fill-out-the-alliance-s-online-advocacy-form-on-this-page\"><strong>Complete el formulario de abogac\u00eda en l\u00ednea de la Alianza en esta p\u00e1gina.<\/strong><\/h2>\n<\/div><\/div><div class=\"e-acc__itm-bdy-wrpr\" id='e-acc-itm-id-2' style='display: none'><div class=\"e-acc__itm-bdy\">\n<p>Ingrese su nombre, direcci\u00f3n y correo electr\u00f3nico, y se enviar\u00e1 un mensaje de muestra a sus Miembros del Congreso. \u00a1Por favor, personalice este correo electr\u00f3nico si es posible! <\/p>\n<\/div><\/div><\/div><\/div><\/div> <\/div><\/div>\n<\/div>\n<\/div>\n\n\n\n<div class=\"wp-block-b3rg-column e-col e-col-8def9729bd6847a18710b77d80002b58244f8dc1 e-col--right  col-sm-12 col-md-6 col-lg-6\"><link rel='preload' href='https:\/\/static.everyaction.com\/ea-actiontag\/at.js' as='script' crossorigin='anonymous'>\n <link rel='preload' href='https:\/\/static.everyaction.com\/ea-actiontag\/at.min.css' as='style'>\n <script type='text\/javascript' src='https:\/\/static.everyaction.com\/ea-actiontag\/at.js' crossorigin='anonymous'><\/script><\/p>\n<div class=\"ngp-form\"\n     data-form-url=\"https:\/\/advocator.ngpvan.com\/https%3a%2f%2fsecure.everyaction.com%2fv1%2fForms%2fKW-8jXzWwUqTQUL-DBFfRg2\/ngpForm\"\n          data-fastaction-endpoint=\"https:\/\/fastaction.ngpvan.com\"\n     data-inline-errors=\"true\"\n     data-fastaction-nologin=\"true\"\n          data-mobile-autofocus=\"false\">\n<\/div>\n<\/div>\n<\/div>\n<\/div><\/section>\n","protected":false},"excerpt":{"rendered":"","protected":false},"author":1,"featured_media":14222,"parent":17531,"menu_order":0,"comment_status":"closed","ping_status":"closed","template":"","meta":{"_acf_changed":false,"show_custom_date":false,"custom_date":"","featured":false,"featured_image":0,"learn_more_label":"","image_alt_text":"","learn_more_type":"","show_popup":false,"learn_more_link_file":0,"event_date":false,"event_start_date":"","event_end_date":"","place_holder_image_url":"","post_reading_time":"2","notification_enabled":false,"notification_text":"","notification_logo":"","notification_expiration_time":0,"is_enable_transparent_header":false,"hide_from_list_view":false,"selected_taxonomy_terms":{"translation_priority":[66]},"selected_primary_terms":[],"learn_more_link":[],"featured_page_list":[],"notification_enabled_post_list":[],"_relevanssi_hide_post":"","_relevanssi_hide_content":"","_relevanssi_pin_for_all":"","_relevanssi_pin_keywords":"","_relevanssi_unpin_keywords":"","_relevanssi_related_keywords":"","_relevanssi_related_include_ids":"","_relevanssi_related_exclude_ids":"","_relevanssi_related_no_append":"","_relevanssi_related_not_related":"","_relevanssi_related_posts":"","_relevanssi_noindex_reason":"","inline_featured_image":false,"news_publication":"","footnotes":""},"class_list":["post-20357","page","type-page","status-publish","has-post-thumbnail","hentry"],"acf":[],"yoast_head":"<!-- This site is optimized with the Yoast SEO Premium plugin v24.7 (Yoast SEO v27.4) - https:\/\/yoast.com\/product\/yoast-seo-premium-wordpress\/ -->\n<title>ACT\u00daE AHORA para evitar recortes severos en HUD - Alianza Nacional para Erradicar la Falta de Vivienda<\/title>\n<meta name=\"description\" content=\"The National Alliance to End Homelessness is a nonpartisan, nonprofit organization committed to preventing and ending homelessness in the United States.\" \/>\n<meta name=\"robots\" content=\"index, follow, max-snippet:-1, max-image-preview:large, max-video-preview:-1\" \/>\n<link rel=\"canonical\" href=\"https:\/\/endhomelessness.org\/es\/suscribase-a-las-alertas-de-promocion-de-la-alianza\/tomar-accion-el-congreso-debe-apoyar-la-financiacion-critica-de-las-subvenciones-de-asistencia-para-personas-sin-hogar-2\/\" \/>\n<meta property=\"og:locale\" content=\"es_ES\" \/>\n<meta property=\"og:type\" content=\"article\" \/>\n<meta property=\"og:title\" content=\"ACT\u00daE AHORA para evitar recortes severos en HUD\" \/>\n<meta property=\"og:description\" content=\"The National Alliance to End Homelessness is a nonpartisan, nonprofit organization committed to preventing and ending homelessness in the United States.\" \/>\n<meta property=\"og:url\" content=\"https:\/\/endhomelessness.org\/es\/suscribase-a-las-alertas-de-promocion-de-la-alianza\/tomar-accion-el-congreso-debe-apoyar-la-financiacion-critica-de-las-subvenciones-de-asistencia-para-personas-sin-hogar-2\/\" \/>\n<meta property=\"og:site_name\" content=\"Alianza Nacional para Erradicar la Falta de Vivienda\" \/>\n<meta property=\"article:publisher\" content=\"https:\/\/www.facebook.com\/naehomelessness\/\" \/>\n<meta property=\"article:modified_time\" content=\"2025-09-08T13:20:35+00:00\" \/>\n<meta property=\"og:image\" content=\"https:\/\/endhomelessness.org\/wp-content\/uploads\/2014\/01\/Frame-222.png\" \/>\n\t<meta property=\"og:image:width\" content=\"1068\" \/>\n\t<meta property=\"og:image:height\" content=\"684\" \/>\n\t<meta property=\"og:image:type\" content=\"image\/png\" \/>\n<meta name=\"twitter:card\" content=\"summary_large_image\" \/>\n<meta name=\"twitter:label1\" content=\"Tiempo de lectura\" \/>\n\t<meta name=\"twitter:data1\" content=\"3 minutos\" \/>\n<script type=\"application\/ld+json\" class=\"yoast-schema-graph\">{\"@context\":\"https:\\\/\\\/schema.org\",\"@graph\":[{\"@type\":\"WebPage\",\"@id\":\"https:\\\/\\\/endhomelessness.org\\\/es\\\/suscribase-a-las-alertas-de-promocion-de-la-alianza\\\/tomar-accion-el-congreso-debe-apoyar-la-financiacion-critica-de-las-subvenciones-de-asistencia-para-personas-sin-hogar-2\\\/\",\"url\":\"https:\\\/\\\/endhomelessness.org\\\/es\\\/suscribase-a-las-alertas-de-promocion-de-la-alianza\\\/tomar-accion-el-congreso-debe-apoyar-la-financiacion-critica-de-las-subvenciones-de-asistencia-para-personas-sin-hogar-2\\\/\",\"name\":\"ACT\u00daE AHORA para evitar recortes severos en HUD - Alianza Nacional para Erradicar la Falta de Vivienda\",\"isPartOf\":{\"@id\":\"https:\\\/\\\/endhomelessness.org\\\/es\\\/#website\"},\"primaryImageOfPage\":{\"@id\":\"https:\\\/\\\/endhomelessness.org\\\/es\\\/suscribase-a-las-alertas-de-promocion-de-la-alianza\\\/tomar-accion-el-congreso-debe-apoyar-la-financiacion-critica-de-las-subvenciones-de-asistencia-para-personas-sin-hogar-2\\\/#primaryimage\"},\"image\":{\"@id\":\"https:\\\/\\\/endhomelessness.org\\\/es\\\/suscribase-a-las-alertas-de-promocion-de-la-alianza\\\/tomar-accion-el-congreso-debe-apoyar-la-financiacion-critica-de-las-subvenciones-de-asistencia-para-personas-sin-hogar-2\\\/#primaryimage\"},\"thumbnailUrl\":\"https:\\\/\\\/endhomelessness.org\\\/wp-content\\\/uploads\\\/2014\\\/01\\\/Frame-222.png\",\"datePublished\":\"2025-08-07T19:44:36+00:00\",\"dateModified\":\"2025-09-08T13:20:35+00:00\",\"description\":\"The National Alliance to End Homelessness is a nonpartisan, nonprofit organization committed to preventing and ending homelessness in the United States.\",\"breadcrumb\":{\"@id\":\"https:\\\/\\\/endhomelessness.org\\\/es\\\/suscribase-a-las-alertas-de-promocion-de-la-alianza\\\/tomar-accion-el-congreso-debe-apoyar-la-financiacion-critica-de-las-subvenciones-de-asistencia-para-personas-sin-hogar-2\\\/#breadcrumb\"},\"inLanguage\":\"es\",\"potentialAction\":[{\"@type\":\"ReadAction\",\"target\":[\"https:\\\/\\\/endhomelessness.org\\\/es\\\/suscribase-a-las-alertas-de-promocion-de-la-alianza\\\/tomar-accion-el-congreso-debe-apoyar-la-financiacion-critica-de-las-subvenciones-de-asistencia-para-personas-sin-hogar-2\\\/\"]}]},{\"@type\":\"ImageObject\",\"inLanguage\":\"es\",\"@id\":\"https:\\\/\\\/endhomelessness.org\\\/es\\\/suscribase-a-las-alertas-de-promocion-de-la-alianza\\\/tomar-accion-el-congreso-debe-apoyar-la-financiacion-critica-de-las-subvenciones-de-asistencia-para-personas-sin-hogar-2\\\/#primaryimage\",\"url\":\"https:\\\/\\\/endhomelessness.org\\\/wp-content\\\/uploads\\\/2014\\\/01\\\/Frame-222.png\",\"contentUrl\":\"https:\\\/\\\/endhomelessness.org\\\/wp-content\\\/uploads\\\/2014\\\/01\\\/Frame-222.png\",\"width\":1068,\"height\":684,\"caption\":\"National Alliance to End Homelessness logo\"},{\"@type\":\"BreadcrumbList\",\"@id\":\"https:\\\/\\\/endhomelessness.org\\\/es\\\/suscribase-a-las-alertas-de-promocion-de-la-alianza\\\/tomar-accion-el-congreso-debe-apoyar-la-financiacion-critica-de-las-subvenciones-de-asistencia-para-personas-sin-hogar-2\\\/#breadcrumb\",\"itemListElement\":[{\"@type\":\"ListItem\",\"position\":1,\"name\":\"Inicio\",\"item\":\"https:\\\/\\\/endhomelessness.org\\\/es\\\/home-page-2-2-2\\\/\"},{\"@type\":\"ListItem\",\"position\":2,\"name\":\"\u00danete a la Red de Defensa de la Alianza\",\"item\":\"https:\\\/\\\/endhomelessness.org\\\/es\\\/accion\\\/\"},{\"@type\":\"ListItem\",\"position\":3,\"name\":\"ACT\u00daE AHORA para evitar recortes severos en HUD\"}]},{\"@type\":\"WebSite\",\"@id\":\"https:\\\/\\\/endhomelessness.org\\\/es\\\/#website\",\"url\":\"https:\\\/\\\/endhomelessness.org\\\/es\\\/\",\"name\":\"National Alliance to End Homelessness\",\"description\":\"Organizaci\u00f3n no partidista para prevenir y erradicar la falta de vivienda en EE.UU.\",\"publisher\":{\"@id\":\"https:\\\/\\\/endhomelessness.org\\\/es\\\/#organization\"},\"potentialAction\":[{\"@type\":\"SearchAction\",\"target\":{\"@type\":\"EntryPoint\",\"urlTemplate\":\"https:\\\/\\\/endhomelessness.org\\\/es\\\/?s={search_term_string}\"},\"query-input\":{\"@type\":\"PropertyValueSpecification\",\"valueRequired\":true,\"valueName\":\"search_term_string\"}}],\"inLanguage\":\"es\"},{\"@type\":\"Organization\",\"@id\":\"https:\\\/\\\/endhomelessness.org\\\/es\\\/#organization\",\"name\":\"Alianza Nacional para Erradicar la Falta de Vivienda\",\"url\":\"https:\\\/\\\/endhomelessness.org\\\/es\\\/\",\"logo\":{\"@type\":\"ImageObject\",\"inLanguage\":\"es\",\"@id\":\"https:\\\/\\\/endhomelessness.org\\\/es\\\/#\\\/schema\\\/logo\\\/image\\\/\",\"url\":\"https:\\\/\\\/endhomelessness.org\\\/wp-content\\\/uploads\\\/2024\\\/09\\\/logo-2.webp\",\"contentUrl\":\"https:\\\/\\\/endhomelessness.org\\\/wp-content\\\/uploads\\\/2024\\\/09\\\/logo-2.webp\",\"width\":687,\"height\":361,\"caption\":\"Alianza Nacional para Erradicar la Falta de Vivienda\"},\"image\":{\"@id\":\"https:\\\/\\\/endhomelessness.org\\\/es\\\/#\\\/schema\\\/logo\\\/image\\\/\"},\"sameAs\":[\"https:\\\/\\\/www.facebook.com\\\/naehomelessness\\\/\",\"https:\\\/\\\/www.youtube.com\\\/@EndingHomelessness\",\"https:\\\/\\\/www.linkedin.com\\\/company\\\/national-alliance-to-end-homelessness\\\/\",\"https:\\\/\\\/instagram.com\\\/naeh_endhomelessness\"]}]}<\/script>\n<!-- \/ Yoast SEO Premium plugin. -->","yoast_head_json":{"title":"ACT\u00daE AHORA para evitar recortes severos en HUD - Alianza Nacional para Erradicar la Falta de Vivienda","description":"The National Alliance to End Homelessness is a nonpartisan, nonprofit organization committed to preventing and ending homelessness in the United States.","robots":{"index":"index","follow":"follow","max-snippet":"max-snippet:-1","max-image-preview":"max-image-preview:large","max-video-preview":"max-video-preview:-1"},"canonical":"https:\/\/endhomelessness.org\/es\/suscribase-a-las-alertas-de-promocion-de-la-alianza\/tomar-accion-el-congreso-debe-apoyar-la-financiacion-critica-de-las-subvenciones-de-asistencia-para-personas-sin-hogar-2\/","og_locale":"es_ES","og_type":"article","og_title":"ACT\u00daE AHORA para evitar recortes severos en HUD","og_description":"The National Alliance to End Homelessness is a nonpartisan, nonprofit organization committed to preventing and ending homelessness in the United States.","og_url":"https:\/\/endhomelessness.org\/es\/suscribase-a-las-alertas-de-promocion-de-la-alianza\/tomar-accion-el-congreso-debe-apoyar-la-financiacion-critica-de-las-subvenciones-de-asistencia-para-personas-sin-hogar-2\/","og_site_name":"Alianza Nacional para Erradicar la Falta de Vivienda","article_publisher":"https:\/\/www.facebook.com\/naehomelessness\/","article_modified_time":"2025-09-08T13:20:35+00:00","og_image":[{"width":1068,"height":684,"url":"https:\/\/endhomelessness.org\/wp-content\/uploads\/2014\/01\/Frame-222.png","type":"image\/png"}],"twitter_card":"summary_large_image","twitter_misc":{"Tiempo de lectura":"3 minutos"},"schema":{"@context":"https:\/\/schema.org","@graph":[{"@type":"WebPage","@id":"https:\/\/endhomelessness.org\/es\/suscribase-a-las-alertas-de-promocion-de-la-alianza\/tomar-accion-el-congreso-debe-apoyar-la-financiacion-critica-de-las-subvenciones-de-asistencia-para-personas-sin-hogar-2\/","url":"https:\/\/endhomelessness.org\/es\/suscribase-a-las-alertas-de-promocion-de-la-alianza\/tomar-accion-el-congreso-debe-apoyar-la-financiacion-critica-de-las-subvenciones-de-asistencia-para-personas-sin-hogar-2\/","name":"ACT\u00daE AHORA para evitar recortes severos en HUD - Alianza Nacional para Erradicar la Falta de Vivienda","isPartOf":{"@id":"https:\/\/endhomelessness.org\/es\/#website"},"primaryImageOfPage":{"@id":"https:\/\/endhomelessness.org\/es\/suscribase-a-las-alertas-de-promocion-de-la-alianza\/tomar-accion-el-congreso-debe-apoyar-la-financiacion-critica-de-las-subvenciones-de-asistencia-para-personas-sin-hogar-2\/#primaryimage"},"image":{"@id":"https:\/\/endhomelessness.org\/es\/suscribase-a-las-alertas-de-promocion-de-la-alianza\/tomar-accion-el-congreso-debe-apoyar-la-financiacion-critica-de-las-subvenciones-de-asistencia-para-personas-sin-hogar-2\/#primaryimage"},"thumbnailUrl":"https:\/\/endhomelessness.org\/wp-content\/uploads\/2014\/01\/Frame-222.png","datePublished":"2025-08-07T19:44:36+00:00","dateModified":"2025-09-08T13:20:35+00:00","description":"The National Alliance to End Homelessness is a nonpartisan, nonprofit organization committed to preventing and ending homelessness in the United States.","breadcrumb":{"@id":"https:\/\/endhomelessness.org\/es\/suscribase-a-las-alertas-de-promocion-de-la-alianza\/tomar-accion-el-congreso-debe-apoyar-la-financiacion-critica-de-las-subvenciones-de-asistencia-para-personas-sin-hogar-2\/#breadcrumb"},"inLanguage":"es","potentialAction":[{"@type":"ReadAction","target":["https:\/\/endhomelessness.org\/es\/suscribase-a-las-alertas-de-promocion-de-la-alianza\/tomar-accion-el-congreso-debe-apoyar-la-financiacion-critica-de-las-subvenciones-de-asistencia-para-personas-sin-hogar-2\/"]}]},{"@type":"ImageObject","inLanguage":"es","@id":"https:\/\/endhomelessness.org\/es\/suscribase-a-las-alertas-de-promocion-de-la-alianza\/tomar-accion-el-congreso-debe-apoyar-la-financiacion-critica-de-las-subvenciones-de-asistencia-para-personas-sin-hogar-2\/#primaryimage","url":"https:\/\/endhomelessness.org\/wp-content\/uploads\/2014\/01\/Frame-222.png","contentUrl":"https:\/\/endhomelessness.org\/wp-content\/uploads\/2014\/01\/Frame-222.png","width":1068,"height":684,"caption":"National Alliance to End Homelessness logo"},{"@type":"BreadcrumbList","@id":"https:\/\/endhomelessness.org\/es\/suscribase-a-las-alertas-de-promocion-de-la-alianza\/tomar-accion-el-congreso-debe-apoyar-la-financiacion-critica-de-las-subvenciones-de-asistencia-para-personas-sin-hogar-2\/#breadcrumb","itemListElement":[{"@type":"ListItem","position":1,"name":"Inicio","item":"https:\/\/endhomelessness.org\/es\/home-page-2-2-2\/"},{"@type":"ListItem","position":2,"name":"\u00danete a la Red de Defensa de la Alianza","item":"https:\/\/endhomelessness.org\/es\/accion\/"},{"@type":"ListItem","position":3,"name":"ACT\u00daE AHORA para evitar recortes severos en HUD"}]},{"@type":"WebSite","@id":"https:\/\/endhomelessness.org\/es\/#website","url":"https:\/\/endhomelessness.org\/es\/","name":"National Alliance to End Homelessness","description":"Organizaci\u00f3n no partidista para prevenir y erradicar la falta de vivienda en EE.UU.","publisher":{"@id":"https:\/\/endhomelessness.org\/es\/#organization"},"potentialAction":[{"@type":"SearchAction","target":{"@type":"EntryPoint","urlTemplate":"https:\/\/endhomelessness.org\/es\/?s={search_term_string}"},"query-input":{"@type":"PropertyValueSpecification","valueRequired":true,"valueName":"search_term_string"}}],"inLanguage":"es"},{"@type":"Organization","@id":"https:\/\/endhomelessness.org\/es\/#organization","name":"Alianza Nacional para Erradicar la Falta de Vivienda","url":"https:\/\/endhomelessness.org\/es\/","logo":{"@type":"ImageObject","inLanguage":"es","@id":"https:\/\/endhomelessness.org\/es\/#\/schema\/logo\/image\/","url":"https:\/\/endhomelessness.org\/wp-content\/uploads\/2024\/09\/logo-2.webp","contentUrl":"https:\/\/endhomelessness.org\/wp-content\/uploads\/2024\/09\/logo-2.webp","width":687,"height":361,"caption":"Alianza Nacional para Erradicar la Falta de Vivienda"},"image":{"@id":"https:\/\/endhomelessness.org\/es\/#\/schema\/logo\/image\/"},"sameAs":["https:\/\/www.facebook.com\/naehomelessness\/","https:\/\/www.youtube.com\/@EndingHomelessness","https:\/\/www.linkedin.com\/company\/national-alliance-to-end-homelessness\/","https:\/\/instagram.com\/naeh_endhomelessness"]}]}},"_links":{"self":[{"href":"https:\/\/endhomelessness.org\/es\/wp-json\/wp\/v2\/pages\/20357","targetHints":{"allow":["GET"]}}],"collection":[{"href":"https:\/\/endhomelessness.org\/es\/wp-json\/wp\/v2\/pages"}],"about":[{"href":"https:\/\/endhomelessness.org\/es\/wp-json\/wp\/v2\/types\/page"}],"author":[{"embeddable":true,"href":"https:\/\/endhomelessness.org\/es\/wp-json\/wp\/v2\/users\/1"}],"replies":[{"embeddable":true,"href":"https:\/\/endhomelessness.org\/es\/wp-json\/wp\/v2\/comments?post=20357"}],"version-history":[{"count":0,"href":"https:\/\/endhomelessness.org\/es\/wp-json\/wp\/v2\/pages\/20357\/revisions"}],"up":[{"embeddable":true,"href":"https:\/\/endhomelessness.org\/es\/wp-json\/wp\/v2\/pages\/17531"}],"wp:featuredmedia":[{"embeddable":true,"href":"https:\/\/endhomelessness.org\/es\/wp-json\/wp\/v2\/media\/14222"}],"wp:attachment":[{"href":"https:\/\/endhomelessness.org\/es\/wp-json\/wp\/v2\/media?parent=20357"}],"curies":[{"name":"wp","href":"https:\/\/api.w.org\/{rel}","templated":true}]}}