{"id":20880,"date":"2025-06-26T14:02:56","date_gmt":"2025-06-26T18:02:56","guid":{"rendered":"https:\/\/endhomelessness.org\/actue-el-congreso-podria-interrumpir-la-respuesta-a-las-personas-sin-hogar\/"},"modified":"2025-06-27T12:53:40","modified_gmt":"2025-06-27T16:53:40","slug":"actue-el-congreso-podria-interrumpir-la-respuesta-a-las-personas-sin-hogar","status":"publish","type":"page","link":"https:\/\/endhomelessness.org\/es\/accion\/actuar-el-congreso-podria-interrumpir-la-respuesta-a-las-personas-sin-hogar\/","title":{"rendered":"ACT\u00daE: el Congreso podr\u00eda interrumpir la respuesta a las personas sin hogar"},"content":{"rendered":"\n<section class=\"e-stn e-stn-5ac62410ca4d979d8c94134f1cfba18d0192dddb e-stn--contact-form\"><div class=\"container\">\n<div class=\"wp-block-b3rg-row e-row row\">\n<div class=\"wp-block-b3rg-column e-col e-col-14aff9150f9f549187a63850ea60b8e7c1abcbb0  col-sm-12 col-lg-6\">\n<div class=\"wp-block-b3rg-row e-row row e-row--title-with-description\">\n<div class=\"wp-block-b3rg-column e-col e-col-ace831841ae6ba6894718dbe446538456bed6c8a  col-sm-12\">\n<h2 class=\"wp-block-heading\" id=\"h-contact-your-member-of-congress\">\u00a1Contacte con su miembro del Congreso!<\/h2>\n\n\n\n<p>En este momento, la administraci\u00f3n est\u00e1 considerando <strong>cambios que podr\u00edan interrumpir seriamente los servicios para personas sin hogar<\/strong> en comunidades de todo el pa\u00eds.<\/p>\n\n\n\n<p>Tomar\u00e1n estas decisiones <strong>antes del 4 de julio<\/strong>, por lo que es importante <strong>actuar ahora<\/strong>. \u00a1Contacte con su Miembro del Congreso lo antes posible!  <\/p>\n<\/div>\n<\/div>\n\n\n\n<div class=\"wp-block-b3rg-row e-row row\">\n<div class=\"wp-block-b3rg-column e-col e-col-ace831841ae6ba6894718dbe446538456bed6c8a  col-sm-12\"><div class=\"e-acc e-acc--dlt\" data-settings='{\"forceExpand\":false,\"toggleMode\":true,\"colBreakPoint\":576,\"floatPanel\":false,\"autoSlide\":false,\"autoPlayInterval\":3000,\"pauseOnFocus\":true}' data-accordion='e-acc_69e00a737d65d'><div class=\"e-acc__itms-wrpr\"><div class=\"e-acc__itm-wrpr\" data-item-id='e-acc-itm-id-0'><div class=\"e-acc__itm\"><div class=\"e-acc__itm-hdr-wrpr\" data-toggle='collapse' data-target='e-acc-itm-id-0'><div class=\"e-acc__itm-hdr\">\n<h2 class=\"wp-block-heading\" id=\"h-call-your-member-of-congress\">Llame a su miembro del Congreso<\/h2>\n<\/div><\/div><div class=\"e-acc__itm-bdy-wrpr\" id='e-acc-itm-id-0' style='display: none'><div class=\"e-acc__itm-bdy\">\n<p>La centralita del Capitolio es el <strong>(202) 224-3121<\/strong>. Un operador de la centralita le conectar\u00e1 directamente con la oficina de la C\u00e1mara o del Senado que solicite. \u00bfNo sabe qu\u00e9 decir? Por favor, utilice este guion o modif\u00edquelo para transmitir su propio mensaje.   <\/p>\n\n<p><strong>Guion telef\u00f3nico:  <\/strong><em>\u00abMe preocupa que HUD est\u00e9 considerando emitir una nueva Notificaci\u00f3n de Oportunidad de Financiamiento (NOFO) para el a\u00f1o fiscal 2025, a pesar de que el Congreso permiti\u00f3 a HUD emitir una NOFO de dos a\u00f1os en el a\u00f1o fiscal 2024, lo cual hicieron. Ser\u00eda extremadamente disruptivo y problem\u00e1tico si HUD lanzara repentinamente una nueva NOFO en este punto del a\u00f1o, especialmente una que suponga un cambio significativo respecto a a\u00f1os anteriores. Por favor, anime a HUD a respetar la NOFO de 2 a\u00f1os que se emiti\u00f3 en el a\u00f1o fiscal 2024 y desan\u00edmelos de emitir una nueva NOFO. Por favor, tambi\u00e9n   <\/em> <em>rechace la propuesta presupuestaria del Presidente para el a\u00f1o fiscal 2026 y asigne 4.922 mil millones de d\u00f3lares para las Subvenciones de Asistencia a Personas sin Hogar de HUD. Esta fuente de financiaci\u00f3n proporciona fondos para la mayor\u00eda de los servicios para personas sin hogar, albergues y ubicaciones de vivienda en todo el pa\u00eds. Combinar y recortar estos fondos destruir\u00eda la infraestructura misma que existe para el sistema de respuesta a la falta de vivienda en todo el pa\u00eds.  <\/em>\u00bb<\/p>\n\n<p>Por favor, aseg\u00farese de proporcionar su nombre y direcci\u00f3n para que el personal sepa que usted es un constituyente, le tome en serio y le env\u00ede una respuesta por escrito. <\/p>\n<\/div><\/div><\/div><\/div><div class=\"e-acc__itm-wrpr\" data-item-id='e-acc-itm-id-1'><div class=\"e-acc__itm\"><div class=\"e-acc__itm-hdr-wrpr\" data-toggle='collapse' data-target='e-acc-itm-id-1'><div class=\"e-acc__itm-hdr\">\n<h2 class=\"wp-block-heading\" id=\"h-know-your-congressional-staffer\">\u00bfConoce a su asesor del Congreso?<\/h2>\n<\/div><\/div><div class=\"e-acc__itm-bdy-wrpr\" id='e-acc-itm-id-1' style='display: none'><div class=\"e-acc__itm-bdy\">\n<p>Si est\u00e1 en contacto regular con el personal de sus oficinas del Congreso, es importante que les env\u00ede un correo electr\u00f3nico directamente en lugar de utilizar el formulario automatizado de esta p\u00e1gina. Puede enviarles un correo electr\u00f3nico sobre este asunto utilizando el texto de ejemplo que aparece a continuaci\u00f3n:  <\/p>\n\n<p><strong>Ejemplo de correo electr\u00f3nico:  <\/strong><em>\u00abMe preocupa que HUD est\u00e9 considerando emitir una nueva Notificaci\u00f3n de Oportunidad de Financiaci\u00f3n (NOFO) para el a\u00f1o fiscal 2025, a pesar de que el Congreso permiti\u00f3 a HUD emitir un NOFO de dos a\u00f1os en el a\u00f1o fiscal 2024, lo cual hicieron. Ser\u00eda extremadamente disruptivo y problem\u00e1tico si HUD lanzara repentinamente un nuevo NOFO en este punto del a\u00f1o, especialmente uno que suponga un cambio significativo respecto a a\u00f1os anteriores. Por favor, anime a HUD a respetar el NOFO de 2 a\u00f1os que se emiti\u00f3 en el a\u00f1o fiscal 2024 y desan\u00edmelos de emitir un nuevo NOFO.  <\/em> <em>Por favor, tambi\u00e9n<\/em> <em>rechace la propuesta presupuestaria del Presidente para el a\u00f1o fiscal 2026 y asigne 4.922 mil millones de d\u00f3lares para las Subvenciones de Asistencia a Personas sin Hogar de HUD. Esta fuente de financiaci\u00f3n proporciona fondos para la mayor\u00eda de los servicios para personas sin hogar, albergues y ubicaciones de vivienda en todo el pa\u00eds. Combinar y recortar estos fondos destruir\u00eda la infraestructura misma que existe para el sistema de respuesta a la falta de vivienda en todo el pa\u00eds.  <\/em>\u00bb<\/p>\n\n<p>Por favor, aseg\u00farese de proporcionar su nombre y direcci\u00f3n para que el personal sepa que usted es un constituyente, le tome en serio y le env\u00ede una respuesta por escrito. <\/p>\n<\/div><\/div><\/div><\/div><\/div> <\/div><\/div>\n<\/div>\n<\/div>\n\n\n\n<div class=\"wp-block-b3rg-column e-col e-col-14aff9150f9f549187a63850ea60b8e7c1abcbb0  col-sm-12 col-lg-6\">\n<link rel=\"preload\" href=\"https:\/\/static.everyaction.com\/ea-actiontag\/at.js\" as=\"script\" crossorigin=\"anonymous\"\/>\n <link rel=\"preload\" href=\"https:\/\/static.everyaction.com\/ea-actiontag\/at.min.css\" as=\"style\"\/>\n <script type=\"text\/javascript\" src=\"https:\/\/static.everyaction.com\/ea-actiontag\/at.js\" crossorigin=\"anonymous\"><\/script>\n  <div class=\"ngp-form\" data-form-url=\"https:\/\/advocator.ngpvan.com\/https%3a%2f%2fsecure.everyaction.com%2fv1%2fForms%2fVSIPHmGSkkaJMVbI_yeHlw2\/ngpForm\" data-fastaction-endpoint=\"https:\/\/fastaction.ngpvan.com\" data-inline-errors=\"true\" data-fastaction-nologin=\"true\" data-mobile-autofocus=\"false\">\n<\/div>\n<\/div>\n<\/div>\n<\/div><\/section>\n\n<section class=\"e-stn e-stn-caac9803274764ce1dca9d8403973acc625b9307 e-stn--subscription-form\"><div class=\"container\">\n<div class=\"wp-block-b3rg-row e-row row\">\n<div class=\"wp-block-b3rg-column e-col e-col-34647224bb7227cbc85e553288a97a4d7485fb91 e-col--left  col-sm-12 col-lg-6\">\n<h2 class=\"wp-block-heading\" id=\"h-interested-in-learning-more\">\u00bfInteresado en<br\/>aprender m\u00e1s?<\/h2>\n<\/div>\n\n\n\n<div class=\"wp-block-b3rg-column e-col e-col-8e3fdd5405bfce7cb6f8ab8e8d94054a0b48f011 e-col--right  col-sm-12 col-lg-6\">\n<p>Suscr\u00edbase hoy para mantenerse informado y recibir actualizaciones regulares de la Alianza.<\/p>\n\n\n\n<!-- Begin MailChimp Signup Form --><link href=\"\/\/cdn-images.mailchimp.com\/embedcode\/classic-10_7.css\" rel=\"stylesheet\" type=\"text\/css\"\/><style type=\"text\/css\">#mc_embed_signup form { max-width: 1050px; margin: 0 auto; }\n    #mc_embed_signup div#mce-responses { float:none; width:100%; margin:0; padding:0; }\n    #mc_embed_signup #mce-error-response,\n    #mc_embed_signup #mce-success-response { color:#fff !important; width:100%; }\n    #mc_embed_signup .response { color:#fff; letter-spacing:normal; padding:0; }\n    #mc_embed_signup .response a { text-decoration:none !important; color:#fff !important; border-bottom: 2px solid #b79257; }\n    #mc_embed_signup .response a:hover { text-decoration:underline; }\n    .mc-custom-group { position:relative; float:left; width:49%; }\n    .mc-custom-group.last { float:right; }\n    .mc-custom-group #mc-embedded-subscribe { position:absolute; right:-1px; height: 48px !important; background: #b79257 !important; color: #fff; font-weight: 600 !important; font-size: 18px !important; border-radius: 0; border: none !important; }\n    .mc-custom-group input,\n    .mc-custom-group select { margin:0 !important; font-family:\"proxima-nova\", sans-serif; height: 48px; border-radius: 0 !important; border: none !important; padding:0 20px; width:100%; }\n    @media screen and (max-width:767px) {\n        .form-wrapper { margin:0 auto; }\n        .mc-custom-group { width:100%; float:none;}\n        .mc-custom-group input,\n        .mc-custom-group select,\n        .mc-custom-group #mc-embedded-subscribe { font-size:12px; padding:0 10px; margin:0 0 20px !important; width:100%; position:static; }\n    }\n<\/style><div id=\"mc_embed_signup\"><form action=\"https:\/\/endhomelessness.us9.list-manage.com\/subscribe\/post?u=466b34a51377a9504fb2ebd8f&#038;id=1cf64328bb\" method=\"post\" id=\"mc-embedded-subscribe-form\" name=\"mc-embedded-subscribe-form\" class=\"validate\" target=\"_blank\" novalidate=\"\"><div id=\"mc_embed_signup_scroll\"><div class=\"mc-custom-group\"><select name=\"group[17873]\" class=\"optionalnews\" id=\"optionalnews\"><option value=\"1\">I want weekly tools, resources, and news about homelessness<\/option><option value=\"2\">I want to receive general news and updates on the Alliance\u2019s work<\/option><\/select><\/div><div class=\"mc-custom-group last\"><input type=\"email\" value=\"\" name=\"EMAIL\" placeholder=\"Email Address\" class=\"required email\" id=\"mce-EMAIL\"\/><input type=\"submit\" value=\"SUBSCRIBE\" name=\"subscribe\" id=\"mc-embedded-subscribe\" class=\"button\"\/><\/div><div id=\"mce-responses\" class=\"clear\"><div class=\"response\" id=\"mce-error-response\" style=\"display:none\"><\/div><div class=\"response\" id=\"mce-success-response\" style=\"display:none\"><\/div><\/div><!-- real people should not fill this in and expect good things - do not remove this or risk form bot signups--><div style=\"position: absolute; left: -5000px;\" aria-hidden=\"true\"><input type=\"text\" name=\"b_466b34a51377a9504fb2ebd8f_1cf64328bb\" tabindex=\"-1\" value=\"\"\/><\/div><div class=\"clear\"><\/div><\/div><\/form><\/div><script type=\"text\/javascript\">document.getElementById(\"mc-embedded-subscribe-form\").addEventListener(\"submit\", function(event) {\n        var selectedOption = document.getElementById(\"optionalnews\").value;\n        var hiddenInput = document.createElement(\"input\");\n        hiddenInput.setAttribute(\"type\", \"hidden\");\n        hiddenInput.setAttribute(\"name\", \"group[17873][\" + selectedOption + \"]\");\n        hiddenInput.setAttribute(\"value\", \"1\");\n        document.getElementById(\"mc-embedded-subscribe-form\").appendChild(hiddenInput);\n    });\n<\/script><script type=\"text\/javascript\" src=\"\/\/s3.amazonaws.com\/downloads.mailchimp.com\/js\/mc-validate.js\"><\/script><script type=\"text\/javascript\">(function($) {window.fnames = new Array(); window.ftypes = new Array();fnames[0]='EMAIL';ftypes[0]='email';fnames[1]='FNAME';ftypes[1]='text';fnames[2]='LNAME';ftypes[2]='text';fnames[4]='MMERGE4';ftypes[4]='text';fnames[7]='CITY';ftypes[7]='text';fnames[8]='STATE';ftypes[8]='text';fnames[12]='MMERGE12';ftypes[12]='zip';fnames[11]='MMERGE11';ftypes[11]='text';fnames[13]='MMERGE13';ftypes[13]='text';fnames[3]='MMERGE3';ftypes[3]='text';}(jQuery));var $mcj = jQuery.noConflict(true);<\/script><!--End mc_embed_signup-->\n<\/div>\n<\/div>\n<\/div><\/section>\n","protected":false},"excerpt":{"rendered":"","protected":false},"author":32,"featured_media":14223,"parent":0,"menu_order":0,"comment_status":"closed","ping_status":"closed","template":"","meta":{"_acf_changed":false,"show_custom_date":false,"custom_date":"","featured":false,"featured_image":0,"learn_more_label":"","image_alt_text":"","learn_more_type":"","show_popup":false,"learn_more_link_file":0,"event_date":false,"event_start_date":"","event_end_date":"","place_holder_image_url":"","post_reading_time":"4","notification_enabled":false,"notification_text":"","notification_logo":"","notification_expiration_time":0,"is_enable_transparent_header":false,"hide_from_list_view":false,"selected_taxonomy_terms":{"translation_priority":[66]},"selected_primary_terms":[],"learn_more_link":[],"featured_page_list":[],"notification_enabled_post_list":[],"_relevanssi_hide_post":"","_relevanssi_hide_content":"","_relevanssi_pin_for_all":"","_relevanssi_pin_keywords":"","_relevanssi_unpin_keywords":"","_relevanssi_related_keywords":"","_relevanssi_related_include_ids":"","_relevanssi_related_exclude_ids":"","_relevanssi_related_no_append":"","_relevanssi_related_not_related":"","_relevanssi_related_posts":"","_relevanssi_noindex_reason":"","inline_featured_image":false,"news_publication":"","footnotes":""},"class_list":["post-20880","page","type-page","status-publish","has-post-thumbnail","hentry"],"acf":[],"yoast_head":"<!-- This site is optimized with the Yoast SEO Premium plugin v24.7 (Yoast SEO v27.2) - https:\/\/yoast.com\/product\/yoast-seo-premium-wordpress\/ -->\n<title>ACT\u00daE: el Congreso podr\u00eda interrumpir la respuesta a las personas sin hogar - Alianza Nacional para Erradicar la Falta de Vivienda<\/title>\n<meta name=\"description\" content=\"The National Alliance to End Homelessness is a nonpartisan, nonprofit organization committed to preventing and ending homelessness in the United States.\" \/>\n<meta name=\"robots\" content=\"index, follow, max-snippet:-1, max-image-preview:large, max-video-preview:-1\" \/>\n<link rel=\"canonical\" href=\"https:\/\/endhomelessness.org\/es\/accion\/actuar-el-congreso-podria-interrumpir-la-respuesta-a-las-personas-sin-hogar\/\" \/>\n<meta property=\"og:locale\" content=\"es_ES\" \/>\n<meta property=\"og:type\" content=\"article\" \/>\n<meta property=\"og:title\" content=\"ACT\u00daE: el Congreso podr\u00eda interrumpir la respuesta a las personas sin hogar\" \/>\n<meta property=\"og:description\" content=\"The National Alliance to End Homelessness is a nonpartisan, nonprofit organization committed to preventing and ending homelessness in the United States.\" \/>\n<meta property=\"og:url\" content=\"https:\/\/endhomelessness.org\/es\/accion\/actuar-el-congreso-podria-interrumpir-la-respuesta-a-las-personas-sin-hogar\/\" \/>\n<meta property=\"og:site_name\" content=\"Alianza Nacional para Erradicar la Falta de Vivienda\" \/>\n<meta property=\"article:publisher\" content=\"https:\/\/www.facebook.com\/naehomelessness\/\" \/>\n<meta property=\"article:modified_time\" content=\"2025-06-27T16:53:40+00:00\" \/>\n<meta property=\"og:image\" content=\"https:\/\/endhomelessness.org\/wp-content\/uploads\/2014\/01\/Frame-222.png\" \/>\n\t<meta property=\"og:image:width\" content=\"1068\" \/>\n\t<meta property=\"og:image:height\" content=\"684\" \/>\n\t<meta property=\"og:image:type\" content=\"image\/png\" \/>\n<meta name=\"twitter:card\" content=\"summary_large_image\" \/>\n<meta name=\"twitter:label1\" content=\"Tiempo de lectura\" \/>\n\t<meta name=\"twitter:data1\" content=\"3 minutos\" \/>\n<script type=\"application\/ld+json\" class=\"yoast-schema-graph\">{\"@context\":\"https:\/\/schema.org\",\"@graph\":[{\"@type\":\"WebPage\",\"@id\":\"https:\/\/endhomelessness.org\/es\/accion\/actuar-el-congreso-podria-interrumpir-la-respuesta-a-las-personas-sin-hogar\/\",\"url\":\"https:\/\/endhomelessness.org\/es\/accion\/actuar-el-congreso-podria-interrumpir-la-respuesta-a-las-personas-sin-hogar\/\",\"name\":\"ACT\u00daE: el Congreso podr\u00eda interrumpir la respuesta a las personas sin hogar - Alianza Nacional para Erradicar la Falta de Vivienda\",\"isPartOf\":{\"@id\":\"https:\/\/endhomelessness.org\/es\/#website\"},\"primaryImageOfPage\":{\"@id\":\"https:\/\/endhomelessness.org\/es\/accion\/actuar-el-congreso-podria-interrumpir-la-respuesta-a-las-personas-sin-hogar\/#primaryimage\"},\"image\":{\"@id\":\"https:\/\/endhomelessness.org\/es\/accion\/actuar-el-congreso-podria-interrumpir-la-respuesta-a-las-personas-sin-hogar\/#primaryimage\"},\"thumbnailUrl\":\"https:\/\/endhomelessness.org\/wp-content\/uploads\/2014\/01\/Frame-222.png\",\"datePublished\":\"2025-06-26T18:02:56+00:00\",\"dateModified\":\"2025-06-27T16:53:40+00:00\",\"description\":\"The National Alliance to End Homelessness is a nonpartisan, nonprofit organization committed to preventing and ending homelessness in the United States.\",\"breadcrumb\":{\"@id\":\"https:\/\/endhomelessness.org\/es\/accion\/actuar-el-congreso-podria-interrumpir-la-respuesta-a-las-personas-sin-hogar\/#breadcrumb\"},\"inLanguage\":\"es\",\"potentialAction\":[{\"@type\":\"ReadAction\",\"target\":[\"https:\/\/endhomelessness.org\/es\/accion\/actuar-el-congreso-podria-interrumpir-la-respuesta-a-las-personas-sin-hogar\/\"]}]},{\"@type\":\"ImageObject\",\"inLanguage\":\"es\",\"@id\":\"https:\/\/endhomelessness.org\/es\/accion\/actuar-el-congreso-podria-interrumpir-la-respuesta-a-las-personas-sin-hogar\/#primaryimage\",\"url\":\"https:\/\/endhomelessness.org\/wp-content\/uploads\/2014\/01\/Frame-222.png\",\"contentUrl\":\"https:\/\/endhomelessness.org\/wp-content\/uploads\/2014\/01\/Frame-222.png\",\"width\":1068,\"height\":684},{\"@type\":\"BreadcrumbList\",\"@id\":\"https:\/\/endhomelessness.org\/es\/accion\/actuar-el-congreso-podria-interrumpir-la-respuesta-a-las-personas-sin-hogar\/#breadcrumb\",\"itemListElement\":[{\"@type\":\"ListItem\",\"position\":1,\"name\":\"Inicio\",\"item\":\"https:\/\/endhomelessness.org\/es\/home-page-2-2-2\/\"},{\"@type\":\"ListItem\",\"position\":2,\"name\":\"ACT\u00daE: el Congreso podr\u00eda interrumpir la respuesta a las personas sin hogar\"}]},{\"@type\":\"WebSite\",\"@id\":\"https:\/\/endhomelessness.org\/es\/#website\",\"url\":\"https:\/\/endhomelessness.org\/es\/\",\"name\":\"National Alliance to End Homelessness\",\"description\":\"Organizaci\u00f3n no partidista para prevenir y erradicar la falta de vivienda en EE.UU.\",\"publisher\":{\"@id\":\"https:\/\/endhomelessness.org\/es\/#organization\"},\"potentialAction\":[{\"@type\":\"SearchAction\",\"target\":{\"@type\":\"EntryPoint\",\"urlTemplate\":\"https:\/\/endhomelessness.org\/es\/?s={search_term_string}\"},\"query-input\":{\"@type\":\"PropertyValueSpecification\",\"valueRequired\":true,\"valueName\":\"search_term_string\"}}],\"inLanguage\":\"es\"},{\"@type\":\"Organization\",\"@id\":\"https:\/\/endhomelessness.org\/es\/#organization\",\"name\":\"Alianza Nacional para Erradicar la Falta de Vivienda\",\"url\":\"https:\/\/endhomelessness.org\/es\/\",\"logo\":{\"@type\":\"ImageObject\",\"inLanguage\":\"es\",\"@id\":\"https:\/\/endhomelessness.org\/es\/#\/schema\/logo\/image\/\",\"url\":\"https:\/\/endhomelessness.org\/wp-content\/uploads\/2024\/09\/logo-2.webp\",\"contentUrl\":\"https:\/\/endhomelessness.org\/wp-content\/uploads\/2024\/09\/logo-2.webp\",\"width\":687,\"height\":361,\"caption\":\"Alianza Nacional para Erradicar la Falta de Vivienda\"},\"image\":{\"@id\":\"https:\/\/endhomelessness.org\/es\/#\/schema\/logo\/image\/\"},\"sameAs\":[\"https:\/\/www.facebook.com\/naehomelessness\/\",\"https:\/\/www.youtube.com\/@EndingHomelessness\",\"https:\/\/www.linkedin.com\/company\/national-alliance-to-end-homelessness\/\",\"https:\/\/instagram.com\/naeh_endhomelessness\"]}]}<\/script>\n<!-- \/ Yoast SEO Premium plugin. -->","yoast_head_json":{"title":"ACT\u00daE: el Congreso podr\u00eda interrumpir la respuesta a las personas sin hogar - Alianza Nacional para Erradicar la Falta de Vivienda","description":"The National Alliance to End Homelessness is a nonpartisan, nonprofit organization committed to preventing and ending homelessness in the United States.","robots":{"index":"index","follow":"follow","max-snippet":"max-snippet:-1","max-image-preview":"max-image-preview:large","max-video-preview":"max-video-preview:-1"},"canonical":"https:\/\/endhomelessness.org\/es\/accion\/actuar-el-congreso-podria-interrumpir-la-respuesta-a-las-personas-sin-hogar\/","og_locale":"es_ES","og_type":"article","og_title":"ACT\u00daE: el Congreso podr\u00eda interrumpir la respuesta a las personas sin hogar","og_description":"The National Alliance to End Homelessness is a nonpartisan, nonprofit organization committed to preventing and ending homelessness in the United States.","og_url":"https:\/\/endhomelessness.org\/es\/accion\/actuar-el-congreso-podria-interrumpir-la-respuesta-a-las-personas-sin-hogar\/","og_site_name":"Alianza Nacional para Erradicar la Falta de Vivienda","article_publisher":"https:\/\/www.facebook.com\/naehomelessness\/","article_modified_time":"2025-06-27T16:53:40+00:00","og_image":[{"width":1068,"height":684,"url":"https:\/\/endhomelessness.org\/wp-content\/uploads\/2014\/01\/Frame-222.png","type":"image\/png"}],"twitter_card":"summary_large_image","twitter_misc":{"Tiempo de lectura":"3 minutos"},"schema":{"@context":"https:\/\/schema.org","@graph":[{"@type":"WebPage","@id":"https:\/\/endhomelessness.org\/es\/accion\/actuar-el-congreso-podria-interrumpir-la-respuesta-a-las-personas-sin-hogar\/","url":"https:\/\/endhomelessness.org\/es\/accion\/actuar-el-congreso-podria-interrumpir-la-respuesta-a-las-personas-sin-hogar\/","name":"ACT\u00daE: el Congreso podr\u00eda interrumpir la respuesta a las personas sin hogar - Alianza Nacional para Erradicar la Falta de Vivienda","isPartOf":{"@id":"https:\/\/endhomelessness.org\/es\/#website"},"primaryImageOfPage":{"@id":"https:\/\/endhomelessness.org\/es\/accion\/actuar-el-congreso-podria-interrumpir-la-respuesta-a-las-personas-sin-hogar\/#primaryimage"},"image":{"@id":"https:\/\/endhomelessness.org\/es\/accion\/actuar-el-congreso-podria-interrumpir-la-respuesta-a-las-personas-sin-hogar\/#primaryimage"},"thumbnailUrl":"https:\/\/endhomelessness.org\/wp-content\/uploads\/2014\/01\/Frame-222.png","datePublished":"2025-06-26T18:02:56+00:00","dateModified":"2025-06-27T16:53:40+00:00","description":"The National Alliance to End Homelessness is a nonpartisan, nonprofit organization committed to preventing and ending homelessness in the United States.","breadcrumb":{"@id":"https:\/\/endhomelessness.org\/es\/accion\/actuar-el-congreso-podria-interrumpir-la-respuesta-a-las-personas-sin-hogar\/#breadcrumb"},"inLanguage":"es","potentialAction":[{"@type":"ReadAction","target":["https:\/\/endhomelessness.org\/es\/accion\/actuar-el-congreso-podria-interrumpir-la-respuesta-a-las-personas-sin-hogar\/"]}]},{"@type":"ImageObject","inLanguage":"es","@id":"https:\/\/endhomelessness.org\/es\/accion\/actuar-el-congreso-podria-interrumpir-la-respuesta-a-las-personas-sin-hogar\/#primaryimage","url":"https:\/\/endhomelessness.org\/wp-content\/uploads\/2014\/01\/Frame-222.png","contentUrl":"https:\/\/endhomelessness.org\/wp-content\/uploads\/2014\/01\/Frame-222.png","width":1068,"height":684},{"@type":"BreadcrumbList","@id":"https:\/\/endhomelessness.org\/es\/accion\/actuar-el-congreso-podria-interrumpir-la-respuesta-a-las-personas-sin-hogar\/#breadcrumb","itemListElement":[{"@type":"ListItem","position":1,"name":"Inicio","item":"https:\/\/endhomelessness.org\/es\/home-page-2-2-2\/"},{"@type":"ListItem","position":2,"name":"ACT\u00daE: el Congreso podr\u00eda interrumpir la respuesta a las personas sin hogar"}]},{"@type":"WebSite","@id":"https:\/\/endhomelessness.org\/es\/#website","url":"https:\/\/endhomelessness.org\/es\/","name":"National Alliance to End Homelessness","description":"Organizaci\u00f3n no partidista para prevenir y erradicar la falta de vivienda en EE.UU.","publisher":{"@id":"https:\/\/endhomelessness.org\/es\/#organization"},"potentialAction":[{"@type":"SearchAction","target":{"@type":"EntryPoint","urlTemplate":"https:\/\/endhomelessness.org\/es\/?s={search_term_string}"},"query-input":{"@type":"PropertyValueSpecification","valueRequired":true,"valueName":"search_term_string"}}],"inLanguage":"es"},{"@type":"Organization","@id":"https:\/\/endhomelessness.org\/es\/#organization","name":"Alianza Nacional para Erradicar la Falta de Vivienda","url":"https:\/\/endhomelessness.org\/es\/","logo":{"@type":"ImageObject","inLanguage":"es","@id":"https:\/\/endhomelessness.org\/es\/#\/schema\/logo\/image\/","url":"https:\/\/endhomelessness.org\/wp-content\/uploads\/2024\/09\/logo-2.webp","contentUrl":"https:\/\/endhomelessness.org\/wp-content\/uploads\/2024\/09\/logo-2.webp","width":687,"height":361,"caption":"Alianza Nacional para Erradicar la Falta de Vivienda"},"image":{"@id":"https:\/\/endhomelessness.org\/es\/#\/schema\/logo\/image\/"},"sameAs":["https:\/\/www.facebook.com\/naehomelessness\/","https:\/\/www.youtube.com\/@EndingHomelessness","https:\/\/www.linkedin.com\/company\/national-alliance-to-end-homelessness\/","https:\/\/instagram.com\/naeh_endhomelessness"]}]}},"_links":{"self":[{"href":"https:\/\/endhomelessness.org\/es\/wp-json\/wp\/v2\/pages\/20880","targetHints":{"allow":["GET"]}}],"collection":[{"href":"https:\/\/endhomelessness.org\/es\/wp-json\/wp\/v2\/pages"}],"about":[{"href":"https:\/\/endhomelessness.org\/es\/wp-json\/wp\/v2\/types\/page"}],"author":[{"embeddable":true,"href":"https:\/\/endhomelessness.org\/es\/wp-json\/wp\/v2\/users\/32"}],"replies":[{"embeddable":true,"href":"https:\/\/endhomelessness.org\/es\/wp-json\/wp\/v2\/comments?post=20880"}],"version-history":[{"count":0,"href":"https:\/\/endhomelessness.org\/es\/wp-json\/wp\/v2\/pages\/20880\/revisions"}],"wp:featuredmedia":[{"embeddable":true,"href":"https:\/\/endhomelessness.org\/es\/wp-json\/wp\/v2\/media\/14223"}],"wp:attachment":[{"href":"https:\/\/endhomelessness.org\/es\/wp-json\/wp\/v2\/media?parent=20880"}],"curies":[{"name":"wp","href":"https:\/\/api.w.org\/{rel}","templated":true}]}}