{"id":21205,"date":"2025-07-21T04:32:02","date_gmt":"2025-07-21T08:32:02","guid":{"rendered":"https:\/\/endhomelessness.org\/21205-2\/"},"modified":"2025-07-21T04:58:51","modified_gmt":"2025-07-21T08:58:51","slug":"21205-2","status":"publish","type":"page","link":"https:\/\/endhomelessness.org\/es\/21202-2\/","title":{"rendered":""},"content":{"rendered":"\n<section class=\"e-stn e-stn-704c609ead0ccd2d1363b50bfd3d986b63b7e0b4 e-stn--image-cta-parallex e-mt-0 e-pb-sm-10\"><div class=\"container\">\n<div class=\"wp-block-b3rg-row e-row row\">\n<div class=\"wp-block-b3rg-column e-col e-col-a26d85ddeee48072aa3689520d20a221de6cf45d e-col--image-cta--parallex-left-wrpr  col-sm-12 col-lg-1\"><div class=\"e-img \">\n<figure class=\"wp-block-image size-full\"><img loading=\"lazy\" decoding=\"async\" width=\"111\" height=\"128\" src=\"https:\/\/endhomelessness.org\/wp-content\/uploads\/2024\/08\/image-535.png\" alt=\"\" class=\"wp-image-88\"\/><\/figure>\n<\/div>\n\n<div class=\"e-img \">\n<figure class=\"wp-block-image size-full\"><img loading=\"lazy\" decoding=\"async\" width=\"371\" height=\"448\" src=\"https:\/\/endhomelessness.org\/wp-content\/uploads\/2024\/11\/Homepage_Section-1-1.webp\" alt=\"\" class=\"wp-image-9972\" srcset=\"https:\/\/endhomelessness.org\/wp-content\/uploads\/2024\/11\/Homepage_Section-1-1.webp 371w, https:\/\/endhomelessness.org\/wp-content\/uploads\/2024\/11\/Homepage_Section-1-1-248x300.webp 248w\" sizes=\"auto, (max-width: 371px) 100vw, 371px\" \/><\/figure>\n<\/div>\n\n<div class=\"e-img \">\n<figure class=\"wp-block-image size-full\"><img loading=\"lazy\" decoding=\"async\" width=\"420\" height=\"290\" src=\"https:\/\/endhomelessness.org\/wp-content\/uploads\/2024\/11\/Homepage_Section-1-3.webp\" alt=\"\" class=\"wp-image-9978\" srcset=\"https:\/\/endhomelessness.org\/wp-content\/uploads\/2024\/11\/Homepage_Section-1-3.webp 420w, https:\/\/endhomelessness.org\/wp-content\/uploads\/2024\/11\/Homepage_Section-1-3-300x207.webp 300w\" sizes=\"auto, (max-width: 420px) 100vw, 420px\" \/><\/figure>\n<\/div>\n\n<div class=\"e-img \">\n<figure class=\"wp-block-image size-full\"><img loading=\"lazy\" decoding=\"async\" width=\"384\" height=\"168\" src=\"https:\/\/endhomelessness.org\/wp-content\/uploads\/2024\/11\/Homepage_Section-1-5.webp\" alt=\"\" class=\"wp-image-9992\" srcset=\"https:\/\/endhomelessness.org\/wp-content\/uploads\/2024\/11\/Homepage_Section-1-5.webp 384w, https:\/\/endhomelessness.org\/wp-content\/uploads\/2024\/11\/Homepage_Section-1-5-300x131.webp 300w\" sizes=\"auto, (max-width: 384px) 100vw, 384px\" \/><\/figure>\n<\/div><\/div>\n\n\n\n<div class=\"wp-block-b3rg-column e-col e-col-911c627a0a7ab960030befc1f0c9bd984822f61d  col-sm-12 col-lg-10 d-flex flex-column align-items-center\">\n<p class=\"has-text-align-center ebw-txt has-rich-black-color has-text-color has-link-color wp-elements-103ef251280689699d0fc18fb62fb155\">En 2024<\/p>\n\n\n\n<p class=\"has-text-align-center value tooltip-box has-celestial-blue-color has-text-color has-link-color wp-elements-3f42612710d11ef7cbf9ae4d427f0936\"><strong>771,480<\/strong><\/p>\n\n\n\n<p class=\"has-text-align-center has-rich-black-color has-text-color has-link-color wp-elements-6af1fea79e62f3bab073533a7ac3c065\" style=\"font-size:clamp(17.905px, 1.119rem + ((1vw - 3.2px) * 0.789), 28px);font-style:normal;font-weight:400\">personas experimentaban la falta de vivienda en los EE. UU.<\/p>\n\n\n\n<div style=\"height:25px\" aria-hidden=\"true\" class=\"wp-block-spacer\"><\/div>\n\n\n\n<p class=\"has-text-align-center description has-silver-color has-text-color has-link-color wp-elements-0dc87e18d9753d106d7dca1a84d9b3d5\">Aunque los recursos est\u00e1n aumentando, van a la zaga de las crecientes necesidades. El Informe sobre el Estado de la Falta de Vivienda* examina c\u00f3mo la falta de vivienda afecta a diferentes poblaciones y destaca las brechas en financiaci\u00f3n y sistemas necesarios para satisfacer diversas necesidades. <\/p>\n\n\n<div class=\"e-btn e-btn--yellow\"><a class=\"e-btn__link\"href=\"\/state-of-homelessness\/\" target=\"_self\">\n<p class=\"title\">Leer m\u00e1s<\/p>\n<\/a><\/div>\n\n\n<div style=\"height:25px\" aria-hidden=\"true\" class=\"wp-block-spacer\"><\/div>\n\n\n\n<p>*Pr\u00f3ximamente se publicar\u00e1 un informe actualizado que examinar\u00e1 los datos de 2024.<\/p>\n<\/div>\n\n\n\n<div class=\"wp-block-b3rg-column e-col e-col-ab0b2f69631970e8111649d4d92ecb3fb5ad8aff e-col--image-cta--parallex-right-wrpr  col-sm-12 col-lg-1\"><div class=\"e-img \">\n<figure class=\"wp-block-image size-full\"><img loading=\"lazy\" decoding=\"async\" width=\"370\" height=\"448\" src=\"https:\/\/endhomelessness.org\/wp-content\/uploads\/2024\/08\/image-534.webp\" alt=\"\" class=\"wp-image-94\" srcset=\"https:\/\/endhomelessness.org\/wp-content\/uploads\/2024\/08\/image-534.webp 370w, https:\/\/endhomelessness.org\/wp-content\/uploads\/2024\/08\/image-534-248x300.webp 248w\" sizes=\"auto, (max-width: 370px) 100vw, 370px\" \/><\/figure>\n<\/div>\n\n<div class=\"e-img \">\n<figure class=\"wp-block-image size-full\"><img loading=\"lazy\" decoding=\"async\" width=\"296\" height=\"256\" src=\"https:\/\/endhomelessness.org\/wp-content\/uploads\/2024\/11\/Homepage_Section-1-2.webp\" alt=\"\" class=\"wp-image-9975\"\/><\/figure>\n<\/div>\n\n<div class=\"e-img \">\n<figure class=\"wp-block-image size-full\"><img loading=\"lazy\" decoding=\"async\" width=\"316\" height=\"380\" src=\"https:\/\/endhomelessness.org\/wp-content\/uploads\/2024\/11\/Homepage_Section-1-6.webp\" alt=\"\" class=\"wp-image-9996\" srcset=\"https:\/\/endhomelessness.org\/wp-content\/uploads\/2024\/11\/Homepage_Section-1-6.webp 316w, https:\/\/endhomelessness.org\/wp-content\/uploads\/2024\/11\/Homepage_Section-1-6-249x300.webp 249w\" sizes=\"auto, (max-width: 316px) 100vw, 316px\" \/><\/figure>\n<\/div>\n\n<div class=\"e-img \">\n<figure class=\"wp-block-image size-full\"><img loading=\"lazy\" decoding=\"async\" width=\"296\" height=\"256\" src=\"https:\/\/endhomelessness.org\/wp-content\/uploads\/2024\/11\/Homepage_Section-1-4.webp\" alt=\"\" class=\"wp-image-9981\"\/><\/figure>\n<\/div><\/div>\n<\/div>\n<\/div><\/section>\n\n<section class=\"e-stn e-stn-704c609ead0ccd2d1363b50bfd3d986b63b7e0b4 e-stn--image-cta-parallex e-mt-0 e-pb-sm-10\"><div class=\"container\">\n<div class=\"wp-block-b3rg-row e-row row\">\n<div class=\"wp-block-b3rg-column e-col e-col-a26d85ddeee48072aa3689520d20a221de6cf45d e-col--image-cta--parallex-left-wrpr  col-sm-12 col-lg-1\"><div class=\"e-img \">\n<figure class=\"wp-block-image size-full\"><img loading=\"lazy\" decoding=\"async\" width=\"111\" height=\"128\" src=\"https:\/\/naehe25qa.wpengine.com\/wp-content\/uploads\/2024\/08\/image-535.png\" alt=\"\" class=\"wp-image-88\"\/><\/figure>\n<\/div>\n\n<div class=\"e-img \">\n<figure class=\"wp-block-image size-full\"><img loading=\"lazy\" decoding=\"async\" width=\"370\" height=\"448\" src=\"https:\/\/naehe25qa.wpengine.com\/wp-content\/uploads\/2024\/08\/image-534.webp\" alt=\"\" class=\"wp-image-94\" srcset=\"https:\/\/endhomelessness.org\/wp-content\/uploads\/2024\/08\/image-534.webp 370w, https:\/\/endhomelessness.org\/wp-content\/uploads\/2024\/08\/image-534-248x300.webp 248w\" sizes=\"auto, (max-width: 370px) 100vw, 370px\" \/><\/figure>\n<\/div>\n\n<div class=\"e-img \">\n<figure class=\"wp-block-image size-full\"><img loading=\"lazy\" decoding=\"async\" width=\"296\" height=\"256\" src=\"https:\/\/naehe25qa.wpengine.com\/wp-content\/uploads\/2024\/08\/image-535.webp\" alt=\"\" class=\"wp-image-95\"\/><\/figure>\n<\/div>\n\n<div class=\"e-img \">\n<figure class=\"wp-block-image size-full\"><img loading=\"lazy\" decoding=\"async\" width=\"192\" height=\"83\" src=\"https:\/\/naehe25qa.wpengine.com\/wp-content\/uploads\/2024\/08\/image-535-1.png\" alt=\"\" class=\"wp-image-96\"\/><\/figure>\n<\/div><\/div>\n\n\n\n<div class=\"wp-block-b3rg-column e-col e-col-911c627a0a7ab960030befc1f0c9bd984822f61d  col-sm-12 col-lg-10 d-flex flex-column align-items-center\">\n<p class=\"has-text-align-center ebw-txt has-rich-black-color has-text-color has-link-color wp-elements-b3c1822e577824e36d03351b7dca2d48\">En 2022<\/p>\n\n\n\n<p class=\"has-text-align-center value has-celestial-blue-color has-text-color has-link-color wp-elements-be567e0e21e7e47b65de7f50ee43ae89\">582,462<\/p>\n\n\n\n<h2 class=\"wp-block-heading has-text-align-center has-rich-black-color has-text-color has-link-color wp-elements-ba969c721945aff951691a5364790633\" id=\"h-people-were-experiencing-homelessness-across-america\">Personas experimentaban situaci\u00f3n de calle en Estados Unidos<\/h2>\n\n\n\n<p class=\"has-text-align-center description has-silver-color has-text-color has-link-color wp-elements-775464deab5ec34057806eba98f0ef03\">El informe sobre el estado de la falta de vivienda analiza los datos disponibles sobre la falta de vivienda de 2022 y a lo largo del tiempo <span class=\"tooltip\">tooltip<span class=\"tooltip-box\"><strong>Tooltip Title<\/strong><br\/>This is the tooltip text that appears when you hover!<\/span><\/span><\/p>\n\n\n<div class=\"e-btn e-btn--yellow\"><a class=\"e-btn__link\"href=\"#\">\n<p class=\"title\">Leer el informe<\/p>\n<\/a><\/div><\/div>\n\n\n\n<div class=\"wp-block-b3rg-column e-col e-col-ab0b2f69631970e8111649d4d92ecb3fb5ad8aff e-col--image-cta--parallex-right-wrpr  col-sm-12 col-lg-1\"><div class=\"e-img \">\n<figure class=\"wp-block-image size-full\"><img loading=\"lazy\" decoding=\"async\" width=\"370\" height=\"448\" src=\"https:\/\/naehe25qa.wpengine.com\/wp-content\/uploads\/2024\/08\/image-534.webp\" alt=\"\" class=\"wp-image-94\" srcset=\"https:\/\/endhomelessness.org\/wp-content\/uploads\/2024\/08\/image-534.webp 370w, https:\/\/endhomelessness.org\/wp-content\/uploads\/2024\/08\/image-534-248x300.webp 248w\" sizes=\"auto, (max-width: 370px) 100vw, 370px\" \/><\/figure>\n<\/div>\n\n<div class=\"e-img \">\n<figure class=\"wp-block-image size-full\"><img loading=\"lazy\" decoding=\"async\" width=\"418\" height=\"290\" src=\"https:\/\/naehe25qa.wpengine.com\/wp-content\/uploads\/2024\/08\/image-536.webp\" alt=\"\" class=\"wp-image-101\" srcset=\"https:\/\/endhomelessness.org\/wp-content\/uploads\/2024\/08\/image-536.webp 418w, https:\/\/endhomelessness.org\/wp-content\/uploads\/2024\/08\/image-536-300x208.webp 300w\" sizes=\"auto, (max-width: 418px) 100vw, 418px\" \/><\/figure>\n<\/div>\n\n<div class=\"e-img \">\n<figure class=\"wp-block-image size-full\"><img loading=\"lazy\" decoding=\"async\" width=\"314\" height=\"378\" src=\"https:\/\/naehe25qa.wpengine.com\/wp-content\/uploads\/2024\/08\/image-537.webp\" alt=\"\" class=\"wp-image-103\" srcset=\"https:\/\/endhomelessness.org\/wp-content\/uploads\/2024\/08\/image-537.webp 314w, https:\/\/endhomelessness.org\/wp-content\/uploads\/2024\/08\/image-537-249x300.webp 249w\" sizes=\"auto, (max-width: 314px) 100vw, 314px\" \/><\/figure>\n<\/div>\n\n<div class=\"e-img \">\n<figure class=\"wp-block-image size-full\"><img loading=\"lazy\" decoding=\"async\" width=\"314\" height=\"378\" src=\"https:\/\/naehe25qa.wpengine.com\/wp-content\/uploads\/2024\/08\/image-537.webp\" alt=\"\" class=\"wp-image-103\" srcset=\"https:\/\/endhomelessness.org\/wp-content\/uploads\/2024\/08\/image-537.webp 314w, https:\/\/endhomelessness.org\/wp-content\/uploads\/2024\/08\/image-537-249x300.webp 249w\" sizes=\"auto, (max-width: 314px) 100vw, 314px\" \/><\/figure>\n<\/div><\/div>\n<\/div>\n<\/div><\/section>\n","protected":false},"excerpt":{"rendered":"","protected":false},"author":1,"featured_media":14222,"parent":0,"menu_order":0,"comment_status":"closed","ping_status":"closed","template":"","meta":{"_acf_changed":false,"show_custom_date":false,"custom_date":"","featured":false,"featured_image":0,"learn_more_label":"","image_alt_text":"","learn_more_type":"","show_popup":false,"learn_more_link_file":0,"event_date":false,"event_start_date":"","event_end_date":"","place_holder_image_url":"","post_reading_time":"< 1","notification_enabled":false,"notification_text":"","notification_logo":"","notification_expiration_time":0,"is_enable_transparent_header":false,"hide_from_list_view":false,"selected_taxonomy_terms":{"translation_priority":[66]},"selected_primary_terms":[],"learn_more_link":[],"featured_page_list":[],"notification_enabled_post_list":[],"_relevanssi_hide_post":"","_relevanssi_hide_content":"","_relevanssi_pin_for_all":"","_relevanssi_pin_keywords":"","_relevanssi_unpin_keywords":"","_relevanssi_related_keywords":"","_relevanssi_related_include_ids":"","_relevanssi_related_exclude_ids":"","_relevanssi_related_no_append":"","_relevanssi_related_not_related":"","_relevanssi_related_posts":"","_relevanssi_noindex_reason":"","inline_featured_image":false,"news_publication":"","footnotes":""},"class_list":["post-21205","page","type-page","status-publish","has-post-thumbnail","hentry"],"acf":[],"yoast_head":"<!-- This site is optimized with the Yoast SEO Premium plugin v24.7 (Yoast SEO v27.2) - https:\/\/yoast.com\/product\/yoast-seo-premium-wordpress\/ -->\n<title>- Alianza Nacional para Erradicar la Falta de Vivienda<\/title>\n<meta name=\"description\" content=\"The National Alliance to End Homelessness is a nonpartisan, nonprofit organization committed to preventing and ending homelessness in the United States.\" \/>\n<meta name=\"robots\" content=\"index, follow, max-snippet:-1, max-image-preview:large, max-video-preview:-1\" \/>\n<link rel=\"canonical\" href=\"https:\/\/endhomelessness.org\/es\/21202-2\/\" \/>\n<meta property=\"og:locale\" content=\"es_ES\" \/>\n<meta property=\"og:type\" content=\"article\" \/>\n<meta property=\"og:description\" content=\"The National Alliance to End Homelessness is a nonpartisan, nonprofit organization committed to preventing and ending homelessness in the United States.\" \/>\n<meta property=\"og:url\" content=\"https:\/\/endhomelessness.org\/es\/21202-2\/\" \/>\n<meta property=\"og:site_name\" content=\"Alianza Nacional para Erradicar la Falta de Vivienda\" \/>\n<meta property=\"article:publisher\" content=\"https:\/\/www.facebook.com\/naehomelessness\/\" \/>\n<meta property=\"article:modified_time\" content=\"2025-07-21T08:58:51+00:00\" \/>\n<meta property=\"og:image\" content=\"https:\/\/endhomelessness.org\/wp-content\/uploads\/2014\/01\/Frame-222.png\" \/>\n\t<meta property=\"og:image:width\" content=\"1068\" \/>\n\t<meta property=\"og:image:height\" content=\"684\" \/>\n\t<meta property=\"og:image:type\" content=\"image\/png\" \/>\n<meta name=\"twitter:card\" content=\"summary_large_image\" \/>\n<meta name=\"twitter:label1\" content=\"Tiempo de lectura\" \/>\n\t<meta name=\"twitter:data1\" content=\"1 minuto\" \/>\n<script type=\"application\/ld+json\" class=\"yoast-schema-graph\">{\"@context\":\"https:\/\/schema.org\",\"@graph\":[{\"@type\":\"WebPage\",\"@id\":\"https:\/\/endhomelessness.org\/es\/21202-2\/\",\"url\":\"https:\/\/endhomelessness.org\/es\/21202-2\/\",\"name\":\"- Alianza Nacional para Erradicar la Falta de Vivienda\",\"isPartOf\":{\"@id\":\"https:\/\/endhomelessness.org\/es\/#website\"},\"primaryImageOfPage\":{\"@id\":\"https:\/\/endhomelessness.org\/es\/21202-2\/#primaryimage\"},\"image\":{\"@id\":\"https:\/\/endhomelessness.org\/es\/21202-2\/#primaryimage\"},\"thumbnailUrl\":\"https:\/\/endhomelessness.org\/wp-content\/uploads\/2014\/01\/Frame-222.png\",\"datePublished\":\"2025-07-21T08:32:02+00:00\",\"dateModified\":\"2025-07-21T08:58:51+00:00\",\"description\":\"The National Alliance to End Homelessness is a nonpartisan, nonprofit organization committed to preventing and ending homelessness in the United States.\",\"inLanguage\":\"es\",\"potentialAction\":[{\"@type\":\"ReadAction\",\"target\":[\"https:\/\/endhomelessness.org\/es\/21202-2\/\"]}]},{\"@type\":\"ImageObject\",\"inLanguage\":\"es\",\"@id\":\"https:\/\/endhomelessness.org\/es\/21202-2\/#primaryimage\",\"url\":\"https:\/\/endhomelessness.org\/wp-content\/uploads\/2014\/01\/Frame-222.png\",\"contentUrl\":\"https:\/\/endhomelessness.org\/wp-content\/uploads\/2014\/01\/Frame-222.png\",\"width\":1068,\"height\":684,\"caption\":\"National Alliance to End Homelessness logo\"},{\"@type\":\"WebSite\",\"@id\":\"https:\/\/endhomelessness.org\/es\/#website\",\"url\":\"https:\/\/endhomelessness.org\/es\/\",\"name\":\"National Alliance to End Homelessness\",\"description\":\"Organizaci\u00f3n no partidista para prevenir y erradicar la falta de vivienda en EE.UU.\",\"publisher\":{\"@id\":\"https:\/\/endhomelessness.org\/es\/#organization\"},\"potentialAction\":[{\"@type\":\"SearchAction\",\"target\":{\"@type\":\"EntryPoint\",\"urlTemplate\":\"https:\/\/endhomelessness.org\/es\/?s={search_term_string}\"},\"query-input\":{\"@type\":\"PropertyValueSpecification\",\"valueRequired\":true,\"valueName\":\"search_term_string\"}}],\"inLanguage\":\"es\"},{\"@type\":\"Organization\",\"@id\":\"https:\/\/endhomelessness.org\/es\/#organization\",\"name\":\"Alianza Nacional para Erradicar la Falta de Vivienda\",\"url\":\"https:\/\/endhomelessness.org\/es\/\",\"logo\":{\"@type\":\"ImageObject\",\"inLanguage\":\"es\",\"@id\":\"https:\/\/endhomelessness.org\/es\/#\/schema\/logo\/image\/\",\"url\":\"https:\/\/endhomelessness.org\/wp-content\/uploads\/2024\/09\/logo-2.webp\",\"contentUrl\":\"https:\/\/endhomelessness.org\/wp-content\/uploads\/2024\/09\/logo-2.webp\",\"width\":687,\"height\":361,\"caption\":\"Alianza Nacional para Erradicar la Falta de Vivienda\"},\"image\":{\"@id\":\"https:\/\/endhomelessness.org\/es\/#\/schema\/logo\/image\/\"},\"sameAs\":[\"https:\/\/www.facebook.com\/naehomelessness\/\",\"https:\/\/www.youtube.com\/@EndingHomelessness\",\"https:\/\/www.linkedin.com\/company\/national-alliance-to-end-homelessness\/\",\"https:\/\/instagram.com\/naeh_endhomelessness\"]}]}<\/script>\n<!-- \/ Yoast SEO Premium plugin. -->","yoast_head_json":{"title":"- Alianza Nacional para Erradicar la Falta de Vivienda","description":"The National Alliance to End Homelessness is a nonpartisan, nonprofit organization committed to preventing and ending homelessness in the United States.","robots":{"index":"index","follow":"follow","max-snippet":"max-snippet:-1","max-image-preview":"max-image-preview:large","max-video-preview":"max-video-preview:-1"},"canonical":"https:\/\/endhomelessness.org\/es\/21202-2\/","og_locale":"es_ES","og_type":"article","og_description":"The National Alliance to End Homelessness is a nonpartisan, nonprofit organization committed to preventing and ending homelessness in the United States.","og_url":"https:\/\/endhomelessness.org\/es\/21202-2\/","og_site_name":"Alianza Nacional para Erradicar la Falta de Vivienda","article_publisher":"https:\/\/www.facebook.com\/naehomelessness\/","article_modified_time":"2025-07-21T08:58:51+00:00","og_image":[{"width":1068,"height":684,"url":"https:\/\/endhomelessness.org\/wp-content\/uploads\/2014\/01\/Frame-222.png","type":"image\/png"}],"twitter_card":"summary_large_image","twitter_misc":{"Tiempo de lectura":"1 minuto"},"schema":{"@context":"https:\/\/schema.org","@graph":[{"@type":"WebPage","@id":"https:\/\/endhomelessness.org\/es\/21202-2\/","url":"https:\/\/endhomelessness.org\/es\/21202-2\/","name":"- Alianza Nacional para Erradicar la Falta de Vivienda","isPartOf":{"@id":"https:\/\/endhomelessness.org\/es\/#website"},"primaryImageOfPage":{"@id":"https:\/\/endhomelessness.org\/es\/21202-2\/#primaryimage"},"image":{"@id":"https:\/\/endhomelessness.org\/es\/21202-2\/#primaryimage"},"thumbnailUrl":"https:\/\/endhomelessness.org\/wp-content\/uploads\/2014\/01\/Frame-222.png","datePublished":"2025-07-21T08:32:02+00:00","dateModified":"2025-07-21T08:58:51+00:00","description":"The National Alliance to End Homelessness is a nonpartisan, nonprofit organization committed to preventing and ending homelessness in the United States.","inLanguage":"es","potentialAction":[{"@type":"ReadAction","target":["https:\/\/endhomelessness.org\/es\/21202-2\/"]}]},{"@type":"ImageObject","inLanguage":"es","@id":"https:\/\/endhomelessness.org\/es\/21202-2\/#primaryimage","url":"https:\/\/endhomelessness.org\/wp-content\/uploads\/2014\/01\/Frame-222.png","contentUrl":"https:\/\/endhomelessness.org\/wp-content\/uploads\/2014\/01\/Frame-222.png","width":1068,"height":684,"caption":"National Alliance to End Homelessness logo"},{"@type":"WebSite","@id":"https:\/\/endhomelessness.org\/es\/#website","url":"https:\/\/endhomelessness.org\/es\/","name":"National Alliance to End Homelessness","description":"Organizaci\u00f3n no partidista para prevenir y erradicar la falta de vivienda en EE.UU.","publisher":{"@id":"https:\/\/endhomelessness.org\/es\/#organization"},"potentialAction":[{"@type":"SearchAction","target":{"@type":"EntryPoint","urlTemplate":"https:\/\/endhomelessness.org\/es\/?s={search_term_string}"},"query-input":{"@type":"PropertyValueSpecification","valueRequired":true,"valueName":"search_term_string"}}],"inLanguage":"es"},{"@type":"Organization","@id":"https:\/\/endhomelessness.org\/es\/#organization","name":"Alianza Nacional para Erradicar la Falta de Vivienda","url":"https:\/\/endhomelessness.org\/es\/","logo":{"@type":"ImageObject","inLanguage":"es","@id":"https:\/\/endhomelessness.org\/es\/#\/schema\/logo\/image\/","url":"https:\/\/endhomelessness.org\/wp-content\/uploads\/2024\/09\/logo-2.webp","contentUrl":"https:\/\/endhomelessness.org\/wp-content\/uploads\/2024\/09\/logo-2.webp","width":687,"height":361,"caption":"Alianza Nacional para Erradicar la Falta de Vivienda"},"image":{"@id":"https:\/\/endhomelessness.org\/es\/#\/schema\/logo\/image\/"},"sameAs":["https:\/\/www.facebook.com\/naehomelessness\/","https:\/\/www.youtube.com\/@EndingHomelessness","https:\/\/www.linkedin.com\/company\/national-alliance-to-end-homelessness\/","https:\/\/instagram.com\/naeh_endhomelessness"]}]}},"_links":{"self":[{"href":"https:\/\/endhomelessness.org\/es\/wp-json\/wp\/v2\/pages\/21205","targetHints":{"allow":["GET"]}}],"collection":[{"href":"https:\/\/endhomelessness.org\/es\/wp-json\/wp\/v2\/pages"}],"about":[{"href":"https:\/\/endhomelessness.org\/es\/wp-json\/wp\/v2\/types\/page"}],"author":[{"embeddable":true,"href":"https:\/\/endhomelessness.org\/es\/wp-json\/wp\/v2\/users\/1"}],"replies":[{"embeddable":true,"href":"https:\/\/endhomelessness.org\/es\/wp-json\/wp\/v2\/comments?post=21205"}],"version-history":[{"count":0,"href":"https:\/\/endhomelessness.org\/es\/wp-json\/wp\/v2\/pages\/21205\/revisions"}],"wp:featuredmedia":[{"embeddable":true,"href":"https:\/\/endhomelessness.org\/es\/wp-json\/wp\/v2\/media\/14222"}],"wp:attachment":[{"href":"https:\/\/endhomelessness.org\/es\/wp-json\/wp\/v2\/media?parent=21205"}],"curies":[{"name":"wp","href":"https:\/\/api.w.org\/{rel}","templated":true}]}}