{"id":22717,"date":"2025-09-10T13:33:59","date_gmt":"2025-09-10T17:33:59","guid":{"rendered":"https:\/\/endhomelessness.org\/recursos-para-los-medios-de-comunicacion\/formacion-sobre-medios-de-comunicacion-para-periodistas\/"},"modified":"2026-03-13T14:25:39","modified_gmt":"2026-03-13T18:25:39","slug":"formacion-sobre-medios-de-comunicacion-para-periodistas","status":"publish","type":"page","link":"https:\/\/endhomelessness.org\/es\/recursos-para-los-medios-de-comunicacion\/formacion-sobre-medios-de-comunicacion-para-periodistas\/","title":{"rendered":"Formaci\u00f3n sobre medios de comunicaci\u00f3n para periodistas"},"content":{"rendered":"\n<section class=\"e-stn e-stn-2c1f0e1a7cc4bceaca26cd3c5f3f1946e92b3805 e-stn--simple-banner\"><div class=\"container\">\n<div class=\"wp-block-b3rg-row e-row row e-row--title-with-description\">\n<div class=\"wp-block-b3rg-column e-col e-col-39cfa9d404ac019aa00fc49744dc7db02252e1b1  col-sm-12\">\n<h1 class=\"wp-block-heading has-rich-black-color has-text-color has-link-color wp-elements-c034415c253f9fa0bed05678b4e2622c\" id=\"h-training-resources-for-journalists\">Recursos de formaci\u00f3n para periodistas<\/h1>\n<\/div>\n<\/div>\n\n\n\n<div class=\"wp-block-b3rg-row e-row row e-row--inner-tab-buttons\">\n<div class=\"wp-block-b3rg-column e-col e-col-39cfa9d404ac019aa00fc49744dc7db02252e1b1  col-sm-12\">\n<div class=\"e-div e-div-599a0d156d57a1ed7b9153d257ec7d0afab3a5a0\"><div class=\"e-btn e-btn--primary\"><a class=\"e-btn__link\"href=\"https:\/\/endhomelessness.org\/media\/\" target=\"_self\">\n<p class=\"title\">Recursos para los medios de comunicaci\u00f3n<\/p>\n<\/a><\/div>\n\n<div class=\"e-btn e-btn--primary\"><a class=\"e-btn__link\"href=\"https:\/\/endhomelessness.org\/media\/news-releases\/\" target=\"_self\">\n<p class=\"title\">Comunicados de prensa<\/p>\n<\/a><\/div>\n\n<div class=\"e-btn e-btn--primary\"><a class=\"e-btn__link\"href=\"https:\/\/endhomelessness.org\/media\/press-kit\/\" target=\"_self\">\n<p class=\"title\">Material de archivo y kit de prensa<\/p>\n<\/a><\/div>\n\n<div class=\"e-btn e-btn--primary e-btn--active\"><a class=\"e-btn__link\"href=\"https:\/\/endhomelessness.org\/media\/\" target=\"_self\">\n<p class=\"title\">Recursos de formaci\u00f3n para periodistas<\/p>\n<\/a><\/div>\n\n<\/div>\n<\/div>\n<\/div>\n<\/div><\/section>\n\n<section class=\"e-stn e-stn-2a6c48ebb2b98d75fbdf6666302ee28e9580e4a1 e-stn--clickable-content-cards e-mt-0 e-pt-0 e-mt-sm-0\"><div class=\"container\">\n<div class=\"wp-block-b3rg-row e-row row\">\n<div class=\"wp-block-b3rg-column e-col e-col-39cfa9d404ac019aa00fc49744dc7db02252e1b1  col-sm-12\">\n<p>Estos materiales est\u00e1n dise\u00f1ados para periodistas y miembros de los medios de comunicaci\u00f3n que cubren el tema de la falta de vivienda en todo el pa\u00eds. Ofrecen orientaci\u00f3n pr\u00e1ctica, informaci\u00f3n general e ideas para reportajes con el fin de respaldar una informaci\u00f3n precisa y documentada, ya sea que est\u00e9 cubriendo tendencias nacionales o investigando lo que est\u00e1 sucediendo en su propia comunidad.  <\/p>\n\n\n\n<p><strong>Se a\u00f1adir\u00e1 m\u00e1s contenido a esta p\u00e1gina con regularidad, as\u00ed que, por favor, vuelva a visitarla a menudo. <\/strong><\/p>\n<\/div>\n\n\n\n<div class=\"wp-block-b3rg-column e-col e-col-39cfa9d404ac019aa00fc49744dc7db02252e1b1  col-sm-12\"><div class=\"e-crd e-crd--dlt\"><a href=\"https:\/\/endhomelessness.org\/media\/training\/not-just-a-trend-how-to-report-on-the-long-term-impact-of-criminalizing-homelessness\/\" target=\"_self\">\n<h3 class=\"wp-block-heading\" id=\"h-how-to-cover-the-impact-of-criminalization-nbsp-nbsp\">C\u00f3mo cubrir el impacto de la criminalizaci\u00f3n <\/h3>\n\n<p>3 de septiembre de 2025<\/p>\n<div class=\"e-btn e-btn--link\">\n<p class=\"title\">Ver el seminario web<\/p>\n<\/div><\/a><\/div>\n\n<div class=\"e-crd e-crd--dlt\"><a href=\"https:\/\/endhomelessness.org\/webinars\/webinar-story-ideas-for-national-and-local-reporters\/\" target=\"_self\">\n<h3 class=\"wp-block-heading\" id=\"h-covering-the-u-s-homelessness-crisis-story-ideas-for-national-and-local-reporters\">Cubriendo la Crisis de Personas sin Hogar en Estados Unidos: Ideas para Reportajes Nacionales y Locales <\/h3>\n\n<p>13 de septiembre de 2024<\/p>\n<div class=\"e-btn e-btn--link\">\n<p class=\"title\">Ver el seminario web<\/p>\n<\/div><\/a><\/div><\/div>\n<\/div>\n<\/div><\/section>\n","protected":false},"excerpt":{"rendered":"","protected":false},"author":1,"featured_media":14222,"parent":18039,"menu_order":0,"comment_status":"closed","ping_status":"closed","template":"","meta":{"_acf_changed":false,"show_custom_date":false,"custom_date":"","featured":false,"featured_image":0,"learn_more_label":"","image_alt_text":"","learn_more_type":"","show_popup":false,"learn_more_link_file":0,"event_date":false,"event_start_date":"","event_end_date":"","place_holder_image_url":"","post_reading_time":"< 1","notification_enabled":false,"notification_text":"","notification_logo":"","notification_expiration_time":0,"is_enable_transparent_header":false,"hide_from_list_view":false,"selected_taxonomy_terms":{"translation_priority":[66]},"selected_primary_terms":[],"learn_more_link":[],"featured_page_list":[],"notification_enabled_post_list":[],"_relevanssi_hide_post":"","_relevanssi_hide_content":"","_relevanssi_pin_for_all":"","_relevanssi_pin_keywords":"","_relevanssi_unpin_keywords":"","_relevanssi_related_keywords":"","_relevanssi_related_include_ids":"","_relevanssi_related_exclude_ids":"","_relevanssi_related_no_append":"","_relevanssi_related_not_related":"","_relevanssi_related_posts":"","_relevanssi_noindex_reason":"","inline_featured_image":false,"news_publication":"","footnotes":""},"class_list":["post-22717","page","type-page","status-publish","has-post-thumbnail","hentry"],"acf":[],"yoast_head":"<!-- This site is optimized with the Yoast SEO Premium plugin v24.7 (Yoast SEO v27.2) - https:\/\/yoast.com\/product\/yoast-seo-premium-wordpress\/ -->\n<title>Formaci\u00f3n sobre medios de comunicaci\u00f3n para periodistas - Alianza Nacional para Erradicar la Falta de Vivienda<\/title>\n<meta name=\"description\" content=\"The National Alliance to End Homelessness is a nonpartisan, nonprofit organization committed to preventing and ending homelessness in the United States.\" \/>\n<meta name=\"robots\" content=\"index, follow, max-snippet:-1, max-image-preview:large, max-video-preview:-1\" \/>\n<link rel=\"canonical\" href=\"https:\/\/endhomelessness.org\/es\/recursos-para-los-medios-de-comunicacion\/formacion-sobre-medios-de-comunicacion-para-periodistas\/\" \/>\n<meta property=\"og:locale\" content=\"es_ES\" \/>\n<meta property=\"og:type\" content=\"article\" \/>\n<meta property=\"og:title\" content=\"Formaci\u00f3n sobre medios de comunicaci\u00f3n para periodistas\" \/>\n<meta property=\"og:description\" content=\"The National Alliance to End Homelessness is a nonpartisan, nonprofit organization committed to preventing and ending homelessness in the United States.\" \/>\n<meta property=\"og:url\" content=\"https:\/\/endhomelessness.org\/es\/recursos-para-los-medios-de-comunicacion\/formacion-sobre-medios-de-comunicacion-para-periodistas\/\" \/>\n<meta property=\"og:site_name\" content=\"Alianza Nacional para Erradicar la Falta de Vivienda\" \/>\n<meta property=\"article:publisher\" content=\"https:\/\/www.facebook.com\/naehomelessness\/\" \/>\n<meta property=\"article:modified_time\" content=\"2026-03-13T18:25:39+00:00\" \/>\n<meta property=\"og:image\" content=\"https:\/\/endhomelessness.org\/wp-content\/uploads\/2014\/01\/Frame-222.png\" \/>\n\t<meta property=\"og:image:width\" content=\"1068\" \/>\n\t<meta property=\"og:image:height\" content=\"684\" \/>\n\t<meta property=\"og:image:type\" content=\"image\/png\" \/>\n<meta name=\"twitter:card\" content=\"summary_large_image\" \/>\n<meta name=\"twitter:label1\" content=\"Tiempo de lectura\" \/>\n\t<meta name=\"twitter:data1\" content=\"1 minuto\" \/>\n<script type=\"application\/ld+json\" class=\"yoast-schema-graph\">{\"@context\":\"https:\/\/schema.org\",\"@graph\":[{\"@type\":\"WebPage\",\"@id\":\"https:\/\/endhomelessness.org\/es\/recursos-para-los-medios-de-comunicacion\/formacion-sobre-medios-de-comunicacion-para-periodistas\/\",\"url\":\"https:\/\/endhomelessness.org\/es\/recursos-para-los-medios-de-comunicacion\/formacion-sobre-medios-de-comunicacion-para-periodistas\/\",\"name\":\"Formaci\u00f3n sobre medios de comunicaci\u00f3n para periodistas - Alianza Nacional para Erradicar la Falta de Vivienda\",\"isPartOf\":{\"@id\":\"https:\/\/endhomelessness.org\/es\/#website\"},\"primaryImageOfPage\":{\"@id\":\"https:\/\/endhomelessness.org\/es\/recursos-para-los-medios-de-comunicacion\/formacion-sobre-medios-de-comunicacion-para-periodistas\/#primaryimage\"},\"image\":{\"@id\":\"https:\/\/endhomelessness.org\/es\/recursos-para-los-medios-de-comunicacion\/formacion-sobre-medios-de-comunicacion-para-periodistas\/#primaryimage\"},\"thumbnailUrl\":\"https:\/\/endhomelessness.org\/wp-content\/uploads\/2014\/01\/Frame-222.png\",\"datePublished\":\"2025-09-10T17:33:59+00:00\",\"dateModified\":\"2026-03-13T18:25:39+00:00\",\"description\":\"The National Alliance to End Homelessness is a nonpartisan, nonprofit organization committed to preventing and ending homelessness in the United States.\",\"breadcrumb\":{\"@id\":\"https:\/\/endhomelessness.org\/es\/recursos-para-los-medios-de-comunicacion\/formacion-sobre-medios-de-comunicacion-para-periodistas\/#breadcrumb\"},\"inLanguage\":\"es\",\"potentialAction\":[{\"@type\":\"ReadAction\",\"target\":[\"https:\/\/endhomelessness.org\/es\/recursos-para-los-medios-de-comunicacion\/formacion-sobre-medios-de-comunicacion-para-periodistas\/\"]}]},{\"@type\":\"ImageObject\",\"inLanguage\":\"es\",\"@id\":\"https:\/\/endhomelessness.org\/es\/recursos-para-los-medios-de-comunicacion\/formacion-sobre-medios-de-comunicacion-para-periodistas\/#primaryimage\",\"url\":\"https:\/\/endhomelessness.org\/wp-content\/uploads\/2014\/01\/Frame-222.png\",\"contentUrl\":\"https:\/\/endhomelessness.org\/wp-content\/uploads\/2014\/01\/Frame-222.png\",\"width\":1068,\"height\":684,\"caption\":\"National Alliance to End Homelessness logo\"},{\"@type\":\"BreadcrumbList\",\"@id\":\"https:\/\/endhomelessness.org\/es\/recursos-para-los-medios-de-comunicacion\/formacion-sobre-medios-de-comunicacion-para-periodistas\/#breadcrumb\",\"itemListElement\":[{\"@type\":\"ListItem\",\"position\":1,\"name\":\"Inicio\",\"item\":\"https:\/\/endhomelessness.org\/es\/home-page-2-2-2\/\"},{\"@type\":\"ListItem\",\"position\":2,\"name\":\"Recursos para los medios de comunicaci\u00f3n\",\"item\":\"https:\/\/endhomelessness.org\/es\/recursos-para-los-medios-de-comunicacion\/\"},{\"@type\":\"ListItem\",\"position\":3,\"name\":\"Formaci\u00f3n sobre medios de comunicaci\u00f3n para periodistas\"}]},{\"@type\":\"WebSite\",\"@id\":\"https:\/\/endhomelessness.org\/es\/#website\",\"url\":\"https:\/\/endhomelessness.org\/es\/\",\"name\":\"National Alliance to End Homelessness\",\"description\":\"Organizaci\u00f3n no partidista para prevenir y erradicar la falta de vivienda en EE.UU.\",\"publisher\":{\"@id\":\"https:\/\/endhomelessness.org\/es\/#organization\"},\"potentialAction\":[{\"@type\":\"SearchAction\",\"target\":{\"@type\":\"EntryPoint\",\"urlTemplate\":\"https:\/\/endhomelessness.org\/es\/?s={search_term_string}\"},\"query-input\":{\"@type\":\"PropertyValueSpecification\",\"valueRequired\":true,\"valueName\":\"search_term_string\"}}],\"inLanguage\":\"es\"},{\"@type\":\"Organization\",\"@id\":\"https:\/\/endhomelessness.org\/es\/#organization\",\"name\":\"Alianza Nacional para Erradicar la Falta de Vivienda\",\"url\":\"https:\/\/endhomelessness.org\/es\/\",\"logo\":{\"@type\":\"ImageObject\",\"inLanguage\":\"es\",\"@id\":\"https:\/\/endhomelessness.org\/es\/#\/schema\/logo\/image\/\",\"url\":\"https:\/\/endhomelessness.org\/wp-content\/uploads\/2024\/09\/logo-2.webp\",\"contentUrl\":\"https:\/\/endhomelessness.org\/wp-content\/uploads\/2024\/09\/logo-2.webp\",\"width\":687,\"height\":361,\"caption\":\"Alianza Nacional para Erradicar la Falta de Vivienda\"},\"image\":{\"@id\":\"https:\/\/endhomelessness.org\/es\/#\/schema\/logo\/image\/\"},\"sameAs\":[\"https:\/\/www.facebook.com\/naehomelessness\/\",\"https:\/\/www.youtube.com\/@EndingHomelessness\",\"https:\/\/www.linkedin.com\/company\/national-alliance-to-end-homelessness\/\",\"https:\/\/instagram.com\/naeh_endhomelessness\"]}]}<\/script>\n<!-- \/ Yoast SEO Premium plugin. -->","yoast_head_json":{"title":"Formaci\u00f3n sobre medios de comunicaci\u00f3n para periodistas - Alianza Nacional para Erradicar la Falta de Vivienda","description":"The National Alliance to End Homelessness is a nonpartisan, nonprofit organization committed to preventing and ending homelessness in the United States.","robots":{"index":"index","follow":"follow","max-snippet":"max-snippet:-1","max-image-preview":"max-image-preview:large","max-video-preview":"max-video-preview:-1"},"canonical":"https:\/\/endhomelessness.org\/es\/recursos-para-los-medios-de-comunicacion\/formacion-sobre-medios-de-comunicacion-para-periodistas\/","og_locale":"es_ES","og_type":"article","og_title":"Formaci\u00f3n sobre medios de comunicaci\u00f3n para periodistas","og_description":"The National Alliance to End Homelessness is a nonpartisan, nonprofit organization committed to preventing and ending homelessness in the United States.","og_url":"https:\/\/endhomelessness.org\/es\/recursos-para-los-medios-de-comunicacion\/formacion-sobre-medios-de-comunicacion-para-periodistas\/","og_site_name":"Alianza Nacional para Erradicar la Falta de Vivienda","article_publisher":"https:\/\/www.facebook.com\/naehomelessness\/","article_modified_time":"2026-03-13T18:25:39+00:00","og_image":[{"width":1068,"height":684,"url":"https:\/\/endhomelessness.org\/wp-content\/uploads\/2014\/01\/Frame-222.png","type":"image\/png"}],"twitter_card":"summary_large_image","twitter_misc":{"Tiempo de lectura":"1 minuto"},"schema":{"@context":"https:\/\/schema.org","@graph":[{"@type":"WebPage","@id":"https:\/\/endhomelessness.org\/es\/recursos-para-los-medios-de-comunicacion\/formacion-sobre-medios-de-comunicacion-para-periodistas\/","url":"https:\/\/endhomelessness.org\/es\/recursos-para-los-medios-de-comunicacion\/formacion-sobre-medios-de-comunicacion-para-periodistas\/","name":"Formaci\u00f3n sobre medios de comunicaci\u00f3n para periodistas - Alianza Nacional para Erradicar la Falta de Vivienda","isPartOf":{"@id":"https:\/\/endhomelessness.org\/es\/#website"},"primaryImageOfPage":{"@id":"https:\/\/endhomelessness.org\/es\/recursos-para-los-medios-de-comunicacion\/formacion-sobre-medios-de-comunicacion-para-periodistas\/#primaryimage"},"image":{"@id":"https:\/\/endhomelessness.org\/es\/recursos-para-los-medios-de-comunicacion\/formacion-sobre-medios-de-comunicacion-para-periodistas\/#primaryimage"},"thumbnailUrl":"https:\/\/endhomelessness.org\/wp-content\/uploads\/2014\/01\/Frame-222.png","datePublished":"2025-09-10T17:33:59+00:00","dateModified":"2026-03-13T18:25:39+00:00","description":"The National Alliance to End Homelessness is a nonpartisan, nonprofit organization committed to preventing and ending homelessness in the United States.","breadcrumb":{"@id":"https:\/\/endhomelessness.org\/es\/recursos-para-los-medios-de-comunicacion\/formacion-sobre-medios-de-comunicacion-para-periodistas\/#breadcrumb"},"inLanguage":"es","potentialAction":[{"@type":"ReadAction","target":["https:\/\/endhomelessness.org\/es\/recursos-para-los-medios-de-comunicacion\/formacion-sobre-medios-de-comunicacion-para-periodistas\/"]}]},{"@type":"ImageObject","inLanguage":"es","@id":"https:\/\/endhomelessness.org\/es\/recursos-para-los-medios-de-comunicacion\/formacion-sobre-medios-de-comunicacion-para-periodistas\/#primaryimage","url":"https:\/\/endhomelessness.org\/wp-content\/uploads\/2014\/01\/Frame-222.png","contentUrl":"https:\/\/endhomelessness.org\/wp-content\/uploads\/2014\/01\/Frame-222.png","width":1068,"height":684,"caption":"National Alliance to End Homelessness logo"},{"@type":"BreadcrumbList","@id":"https:\/\/endhomelessness.org\/es\/recursos-para-los-medios-de-comunicacion\/formacion-sobre-medios-de-comunicacion-para-periodistas\/#breadcrumb","itemListElement":[{"@type":"ListItem","position":1,"name":"Inicio","item":"https:\/\/endhomelessness.org\/es\/home-page-2-2-2\/"},{"@type":"ListItem","position":2,"name":"Recursos para los medios de comunicaci\u00f3n","item":"https:\/\/endhomelessness.org\/es\/recursos-para-los-medios-de-comunicacion\/"},{"@type":"ListItem","position":3,"name":"Formaci\u00f3n sobre medios de comunicaci\u00f3n para periodistas"}]},{"@type":"WebSite","@id":"https:\/\/endhomelessness.org\/es\/#website","url":"https:\/\/endhomelessness.org\/es\/","name":"National Alliance to End Homelessness","description":"Organizaci\u00f3n no partidista para prevenir y erradicar la falta de vivienda en EE.UU.","publisher":{"@id":"https:\/\/endhomelessness.org\/es\/#organization"},"potentialAction":[{"@type":"SearchAction","target":{"@type":"EntryPoint","urlTemplate":"https:\/\/endhomelessness.org\/es\/?s={search_term_string}"},"query-input":{"@type":"PropertyValueSpecification","valueRequired":true,"valueName":"search_term_string"}}],"inLanguage":"es"},{"@type":"Organization","@id":"https:\/\/endhomelessness.org\/es\/#organization","name":"Alianza Nacional para Erradicar la Falta de Vivienda","url":"https:\/\/endhomelessness.org\/es\/","logo":{"@type":"ImageObject","inLanguage":"es","@id":"https:\/\/endhomelessness.org\/es\/#\/schema\/logo\/image\/","url":"https:\/\/endhomelessness.org\/wp-content\/uploads\/2024\/09\/logo-2.webp","contentUrl":"https:\/\/endhomelessness.org\/wp-content\/uploads\/2024\/09\/logo-2.webp","width":687,"height":361,"caption":"Alianza Nacional para Erradicar la Falta de Vivienda"},"image":{"@id":"https:\/\/endhomelessness.org\/es\/#\/schema\/logo\/image\/"},"sameAs":["https:\/\/www.facebook.com\/naehomelessness\/","https:\/\/www.youtube.com\/@EndingHomelessness","https:\/\/www.linkedin.com\/company\/national-alliance-to-end-homelessness\/","https:\/\/instagram.com\/naeh_endhomelessness"]}]}},"_links":{"self":[{"href":"https:\/\/endhomelessness.org\/es\/wp-json\/wp\/v2\/pages\/22717","targetHints":{"allow":["GET"]}}],"collection":[{"href":"https:\/\/endhomelessness.org\/es\/wp-json\/wp\/v2\/pages"}],"about":[{"href":"https:\/\/endhomelessness.org\/es\/wp-json\/wp\/v2\/types\/page"}],"author":[{"embeddable":true,"href":"https:\/\/endhomelessness.org\/es\/wp-json\/wp\/v2\/users\/1"}],"replies":[{"embeddable":true,"href":"https:\/\/endhomelessness.org\/es\/wp-json\/wp\/v2\/comments?post=22717"}],"version-history":[{"count":1,"href":"https:\/\/endhomelessness.org\/es\/wp-json\/wp\/v2\/pages\/22717\/revisions"}],"predecessor-version":[{"id":25197,"href":"https:\/\/endhomelessness.org\/es\/wp-json\/wp\/v2\/pages\/22717\/revisions\/25197"}],"up":[{"embeddable":true,"href":"https:\/\/endhomelessness.org\/es\/wp-json\/wp\/v2\/pages\/18039"}],"wp:featuredmedia":[{"embeddable":true,"href":"https:\/\/endhomelessness.org\/es\/wp-json\/wp\/v2\/media\/14222"}],"wp:attachment":[{"href":"https:\/\/endhomelessness.org\/es\/wp-json\/wp\/v2\/media?parent=22717"}],"curies":[{"name":"wp","href":"https:\/\/api.w.org\/{rel}","templated":true}]}}