{"id":22751,"date":"2025-09-10T15:01:33","date_gmt":"2025-09-10T19:01:33","guid":{"rendered":"https:\/\/endhomelessness.org\/actue-ahora-impida-que-hud-siembre-el-caos\/"},"modified":"2025-09-11T11:57:28","modified_gmt":"2025-09-11T15:57:28","slug":"actue-ahora-impida-que-hud-siembre-el-caos","status":"publish","type":"page","link":"https:\/\/endhomelessness.org\/es\/actue-ahora-impida-que-hud-siembre-el-caos\/","title":{"rendered":"ACT\u00daE AHORA: impida que HUD siembre el caos"},"content":{"rendered":"\n<section class=\"e-stn e-stn-5ac62410ca4d979d8c94134f1cfba18d0192dddb e-stn--contact-form\"><div class=\"container\">\n<div class=\"wp-block-b3rg-row e-row row\">\n<div class=\"wp-block-b3rg-column e-col e-col-14aff9150f9f549187a63850ea60b8e7c1abcbb0  col-sm-12 col-lg-6\">\n<div class=\"wp-block-b3rg-row e-row row e-row--title-with-description\">\n<div class=\"wp-block-b3rg-column e-col e-col-ace831841ae6ba6894718dbe446538456bed6c8a  col-sm-12\">\n<h2 class=\"wp-block-heading\" id=\"h-act-now-stop-hud-from-sowing-chaos-nbsp\"><strong>ACT\u00daE AHORA: impida que HUD siembre el caos <\/strong><\/h2>\n\n\n\n<p>La falta de transparencia, las demoras innecesarias y los cambios de \u00faltima hora de HUD en el proceso de solicitud de subvenciones provocar\u00e1n la <strong>retenci\u00f3n de fondos para personas sin hogar<\/strong> de las comunidades que no est\u00e9n estrictamente alineadas con la agenda partidista de la Administraci\u00f3n. <\/p>\n\n\n\n<p>Necesitamos su voz HOY para <strong>instar al Congreso a detener el Aviso de Oportunidad de Financiamiento para la Construcci\u00f3n del Programa de Atenci\u00f3n Continua de HUD<\/strong> y garantizar que HUD proporcione a las comunidades de manera justa y transparente, sin demoras innecesarias ni condiciones onerosas en todas las oportunidades de financiamiento del Programa de Atenci\u00f3n Continua. <\/p>\n\n\n\n<p><strong>Utilice los recursos que se indican a continuaci\u00f3n para fundamentar sus mensajes al Congreso.<\/strong><\/p>\n\n\n\n<ul class=\"wp-block-list\">\n<li><a href=\"https:\/\/endhomelessness.org\/es\/blog\/rincon-del-director-ejecutivo-semana-del-9-de-septiembre\/\" target=\"_blank\" rel=\"noreferrer noopener\">Rinc\u00f3n del director ejecutivo sobre la oportunidad de financiaci\u00f3n para la construcci\u00f3n del programa Continuum of Care del a\u00f1o fiscal 2025<\/a><\/li>\n<\/ul>\n\n\n\n<ul class=\"wp-block-list\">\n<li><a href=\"https:\/\/endhomelessness.org\/es\/blog\/ceo-corner-week-of-july-14\/\" target=\"_blank\" rel=\"noreferrer noopener\">Proteja el NOFO del programa CoC de dos a\u00f1os<\/a> <\/li>\n<\/ul>\n<\/div>\n<\/div>\n\n\n\n<div class=\"wp-block-b3rg-row e-row row\">\n<div class=\"wp-block-b3rg-column e-col e-col-ace831841ae6ba6894718dbe446538456bed6c8a  col-sm-12\">\n<h3 class=\"wp-block-heading\" id=\"h-3-ways-to-advocate-today\">3 maneras de defender hoy:<\/h3>\n\n\n<div class=\"e-acc e-acc--dlt\" data-settings='{\"forceExpand\":false,\"toggleMode\":true,\"colBreakPoint\":576,\"floatPanel\":false,\"autoSlide\":false,\"autoPlayInterval\":3000,\"pauseOnFocus\":true}' data-accordion='e-acc_69d7f404d1c3f'><div class=\"e-acc__itms-wrpr\"><div class=\"e-acc__itm-wrpr\" data-item-id='e-acc-itm-id-0'><div class=\"e-acc__itm\"><div class=\"e-acc__itm-hdr-wrpr\" data-toggle='collapse' data-target='e-acc-itm-id-0'><div class=\"e-acc__itm-hdr\">\n<h2 class=\"wp-block-heading\" id=\"h-call-your-member-of-congress\">Llame a su miembro del Congreso.<\/h2>\n<\/div><\/div><div class=\"e-acc__itm-bdy-wrpr\" id='e-acc-itm-id-0' style='display: none'><div class=\"e-acc__itm-bdy\">\n<ul class=\"wp-block-list\">\n<li>La centralita del Capitolio es el <strong>(202) 224-3121<\/strong>. Un operador de la centralita le conectar\u00e1 directamente con la oficina de la C\u00e1mara o del Senado que solicite. \u00bfNo sabe qu\u00e9 decir? Por favor, utilice este guion o modif\u00edquelo para transmitir su propio mensaje.   <\/li>\n\n\n\n<li><strong>Guion telef\u00f3nico: <\/strong>\u201cMe decepciona que el Departamento de Vivienda y Desarrollo Urbano contin\u00fae imponiendo demoras y condiciones innecesarias<strong> <\/strong>en los procesos de financiaci\u00f3n cr\u00edticos vinculados a la financiaci\u00f3n de la asistencia para personas sin hogar. Recientemente, HUD emiti\u00f3 un Aviso de Oportunidad de Financiamiento para los fondos de Construcci\u00f3n del Programa de Atenci\u00f3n Continua del a\u00f1o fiscal 2025, una oportunidad de financiamiento especial para crear m\u00e1s Viviendas de Apoyo Permanentes, por tercera vez.  <br\/><br\/>No podemos permitir que HUD ponga en riesgo esta financiaci\u00f3n (y la financiaci\u00f3n futura del Programa de Atenci\u00f3n Continua) para los proveedores y las personas a las que sirven. <br\/><br\/>Por favor, p\u00eddale a su jefe (y a su personal encargado de asuntos de vivienda) que insten al HUD a anular el NOFO de CoC Builds y a responsabilizar al HUD de garantizar procesos justos y transparentes que sigan las directrices del Congreso. De lo contrario, el acceso de su comunidad a los fondos del HUD para personas sin hogar est\u00e1 en riesgo.  <\/li>\n\n\n\n<li>Por favor, aseg\u00farese de proporcionar su nombre y direcci\u00f3n para que el personal sepa que usted es un constituyente, le tome en serio y le env\u00ede una respuesta por escrito. <\/li>\n<\/ul>\n<\/div><\/div><\/div><\/div><div class=\"e-acc__itm-wrpr\" data-item-id='e-acc-itm-id-1'><div class=\"e-acc__itm\"><div class=\"e-acc__itm-hdr-wrpr\" data-toggle='collapse' data-target='e-acc-itm-id-1'><div class=\"e-acc__itm-hdr\">\n<h2 class=\"wp-block-heading\" id=\"h-send-a-personalized-email-to-your-lawmaker-s-office\">Env\u00ede un correo electr\u00f3nico personalizado a la oficina de su legislador.<\/h2>\n<\/div><\/div><div class=\"e-acc__itm-bdy-wrpr\" id='e-acc-itm-id-1' style='display: none'><div class=\"e-acc__itm-bdy\">\n<p>Si ya tiene un contacto del personal o una direcci\u00f3n de correo electr\u00f3nico para la oficina de su miembro del Congreso, <strong>env\u00edeles un correo electr\u00f3nico directamente en lugar de utilizar el formulario<\/strong>.<\/p>\n\n<p>Es m\u00e1s probable que los legisladores presten atenci\u00f3n a los correos electr\u00f3nicos que incluyen detalles personales. Cree su propio correo electr\u00f3nico utilizando la informaci\u00f3n proporcionada en este mensaje y personal\u00edcelo con detalles espec\u00edficos sobre el impacto potencial para su organizaci\u00f3n y comunidad.  <\/p>\n\n<p>Por favor, aseg\u00farese de proporcionar su nombre y direcci\u00f3n para que el personal sepa que usted es un constituyente, le tome en serio y le env\u00ede una respuesta por escrito. <\/p>\n<\/div><\/div><\/div><\/div><div class=\"e-acc__itm-wrpr\" data-item-id='e-acc-itm-id-2'><div class=\"e-acc__itm\"><div class=\"e-acc__itm-hdr-wrpr\" data-toggle='collapse' data-target='e-acc-itm-id-2'><div class=\"e-acc__itm-hdr\">\n<h2 class=\"wp-block-heading\" id=\"h-fill-out-the-alliance-s-online-advocacy-form\">Rellene el formulario de defensa en l\u00ednea de la Alianza.<\/h2>\n<\/div><\/div><div class=\"e-acc__itm-bdy-wrpr\" id='e-acc-itm-id-2' style='display: none'><div class=\"e-acc__itm-bdy\">\n<p>En el formulario anterior, introduzca su nombre, direcci\u00f3n y correo electr\u00f3nico. Se enviar\u00e1 un mensaje de muestra a sus miembros del Congreso. Por favor, <strong>personalice este correo electr\u00f3nico<\/strong> si es posible.  <\/p>\n<\/div><\/div><\/div><\/div><\/div> <\/div><\/div>\n<\/div>\n<\/div>\n\n\n\n<div class=\"wp-block-b3rg-column e-col e-col-14aff9150f9f549187a63850ea60b8e7c1abcbb0  col-sm-12 col-lg-6\">\n<link rel=\"preload\" href=\"https:\/\/static.everyaction.com\/ea-actiontag\/at.js\" as=\"script\" crossorigin=\"anonymous\"\/>\n <link rel=\"preload\" href=\"https:\/\/static.everyaction.com\/ea-actiontag\/at.min.css\" as=\"style\"\/>\n <script type=\"text\/javascript\" src=\"https:\/\/static.everyaction.com\/ea-actiontag\/at.js\" crossorigin=\"anonymous\"><\/script>\n  <div class=\"ngp-form\" data-form-url=\"https:\/\/advocator.ngpvan.com\/https%3a%2f%2fsecure.everyaction.com%2fv1%2fForms%2fFOmx0L9ww0udvKqQTvMjpg2\/ngpForm\" data-fastaction-endpoint=\"https:\/\/fastaction.ngpvan.com\" data-inline-errors=\"true\" data-fastaction-nologin=\"true\" data-mobile-autofocus=\"false\">\n<\/div>\n<\/div>\n<\/div>\n<\/div><\/section>\n\n<section class=\"e-stn e-stn-caac9803274764ce1dca9d8403973acc625b9307 e-stn--subscription-form\"><div class=\"container\">\n<div class=\"wp-block-b3rg-row e-row row\">\n<div class=\"wp-block-b3rg-column e-col e-col-34647224bb7227cbc85e553288a97a4d7485fb91 e-col--left  col-sm-12 col-lg-6\">\n<h2 class=\"wp-block-heading\" id=\"h-interested-in-learning-more\">\u00bfInteresado en<br\/>aprender m\u00e1s?<\/h2>\n<\/div>\n\n\n\n<div class=\"wp-block-b3rg-column e-col e-col-8e3fdd5405bfce7cb6f8ab8e8d94054a0b48f011 e-col--right  col-sm-12 col-lg-6\">\n<p>Suscr\u00edbase hoy para mantenerse informado y recibir actualizaciones regulares de la Alianza.<\/p>\n\n\n\n<!-- Begin MailChimp Signup Form --><link href=\"\/\/cdn-images.mailchimp.com\/embedcode\/classic-10_7.css\" rel=\"stylesheet\" type=\"text\/css\"\/><style type=\"text\/css\">#mc_embed_signup form { max-width: 1050px; margin: 0 auto; }\n    #mc_embed_signup div#mce-responses { float:none; width:100%; margin:0; padding:0; }\n    #mc_embed_signup #mce-error-response,\n    #mc_embed_signup #mce-success-response { color:#fff !important; width:100%; }\n    #mc_embed_signup .response { color:#fff; letter-spacing:normal; padding:0; }\n    #mc_embed_signup .response a { text-decoration:none !important; color:#fff !important; border-bottom: 2px solid #b79257; }\n    #mc_embed_signup .response a:hover { text-decoration:underline; }\n    .mc-custom-group { position:relative; float:left; width:49%; }\n    .mc-custom-group.last { float:right; }\n    .mc-custom-group #mc-embedded-subscribe { position:absolute; right:-1px; height: 48px !important; background: #b79257 !important; color: #fff; font-weight: 600 !important; font-size: 18px !important; border-radius: 0; border: none !important; }\n    .mc-custom-group input,\n    .mc-custom-group select { margin:0 !important; font-family:\"proxima-nova\", sans-serif; height: 48px; border-radius: 0 !important; border: none !important; padding:0 20px; width:100%; }\n    @media screen and (max-width:767px) {\n        .form-wrapper { margin:0 auto; }\n        .mc-custom-group { width:100%; float:none;}\n        .mc-custom-group input,\n        .mc-custom-group select,\n        .mc-custom-group #mc-embedded-subscribe { font-size:12px; padding:0 10px; margin:0 0 20px !important; width:100%; position:static; }\n    }\n<\/style><div id=\"mc_embed_signup\"><form action=\"https:\/\/endhomelessness.us9.list-manage.com\/subscribe\/post?u=466b34a51377a9504fb2ebd8f&#038;id=1cf64328bb\" method=\"post\" id=\"mc-embedded-subscribe-form\" name=\"mc-embedded-subscribe-form\" class=\"validate\" target=\"_blank\" novalidate=\"\"><div id=\"mc_embed_signup_scroll\"><div class=\"mc-custom-group\"><select name=\"group[17873]\" class=\"optionalnews\" id=\"optionalnews\"><option value=\"1\">I want weekly tools, resources, and news about homelessness<\/option><option value=\"2\">I want to receive general news and updates on the Alliance\u2019s work<\/option><\/select><\/div><div class=\"mc-custom-group last\"><input type=\"email\" value=\"\" name=\"EMAIL\" placeholder=\"Email Address\" class=\"required email\" id=\"mce-EMAIL\"\/><input type=\"submit\" value=\"SUBSCRIBE\" name=\"subscribe\" id=\"mc-embedded-subscribe\" class=\"button\"\/><\/div><div id=\"mce-responses\" class=\"clear\"><div class=\"response\" id=\"mce-error-response\" style=\"display:none\"><\/div><div class=\"response\" id=\"mce-success-response\" style=\"display:none\"><\/div><\/div><!-- real people should not fill this in and expect good things - do not remove this or risk form bot signups--><div style=\"position: absolute; left: -5000px;\" aria-hidden=\"true\"><input type=\"text\" name=\"b_466b34a51377a9504fb2ebd8f_1cf64328bb\" tabindex=\"-1\" value=\"\"\/><\/div><div class=\"clear\"><\/div><\/div><\/form><\/div><script type=\"text\/javascript\">document.getElementById(\"mc-embedded-subscribe-form\").addEventListener(\"submit\", function(event) {\n        var selectedOption = document.getElementById(\"optionalnews\").value;\n        var hiddenInput = document.createElement(\"input\");\n        hiddenInput.setAttribute(\"type\", \"hidden\");\n        hiddenInput.setAttribute(\"name\", \"group[17873][\" + selectedOption + \"]\");\n        hiddenInput.setAttribute(\"value\", \"1\");\n        document.getElementById(\"mc-embedded-subscribe-form\").appendChild(hiddenInput);\n    });\n<\/script><script type=\"text\/javascript\" src=\"\/\/s3.amazonaws.com\/downloads.mailchimp.com\/js\/mc-validate.js\"><\/script><script type=\"text\/javascript\">(function($) {window.fnames = new Array(); window.ftypes = new Array();fnames[0]='EMAIL';ftypes[0]='email';fnames[1]='FNAME';ftypes[1]='text';fnames[2]='LNAME';ftypes[2]='text';fnames[4]='MMERGE4';ftypes[4]='text';fnames[7]='CITY';ftypes[7]='text';fnames[8]='STATE';ftypes[8]='text';fnames[12]='MMERGE12';ftypes[12]='zip';fnames[11]='MMERGE11';ftypes[11]='text';fnames[13]='MMERGE13';ftypes[13]='text';fnames[3]='MMERGE3';ftypes[3]='text';}(jQuery));var $mcj = jQuery.noConflict(true);<\/script><!--End mc_embed_signup-->\n<\/div>\n<\/div>\n<\/div><\/section>\n","protected":false},"excerpt":{"rendered":"","protected":false},"author":32,"featured_media":14222,"parent":0,"menu_order":0,"comment_status":"closed","ping_status":"closed","template":"","meta":{"_acf_changed":false,"show_custom_date":false,"custom_date":"","featured":false,"featured_image":0,"learn_more_label":"","image_alt_text":"","learn_more_type":"","show_popup":false,"learn_more_link_file":0,"event_date":false,"event_start_date":"","event_end_date":"","place_holder_image_url":"","post_reading_time":"3","notification_enabled":false,"notification_text":"","notification_logo":"","notification_expiration_time":0,"is_enable_transparent_header":false,"hide_from_list_view":false,"selected_taxonomy_terms":{"translation_priority":[66]},"selected_primary_terms":[],"learn_more_link":[],"featured_page_list":[],"notification_enabled_post_list":[],"_relevanssi_hide_post":"","_relevanssi_hide_content":"","_relevanssi_pin_for_all":"","_relevanssi_pin_keywords":"","_relevanssi_unpin_keywords":"","_relevanssi_related_keywords":"","_relevanssi_related_include_ids":"","_relevanssi_related_exclude_ids":"","_relevanssi_related_no_append":"","_relevanssi_related_not_related":"","_relevanssi_related_posts":"","_relevanssi_noindex_reason":"","inline_featured_image":false,"news_publication":"","footnotes":""},"class_list":["post-22751","page","type-page","status-publish","has-post-thumbnail","hentry"],"acf":[],"yoast_head":"<!-- This site is optimized with the Yoast SEO Premium plugin v24.7 (Yoast SEO v27.2) - https:\/\/yoast.com\/product\/yoast-seo-premium-wordpress\/ -->\n<title>ACT\u00daE AHORA: impida que HUD siembre el caos - Alianza Nacional para Erradicar la Falta de Vivienda<\/title>\n<meta name=\"description\" content=\"Las \u00faltimas acciones de HUD son profundamente problem\u00e1ticas y necesitamos su apoyo ahora.\" \/>\n<meta name=\"robots\" content=\"index, follow, max-snippet:-1, max-image-preview:large, max-video-preview:-1\" \/>\n<link rel=\"canonical\" href=\"https:\/\/endhomelessness.org\/es\/actue-ahora-impida-que-hud-siembre-el-caos\/\" \/>\n<meta property=\"og:locale\" content=\"es_ES\" \/>\n<meta property=\"og:type\" content=\"article\" \/>\n<meta property=\"og:title\" content=\"ACT\u00daE AHORA: impida que HUD siembre el caos\" \/>\n<meta property=\"og:description\" content=\"Las \u00faltimas acciones de HUD son profundamente problem\u00e1ticas y necesitamos su apoyo ahora.\" \/>\n<meta property=\"og:url\" content=\"https:\/\/endhomelessness.org\/es\/actue-ahora-impida-que-hud-siembre-el-caos\/\" \/>\n<meta property=\"og:site_name\" content=\"Alianza Nacional para Erradicar la Falta de Vivienda\" \/>\n<meta property=\"article:publisher\" content=\"https:\/\/www.facebook.com\/naehomelessness\/\" \/>\n<meta property=\"article:modified_time\" content=\"2025-09-11T15:57:28+00:00\" \/>\n<meta property=\"og:image\" content=\"https:\/\/endhomelessness.org\/wp-content\/uploads\/2014\/01\/Frame-222.png\" \/>\n\t<meta property=\"og:image:width\" content=\"1068\" \/>\n\t<meta property=\"og:image:height\" content=\"684\" \/>\n\t<meta property=\"og:image:type\" content=\"image\/png\" \/>\n<meta name=\"twitter:card\" content=\"summary_large_image\" \/>\n<meta name=\"twitter:description\" content=\"Las \u00faltimas acciones de HUD son profundamente problem\u00e1ticas y necesitamos su apoyo ahora.\" \/>\n<meta name=\"twitter:label1\" content=\"Tiempo de lectura\" \/>\n\t<meta name=\"twitter:data1\" content=\"3 minutos\" \/>\n<script type=\"application\/ld+json\" class=\"yoast-schema-graph\">{\"@context\":\"https:\/\/schema.org\",\"@graph\":[{\"@type\":\"WebPage\",\"@id\":\"https:\/\/endhomelessness.org\/es\/actue-ahora-impida-que-hud-siembre-el-caos\/\",\"url\":\"https:\/\/endhomelessness.org\/es\/actue-ahora-impida-que-hud-siembre-el-caos\/\",\"name\":\"ACT\u00daE AHORA: impida que HUD siembre el caos - Alianza Nacional para Erradicar la Falta de Vivienda\",\"isPartOf\":{\"@id\":\"https:\/\/endhomelessness.org\/es\/#website\"},\"primaryImageOfPage\":{\"@id\":\"https:\/\/endhomelessness.org\/es\/actue-ahora-impida-que-hud-siembre-el-caos\/#primaryimage\"},\"image\":{\"@id\":\"https:\/\/endhomelessness.org\/es\/actue-ahora-impida-que-hud-siembre-el-caos\/#primaryimage\"},\"thumbnailUrl\":\"https:\/\/endhomelessness.org\/wp-content\/uploads\/2014\/01\/Frame-222.png\",\"datePublished\":\"2025-09-10T19:01:33+00:00\",\"dateModified\":\"2025-09-11T15:57:28+00:00\",\"description\":\"Las \u00faltimas acciones de HUD son profundamente problem\u00e1ticas y necesitamos su apoyo ahora.\",\"breadcrumb\":{\"@id\":\"https:\/\/endhomelessness.org\/es\/actue-ahora-impida-que-hud-siembre-el-caos\/#breadcrumb\"},\"inLanguage\":\"es\",\"potentialAction\":[{\"@type\":\"ReadAction\",\"target\":[\"https:\/\/endhomelessness.org\/es\/actue-ahora-impida-que-hud-siembre-el-caos\/\"]}]},{\"@type\":\"ImageObject\",\"inLanguage\":\"es\",\"@id\":\"https:\/\/endhomelessness.org\/es\/actue-ahora-impida-que-hud-siembre-el-caos\/#primaryimage\",\"url\":\"https:\/\/endhomelessness.org\/wp-content\/uploads\/2014\/01\/Frame-222.png\",\"contentUrl\":\"https:\/\/endhomelessness.org\/wp-content\/uploads\/2014\/01\/Frame-222.png\",\"width\":1068,\"height\":684},{\"@type\":\"BreadcrumbList\",\"@id\":\"https:\/\/endhomelessness.org\/es\/actue-ahora-impida-que-hud-siembre-el-caos\/#breadcrumb\",\"itemListElement\":[{\"@type\":\"ListItem\",\"position\":1,\"name\":\"Inicio\",\"item\":\"https:\/\/endhomelessness.org\/es\/home-page-2-2-2\/\"},{\"@type\":\"ListItem\",\"position\":2,\"name\":\"ACT\u00daE AHORA: impida que HUD siembre el caos\"}]},{\"@type\":\"WebSite\",\"@id\":\"https:\/\/endhomelessness.org\/es\/#website\",\"url\":\"https:\/\/endhomelessness.org\/es\/\",\"name\":\"National Alliance to End Homelessness\",\"description\":\"Organizaci\u00f3n no partidista para prevenir y erradicar la falta de vivienda en EE.UU.\",\"publisher\":{\"@id\":\"https:\/\/endhomelessness.org\/es\/#organization\"},\"potentialAction\":[{\"@type\":\"SearchAction\",\"target\":{\"@type\":\"EntryPoint\",\"urlTemplate\":\"https:\/\/endhomelessness.org\/es\/?s={search_term_string}\"},\"query-input\":{\"@type\":\"PropertyValueSpecification\",\"valueRequired\":true,\"valueName\":\"search_term_string\"}}],\"inLanguage\":\"es\"},{\"@type\":\"Organization\",\"@id\":\"https:\/\/endhomelessness.org\/es\/#organization\",\"name\":\"Alianza Nacional para Erradicar la Falta de Vivienda\",\"url\":\"https:\/\/endhomelessness.org\/es\/\",\"logo\":{\"@type\":\"ImageObject\",\"inLanguage\":\"es\",\"@id\":\"https:\/\/endhomelessness.org\/es\/#\/schema\/logo\/image\/\",\"url\":\"https:\/\/endhomelessness.org\/wp-content\/uploads\/2024\/09\/logo-2.webp\",\"contentUrl\":\"https:\/\/endhomelessness.org\/wp-content\/uploads\/2024\/09\/logo-2.webp\",\"width\":687,\"height\":361,\"caption\":\"Alianza Nacional para Erradicar la Falta de Vivienda\"},\"image\":{\"@id\":\"https:\/\/endhomelessness.org\/es\/#\/schema\/logo\/image\/\"},\"sameAs\":[\"https:\/\/www.facebook.com\/naehomelessness\/\",\"https:\/\/www.youtube.com\/@EndingHomelessness\",\"https:\/\/www.linkedin.com\/company\/national-alliance-to-end-homelessness\/\",\"https:\/\/instagram.com\/naeh_endhomelessness\"]}]}<\/script>\n<!-- \/ Yoast SEO Premium plugin. -->","yoast_head_json":{"title":"ACT\u00daE AHORA: impida que HUD siembre el caos - Alianza Nacional para Erradicar la Falta de Vivienda","description":"Las \u00faltimas acciones de HUD son profundamente problem\u00e1ticas y necesitamos su apoyo ahora.","robots":{"index":"index","follow":"follow","max-snippet":"max-snippet:-1","max-image-preview":"max-image-preview:large","max-video-preview":"max-video-preview:-1"},"canonical":"https:\/\/endhomelessness.org\/es\/actue-ahora-impida-que-hud-siembre-el-caos\/","og_locale":"es_ES","og_type":"article","og_title":"ACT\u00daE AHORA: impida que HUD siembre el caos","og_description":"Las \u00faltimas acciones de HUD son profundamente problem\u00e1ticas y necesitamos su apoyo ahora.","og_url":"https:\/\/endhomelessness.org\/es\/actue-ahora-impida-que-hud-siembre-el-caos\/","og_site_name":"Alianza Nacional para Erradicar la Falta de Vivienda","article_publisher":"https:\/\/www.facebook.com\/naehomelessness\/","article_modified_time":"2025-09-11T15:57:28+00:00","og_image":[{"width":1068,"height":684,"url":"https:\/\/endhomelessness.org\/wp-content\/uploads\/2014\/01\/Frame-222.png","type":"image\/png"}],"twitter_card":"summary_large_image","twitter_description":"Las \u00faltimas acciones de HUD son profundamente problem\u00e1ticas y necesitamos su apoyo ahora.","twitter_misc":{"Tiempo de lectura":"3 minutos"},"schema":{"@context":"https:\/\/schema.org","@graph":[{"@type":"WebPage","@id":"https:\/\/endhomelessness.org\/es\/actue-ahora-impida-que-hud-siembre-el-caos\/","url":"https:\/\/endhomelessness.org\/es\/actue-ahora-impida-que-hud-siembre-el-caos\/","name":"ACT\u00daE AHORA: impida que HUD siembre el caos - Alianza Nacional para Erradicar la Falta de Vivienda","isPartOf":{"@id":"https:\/\/endhomelessness.org\/es\/#website"},"primaryImageOfPage":{"@id":"https:\/\/endhomelessness.org\/es\/actue-ahora-impida-que-hud-siembre-el-caos\/#primaryimage"},"image":{"@id":"https:\/\/endhomelessness.org\/es\/actue-ahora-impida-que-hud-siembre-el-caos\/#primaryimage"},"thumbnailUrl":"https:\/\/endhomelessness.org\/wp-content\/uploads\/2014\/01\/Frame-222.png","datePublished":"2025-09-10T19:01:33+00:00","dateModified":"2025-09-11T15:57:28+00:00","description":"Las \u00faltimas acciones de HUD son profundamente problem\u00e1ticas y necesitamos su apoyo ahora.","breadcrumb":{"@id":"https:\/\/endhomelessness.org\/es\/actue-ahora-impida-que-hud-siembre-el-caos\/#breadcrumb"},"inLanguage":"es","potentialAction":[{"@type":"ReadAction","target":["https:\/\/endhomelessness.org\/es\/actue-ahora-impida-que-hud-siembre-el-caos\/"]}]},{"@type":"ImageObject","inLanguage":"es","@id":"https:\/\/endhomelessness.org\/es\/actue-ahora-impida-que-hud-siembre-el-caos\/#primaryimage","url":"https:\/\/endhomelessness.org\/wp-content\/uploads\/2014\/01\/Frame-222.png","contentUrl":"https:\/\/endhomelessness.org\/wp-content\/uploads\/2014\/01\/Frame-222.png","width":1068,"height":684},{"@type":"BreadcrumbList","@id":"https:\/\/endhomelessness.org\/es\/actue-ahora-impida-que-hud-siembre-el-caos\/#breadcrumb","itemListElement":[{"@type":"ListItem","position":1,"name":"Inicio","item":"https:\/\/endhomelessness.org\/es\/home-page-2-2-2\/"},{"@type":"ListItem","position":2,"name":"ACT\u00daE AHORA: impida que HUD siembre el caos"}]},{"@type":"WebSite","@id":"https:\/\/endhomelessness.org\/es\/#website","url":"https:\/\/endhomelessness.org\/es\/","name":"National Alliance to End Homelessness","description":"Organizaci\u00f3n no partidista para prevenir y erradicar la falta de vivienda en EE.UU.","publisher":{"@id":"https:\/\/endhomelessness.org\/es\/#organization"},"potentialAction":[{"@type":"SearchAction","target":{"@type":"EntryPoint","urlTemplate":"https:\/\/endhomelessness.org\/es\/?s={search_term_string}"},"query-input":{"@type":"PropertyValueSpecification","valueRequired":true,"valueName":"search_term_string"}}],"inLanguage":"es"},{"@type":"Organization","@id":"https:\/\/endhomelessness.org\/es\/#organization","name":"Alianza Nacional para Erradicar la Falta de Vivienda","url":"https:\/\/endhomelessness.org\/es\/","logo":{"@type":"ImageObject","inLanguage":"es","@id":"https:\/\/endhomelessness.org\/es\/#\/schema\/logo\/image\/","url":"https:\/\/endhomelessness.org\/wp-content\/uploads\/2024\/09\/logo-2.webp","contentUrl":"https:\/\/endhomelessness.org\/wp-content\/uploads\/2024\/09\/logo-2.webp","width":687,"height":361,"caption":"Alianza Nacional para Erradicar la Falta de Vivienda"},"image":{"@id":"https:\/\/endhomelessness.org\/es\/#\/schema\/logo\/image\/"},"sameAs":["https:\/\/www.facebook.com\/naehomelessness\/","https:\/\/www.youtube.com\/@EndingHomelessness","https:\/\/www.linkedin.com\/company\/national-alliance-to-end-homelessness\/","https:\/\/instagram.com\/naeh_endhomelessness"]}]}},"_links":{"self":[{"href":"https:\/\/endhomelessness.org\/es\/wp-json\/wp\/v2\/pages\/22751","targetHints":{"allow":["GET"]}}],"collection":[{"href":"https:\/\/endhomelessness.org\/es\/wp-json\/wp\/v2\/pages"}],"about":[{"href":"https:\/\/endhomelessness.org\/es\/wp-json\/wp\/v2\/types\/page"}],"author":[{"embeddable":true,"href":"https:\/\/endhomelessness.org\/es\/wp-json\/wp\/v2\/users\/32"}],"replies":[{"embeddable":true,"href":"https:\/\/endhomelessness.org\/es\/wp-json\/wp\/v2\/comments?post=22751"}],"version-history":[{"count":0,"href":"https:\/\/endhomelessness.org\/es\/wp-json\/wp\/v2\/pages\/22751\/revisions"}],"wp:featuredmedia":[{"embeddable":true,"href":"https:\/\/endhomelessness.org\/es\/wp-json\/wp\/v2\/media\/14222"}],"wp:attachment":[{"href":"https:\/\/endhomelessness.org\/es\/wp-json\/wp\/v2\/media?parent=22751"}],"curies":[{"name":"wp","href":"https:\/\/api.w.org\/{rel}","templated":true}]}}