{"id":25149,"date":"2026-03-02T17:16:03","date_gmt":"2026-03-02T22:16:03","guid":{"rendered":"https:\/\/endhomelessness.org\/about-us\/construyendo-equidad-en-los-sistemas-para-erradicar-la-falta-de-vivienda\/asesores-con-experiencia-vivida\/equipo-estrategico-comunitario\/"},"modified":"2026-03-20T09:31:49","modified_gmt":"2026-03-20T13:31:49","slug":"equipo-estrategico-comunitario","status":"publish","type":"page","link":"https:\/\/endhomelessness.org\/es\/about-us\/construyendo-equidad-en-los-sistemas-para-erradicar-la-falta-de-vivienda\/asesores-con-experiencia-vivida\/equipo-estrategico-comunitario\/","title":{"rendered":"Equipo estrat\u00e9gico comunitario"},"content":{"rendered":"\n<section class=\"e-stn e-stn-28ef159458ea472e8bff797f5c0b619ce1a7df62 e-stn--page-banner-with-texts\"><style><\/style><div class=\"container\">\n<div class=\"wp-block-b3rg-row e-row row\">\n<div class=\"wp-block-b3rg-column e-col e-col-39cfa9d404ac019aa00fc49744dc7db02252e1b1  col-sm-12\">\n<h1 class=\"wp-block-heading has-text-align-left has-rich-black-color has-text-color has-link-color wp-elements-2621decfee59a7ef6657bc94f3abd3b1\" id=\"h-apply-for-the-community-strategic-team\">Solicita un puesto en el Equipo Estrat\u00e9gico Comunitario<\/h1>\n\n\n\n<p class=\"has-crayola-orange-color has-text-color has-link-color wp-elements-24161cf9a23c24ef370b6daaa1982475\"><strong>Hemos alcanzado el l\u00edmite de solicitudes. Debido a la abrumadora demanda, esta solicitud ya se ha cerrado. <\/strong><\/p>\n\n\n\n<p><\/p>\n<\/div>\n<\/div>\n<\/div><\/section>\n\n<section class=\"e-stn e-stn-6d4b79182d8724b709ddad2df29a9b7d67e8a7a7 e-stn--text-content e-mt-0\"><div class=\"container\">\n<div class=\"wp-block-b3rg-row e-row row\">\n<div class=\"wp-block-b3rg-column e-col e-col-39cfa9d404ac019aa00fc49744dc7db02252e1b1  col-sm-12\">\n<div class=\"e-div e-div-5f94a58246991bddf0302249554c29591622971f e-div--content\">\n<h2 class=\"wp-block-heading\" id=\"h-the-national-alliance-to-end-homelessness-is-searching-for-nine-9-leaders-with-lived-experience-of-homelessness-to-participate-on-the-nbsp-community-strategic-team-cst-nbsp-nbsp-the-team-will-do-convening-creative-collaborative-and-conference-work-that-aligns-with-the-organization-s-lived-experience-equity-strategic-plans-the-nbsp-cst-will-partner-with-the-alliance-according-to-its-engagement-plan-within-internal-teams-external-partners-and-other-lived-experience-leaders-who-are-doing-work-within-their-own-communities-to-prevent-and-end-homelessness\">La National Alliance to End Homelessness est\u00e1 buscando a nueve (9) l\u00edderes con experiencia vivida de sinhogarismo para participar en el <strong>Equipo Estrat\u00e9gico Comunitario (CST).<\/strong> El equipo llevar\u00e1 a cabo labores de convocatoria, creatividad, colaboraci\u00f3n y trabajo en conferencias que se ajusten a los planes estrat\u00e9gicos de experiencia vivida\/equidad de la organizaci\u00f3n. El CST colaborar\u00e1 con la Alianza de acuerdo con su plan de participaci\u00f3n, junto con equipos internos, socios externos y otros l\u00edderes con experiencia vivida que est\u00e1n trabajando en sus propias comunidades para prevenir y acabar con el sinhogarismo. <\/h2>\n\n\n\n<h3 class=\"wp-block-heading\" id=\"h-purpose-statement\">Declaraci\u00f3n de Prop\u00f3sito<\/h3>\n\n\n\n<p>El trabajo de liderazgo basado en la experiencia vivida de la National Alliance to End Homelessness apoyar\u00e1 y guiar\u00e1 a l\u00edderes con experiencia propia de diferentes lugares de todo el pa\u00eds, colaborando con la Alianza mediante un enfoque de desarrollo, dise\u00f1o, difusi\u00f3n y despliegue. La Alianza y los l\u00edderes con experiencia vivida trabajar\u00e1n juntos para crear una visi\u00f3n compartida hacia un movimiento colectivo que prevenga y ponga fin al sinhogarismo en todo el pa\u00eds. Gracias a su plataforma nacional y su gran alcance, la Alianza actuar\u00e1 como socio nacional de estos l\u00edderes, trabajando dentro de una infraestructura estrat\u00e9gica mientras expande esta labor a todos los rincones del pa\u00eds.   <\/p>\n\n\n\n<p>La Alianza crear\u00e1 cuidadosamente espacios significativos incorporando las perspectivas de equidad y pertenencia como componente central del trabajo, asegurando que todas las voces sean amplificadas, construyendo una red de l\u00edderes con experiencia vivida y garantizando que todos los l\u00edderes tengan un espacio y un lugar para ser escuchados. La Alianza ayudar\u00e1 a asegurar que el trabajo de los l\u00edderes con experiencia vivida est\u00e9 orientado al futuro, pero, lo que es m\u00e1s importante, alineado con las necesidades de sus respectivas comunidades. Juntos, visualizamos un mundo donde nuestros l\u00edderes con experiencia vivida puedan so\u00f1ar en grande y estar impulsados por un prop\u00f3sito para realizar un trabajo incre\u00edble y lograr cambios narrativos para alcanzar el objetivo de prevenir y poner fin al sinhogarismo en todo el pa\u00eds.  <\/p>\n\n\n\n<h3 class=\"wp-block-heading\" id=\"h-requirements\">Requisitos<\/h3>\n\n\n\n<p>Debido a la naturaleza del trabajo requerido como miembro del Equipo Estrat\u00e9gico Comunitario, la Alianza buscar\u00e1 l\u00edderes con experiencia vivida que:<\/p>\n\n\n\n<ul class=\"wp-block-list\">\n<li>est\u00e9n trabajando activamente con un grupo existente o de forma individual en su propia comunidad;<\/li>\n\n\n\n<li>tengan habilidades para apoyar y guiar el \u00e9xito de otros l\u00edderes y grupos con experiencia vivida;<\/li>\n\n\n\n<li>sean capaces de involucrarse y comprender los aspectos avanzados relacionados con el desarrollo, dise\u00f1o, difusi\u00f3n y despliegue de proyectos de trabajo;<\/li>\n\n\n\n<li>hayan trabajado con una base y un marco de equidad, inclusi\u00f3n, diversidad y pertenencia; y<\/li>\n\n\n\n<li>se hayan dedicado y comprometido con soluciones innovadoras para prevenir y acabar con el sinhogarismo.<\/li>\n<\/ul>\n\n\n\n<div class=\"wp-block-group is-nowrap is-layout-flex wp-container-core-group-is-layout-6c531013 wp-block-group-is-layout-flex\">\n<h3 class=\"wp-block-heading\" id=\"h-benefits-and-expectations\"><strong>Beneficios y Expectativas:<\/strong><\/h3>\n<\/div>\n\n\n\n<div class=\"wp-block-group is-nowrap is-layout-flex wp-container-core-group-is-layout-6c531013 wp-block-group-is-layout-flex\">\n<ul class=\"wp-block-list\">\n<li>Inscripci\u00f3n gratuita y alojamiento y viaje incluidos para las dos conferencias anuales de la Alianza.<\/li>\n\n\n\n<li>Participaci\u00f3n en el programa de coaching y mentor\u00eda de liderazgo de la Alianza<\/li>\n\n\n\n<li>Apoyo y orientaci\u00f3n continuos del equipo de experiencia vivida\/equidad<\/li>\n\n\n\n<li>Asignaci\u00f3n de 24 meses, hasta 5 horas al mes con una tarifa de 125 $ por hora<\/li>\n\n\n\n<li>Equipo de 3 personas que trabaja en \u00e1reas espec\u00edficas de concentraci\u00f3n<\/li>\n\n\n\n<li>Viaje de 3 d\u00edas a Washington, D. C. para el inicio, orientaci\u00f3n e incorporaci\u00f3n <\/li>\n<\/ul>\n<\/div>\n\n\n\n<p><\/p>\n\n\n<\/div>\n<\/div>\n<\/div>\n<\/div><\/section>\n<div class=\"e-btn\"><a class=\"e-btn__link\"href=\"#\"><\/a><\/div><div class=\"e-btn\"><a class=\"e-btn__link\"href=\"#\"><\/a><\/div>","protected":false},"excerpt":{"rendered":"","protected":false},"author":1,"featured_media":14222,"parent":17504,"menu_order":0,"comment_status":"closed","ping_status":"closed","template":"","meta":{"_acf_changed":false,"show_custom_date":false,"custom_date":"","featured":false,"featured_image":0,"learn_more_label":"","image_alt_text":"","learn_more_type":"","show_popup":false,"learn_more_link_file":0,"event_date":false,"event_start_date":"","event_end_date":"","place_holder_image_url":"","post_reading_time":"2","notification_enabled":false,"notification_text":"","notification_logo":"","notification_expiration_time":0,"is_enable_transparent_header":false,"hide_from_list_view":false,"selected_taxonomy_terms":{"translation_priority":[66]},"selected_primary_terms":[],"learn_more_link":[],"featured_page_list":[],"notification_enabled_post_list":[],"_relevanssi_hide_post":"","_relevanssi_hide_content":"","_relevanssi_pin_for_all":"","_relevanssi_pin_keywords":"","_relevanssi_unpin_keywords":"","_relevanssi_related_keywords":"","_relevanssi_related_include_ids":"","_relevanssi_related_exclude_ids":"","_relevanssi_related_no_append":"","_relevanssi_related_not_related":"","_relevanssi_related_posts":"","_relevanssi_noindex_reason":"","inline_featured_image":false,"news_publication":"","footnotes":""},"class_list":["post-25149","page","type-page","status-publish","has-post-thumbnail","hentry"],"acf":[],"yoast_head":"<!-- This site is optimized with the Yoast SEO Premium plugin v24.7 (Yoast SEO v27.2) - https:\/\/yoast.com\/product\/yoast-seo-premium-wordpress\/ -->\n<title>Equipo estrat\u00e9gico comunitario - Alianza Nacional para Erradicar la Falta de Vivienda<\/title>\n<meta name=\"description\" content=\"The National Alliance to End Homelessness is a nonpartisan, nonprofit organization committed to preventing and ending homelessness in the United States.\" \/>\n<meta name=\"robots\" content=\"index, follow, max-snippet:-1, max-image-preview:large, max-video-preview:-1\" \/>\n<link rel=\"canonical\" href=\"https:\/\/endhomelessness.org\/es\/about-us\/construyendo-equidad-en-los-sistemas-para-erradicar-la-falta-de-vivienda\/asesores-con-experiencia-vivida\/equipo-estrategico-comunitario\/\" \/>\n<meta property=\"og:locale\" content=\"es_ES\" \/>\n<meta property=\"og:type\" content=\"article\" \/>\n<meta property=\"og:title\" content=\"Equipo estrat\u00e9gico comunitario\" \/>\n<meta property=\"og:description\" content=\"The National Alliance to End Homelessness is a nonpartisan, nonprofit organization committed to preventing and ending homelessness in the United States.\" \/>\n<meta property=\"og:url\" content=\"https:\/\/endhomelessness.org\/es\/about-us\/construyendo-equidad-en-los-sistemas-para-erradicar-la-falta-de-vivienda\/asesores-con-experiencia-vivida\/equipo-estrategico-comunitario\/\" \/>\n<meta property=\"og:site_name\" content=\"Alianza Nacional para Erradicar la Falta de Vivienda\" \/>\n<meta property=\"article:publisher\" content=\"https:\/\/www.facebook.com\/naehomelessness\/\" \/>\n<meta property=\"article:modified_time\" content=\"2026-03-20T13:31:49+00:00\" \/>\n<meta property=\"og:image\" content=\"https:\/\/endhomelessness.org\/wp-content\/uploads\/2014\/01\/Frame-222.png\" \/>\n\t<meta property=\"og:image:width\" content=\"1068\" \/>\n\t<meta property=\"og:image:height\" content=\"684\" \/>\n\t<meta property=\"og:image:type\" content=\"image\/png\" \/>\n<meta name=\"twitter:card\" content=\"summary_large_image\" \/>\n<meta name=\"twitter:label1\" content=\"Tiempo de lectura\" \/>\n\t<meta name=\"twitter:data1\" content=\"3 minutos\" \/>\n<script type=\"application\/ld+json\" class=\"yoast-schema-graph\">{\"@context\":\"https:\/\/schema.org\",\"@graph\":[{\"@type\":\"WebPage\",\"@id\":\"https:\/\/endhomelessness.org\/es\/about-us\/construyendo-equidad-en-los-sistemas-para-erradicar-la-falta-de-vivienda\/asesores-con-experiencia-vivida\/equipo-estrategico-comunitario\/\",\"url\":\"https:\/\/endhomelessness.org\/es\/about-us\/construyendo-equidad-en-los-sistemas-para-erradicar-la-falta-de-vivienda\/asesores-con-experiencia-vivida\/equipo-estrategico-comunitario\/\",\"name\":\"Equipo estrat\u00e9gico comunitario - Alianza Nacional para Erradicar la Falta de Vivienda\",\"isPartOf\":{\"@id\":\"https:\/\/endhomelessness.org\/es\/#website\"},\"primaryImageOfPage\":{\"@id\":\"https:\/\/endhomelessness.org\/es\/about-us\/construyendo-equidad-en-los-sistemas-para-erradicar-la-falta-de-vivienda\/asesores-con-experiencia-vivida\/equipo-estrategico-comunitario\/#primaryimage\"},\"image\":{\"@id\":\"https:\/\/endhomelessness.org\/es\/about-us\/construyendo-equidad-en-los-sistemas-para-erradicar-la-falta-de-vivienda\/asesores-con-experiencia-vivida\/equipo-estrategico-comunitario\/#primaryimage\"},\"thumbnailUrl\":\"https:\/\/endhomelessness.org\/wp-content\/uploads\/2014\/01\/Frame-222.png\",\"datePublished\":\"2026-03-02T22:16:03+00:00\",\"dateModified\":\"2026-03-20T13:31:49+00:00\",\"description\":\"The National Alliance to End Homelessness is a nonpartisan, nonprofit organization committed to preventing and ending homelessness in the United States.\",\"breadcrumb\":{\"@id\":\"https:\/\/endhomelessness.org\/es\/about-us\/construyendo-equidad-en-los-sistemas-para-erradicar-la-falta-de-vivienda\/asesores-con-experiencia-vivida\/equipo-estrategico-comunitario\/#breadcrumb\"},\"inLanguage\":\"es\",\"potentialAction\":[{\"@type\":\"ReadAction\",\"target\":[\"https:\/\/endhomelessness.org\/es\/about-us\/construyendo-equidad-en-los-sistemas-para-erradicar-la-falta-de-vivienda\/asesores-con-experiencia-vivida\/equipo-estrategico-comunitario\/\"]}]},{\"@type\":\"ImageObject\",\"inLanguage\":\"es\",\"@id\":\"https:\/\/endhomelessness.org\/es\/about-us\/construyendo-equidad-en-los-sistemas-para-erradicar-la-falta-de-vivienda\/asesores-con-experiencia-vivida\/equipo-estrategico-comunitario\/#primaryimage\",\"url\":\"https:\/\/endhomelessness.org\/wp-content\/uploads\/2014\/01\/Frame-222.png\",\"contentUrl\":\"https:\/\/endhomelessness.org\/wp-content\/uploads\/2014\/01\/Frame-222.png\",\"width\":1068,\"height\":684},{\"@type\":\"BreadcrumbList\",\"@id\":\"https:\/\/endhomelessness.org\/es\/about-us\/construyendo-equidad-en-los-sistemas-para-erradicar-la-falta-de-vivienda\/asesores-con-experiencia-vivida\/equipo-estrategico-comunitario\/#breadcrumb\",\"itemListElement\":[{\"@type\":\"ListItem\",\"position\":1,\"name\":\"Inicio\",\"item\":\"https:\/\/endhomelessness.org\/es\/home-page-2-2-2\/\"},{\"@type\":\"ListItem\",\"position\":2,\"name\":\"Nuestra misi\u00f3n, valores e historia\",\"item\":\"https:\/\/endhomelessness.org\/es\/about-us\/\"},{\"@type\":\"ListItem\",\"position\":3,\"name\":\"Construyendo equidad en los sistemas para erradicar la falta de vivienda\",\"item\":\"https:\/\/endhomelessness.org\/es\/about-us\/construyendo-equidad-en-los-sistemas-para-erradicar-la-falta-de-vivienda\/\"},{\"@type\":\"ListItem\",\"position\":4,\"name\":\"Asesores con Experiencia Vivida\",\"item\":\"https:\/\/endhomelessness.org\/es\/about-us\/construyendo-equidad-en-los-sistemas-para-erradicar-la-falta-de-vivienda\/asesores-con-experiencia-vivida\/\"},{\"@type\":\"ListItem\",\"position\":5,\"name\":\"Equipo estrat\u00e9gico comunitario\"}]},{\"@type\":\"WebSite\",\"@id\":\"https:\/\/endhomelessness.org\/es\/#website\",\"url\":\"https:\/\/endhomelessness.org\/es\/\",\"name\":\"National Alliance to End Homelessness\",\"description\":\"Organizaci\u00f3n no partidista para prevenir y erradicar la falta de vivienda en EE.UU.\",\"publisher\":{\"@id\":\"https:\/\/endhomelessness.org\/es\/#organization\"},\"potentialAction\":[{\"@type\":\"SearchAction\",\"target\":{\"@type\":\"EntryPoint\",\"urlTemplate\":\"https:\/\/endhomelessness.org\/es\/?s={search_term_string}\"},\"query-input\":{\"@type\":\"PropertyValueSpecification\",\"valueRequired\":true,\"valueName\":\"search_term_string\"}}],\"inLanguage\":\"es\"},{\"@type\":\"Organization\",\"@id\":\"https:\/\/endhomelessness.org\/es\/#organization\",\"name\":\"Alianza Nacional para Erradicar la Falta de Vivienda\",\"url\":\"https:\/\/endhomelessness.org\/es\/\",\"logo\":{\"@type\":\"ImageObject\",\"inLanguage\":\"es\",\"@id\":\"https:\/\/endhomelessness.org\/es\/#\/schema\/logo\/image\/\",\"url\":\"https:\/\/endhomelessness.org\/wp-content\/uploads\/2024\/09\/logo-2.webp\",\"contentUrl\":\"https:\/\/endhomelessness.org\/wp-content\/uploads\/2024\/09\/logo-2.webp\",\"width\":687,\"height\":361,\"caption\":\"Alianza Nacional para Erradicar la Falta de Vivienda\"},\"image\":{\"@id\":\"https:\/\/endhomelessness.org\/es\/#\/schema\/logo\/image\/\"},\"sameAs\":[\"https:\/\/www.facebook.com\/naehomelessness\/\",\"https:\/\/www.youtube.com\/@EndingHomelessness\",\"https:\/\/www.linkedin.com\/company\/national-alliance-to-end-homelessness\/\",\"https:\/\/instagram.com\/naeh_endhomelessness\"]}]}<\/script>\n<!-- \/ Yoast SEO Premium plugin. -->","yoast_head_json":{"title":"Equipo estrat\u00e9gico comunitario - Alianza Nacional para Erradicar la Falta de Vivienda","description":"The National Alliance to End Homelessness is a nonpartisan, nonprofit organization committed to preventing and ending homelessness in the United States.","robots":{"index":"index","follow":"follow","max-snippet":"max-snippet:-1","max-image-preview":"max-image-preview:large","max-video-preview":"max-video-preview:-1"},"canonical":"https:\/\/endhomelessness.org\/es\/about-us\/construyendo-equidad-en-los-sistemas-para-erradicar-la-falta-de-vivienda\/asesores-con-experiencia-vivida\/equipo-estrategico-comunitario\/","og_locale":"es_ES","og_type":"article","og_title":"Equipo estrat\u00e9gico comunitario","og_description":"The National Alliance to End Homelessness is a nonpartisan, nonprofit organization committed to preventing and ending homelessness in the United States.","og_url":"https:\/\/endhomelessness.org\/es\/about-us\/construyendo-equidad-en-los-sistemas-para-erradicar-la-falta-de-vivienda\/asesores-con-experiencia-vivida\/equipo-estrategico-comunitario\/","og_site_name":"Alianza Nacional para Erradicar la Falta de Vivienda","article_publisher":"https:\/\/www.facebook.com\/naehomelessness\/","article_modified_time":"2026-03-20T13:31:49+00:00","og_image":[{"width":1068,"height":684,"url":"https:\/\/endhomelessness.org\/wp-content\/uploads\/2014\/01\/Frame-222.png","type":"image\/png"}],"twitter_card":"summary_large_image","twitter_misc":{"Tiempo de lectura":"3 minutos"},"schema":{"@context":"https:\/\/schema.org","@graph":[{"@type":"WebPage","@id":"https:\/\/endhomelessness.org\/es\/about-us\/construyendo-equidad-en-los-sistemas-para-erradicar-la-falta-de-vivienda\/asesores-con-experiencia-vivida\/equipo-estrategico-comunitario\/","url":"https:\/\/endhomelessness.org\/es\/about-us\/construyendo-equidad-en-los-sistemas-para-erradicar-la-falta-de-vivienda\/asesores-con-experiencia-vivida\/equipo-estrategico-comunitario\/","name":"Equipo estrat\u00e9gico comunitario - Alianza Nacional para Erradicar la Falta de Vivienda","isPartOf":{"@id":"https:\/\/endhomelessness.org\/es\/#website"},"primaryImageOfPage":{"@id":"https:\/\/endhomelessness.org\/es\/about-us\/construyendo-equidad-en-los-sistemas-para-erradicar-la-falta-de-vivienda\/asesores-con-experiencia-vivida\/equipo-estrategico-comunitario\/#primaryimage"},"image":{"@id":"https:\/\/endhomelessness.org\/es\/about-us\/construyendo-equidad-en-los-sistemas-para-erradicar-la-falta-de-vivienda\/asesores-con-experiencia-vivida\/equipo-estrategico-comunitario\/#primaryimage"},"thumbnailUrl":"https:\/\/endhomelessness.org\/wp-content\/uploads\/2014\/01\/Frame-222.png","datePublished":"2026-03-02T22:16:03+00:00","dateModified":"2026-03-20T13:31:49+00:00","description":"The National Alliance to End Homelessness is a nonpartisan, nonprofit organization committed to preventing and ending homelessness in the United States.","breadcrumb":{"@id":"https:\/\/endhomelessness.org\/es\/about-us\/construyendo-equidad-en-los-sistemas-para-erradicar-la-falta-de-vivienda\/asesores-con-experiencia-vivida\/equipo-estrategico-comunitario\/#breadcrumb"},"inLanguage":"es","potentialAction":[{"@type":"ReadAction","target":["https:\/\/endhomelessness.org\/es\/about-us\/construyendo-equidad-en-los-sistemas-para-erradicar-la-falta-de-vivienda\/asesores-con-experiencia-vivida\/equipo-estrategico-comunitario\/"]}]},{"@type":"ImageObject","inLanguage":"es","@id":"https:\/\/endhomelessness.org\/es\/about-us\/construyendo-equidad-en-los-sistemas-para-erradicar-la-falta-de-vivienda\/asesores-con-experiencia-vivida\/equipo-estrategico-comunitario\/#primaryimage","url":"https:\/\/endhomelessness.org\/wp-content\/uploads\/2014\/01\/Frame-222.png","contentUrl":"https:\/\/endhomelessness.org\/wp-content\/uploads\/2014\/01\/Frame-222.png","width":1068,"height":684},{"@type":"BreadcrumbList","@id":"https:\/\/endhomelessness.org\/es\/about-us\/construyendo-equidad-en-los-sistemas-para-erradicar-la-falta-de-vivienda\/asesores-con-experiencia-vivida\/equipo-estrategico-comunitario\/#breadcrumb","itemListElement":[{"@type":"ListItem","position":1,"name":"Inicio","item":"https:\/\/endhomelessness.org\/es\/home-page-2-2-2\/"},{"@type":"ListItem","position":2,"name":"Nuestra misi\u00f3n, valores e historia","item":"https:\/\/endhomelessness.org\/es\/about-us\/"},{"@type":"ListItem","position":3,"name":"Construyendo equidad en los sistemas para erradicar la falta de vivienda","item":"https:\/\/endhomelessness.org\/es\/about-us\/construyendo-equidad-en-los-sistemas-para-erradicar-la-falta-de-vivienda\/"},{"@type":"ListItem","position":4,"name":"Asesores con Experiencia Vivida","item":"https:\/\/endhomelessness.org\/es\/about-us\/construyendo-equidad-en-los-sistemas-para-erradicar-la-falta-de-vivienda\/asesores-con-experiencia-vivida\/"},{"@type":"ListItem","position":5,"name":"Equipo estrat\u00e9gico comunitario"}]},{"@type":"WebSite","@id":"https:\/\/endhomelessness.org\/es\/#website","url":"https:\/\/endhomelessness.org\/es\/","name":"National Alliance to End Homelessness","description":"Organizaci\u00f3n no partidista para prevenir y erradicar la falta de vivienda en EE.UU.","publisher":{"@id":"https:\/\/endhomelessness.org\/es\/#organization"},"potentialAction":[{"@type":"SearchAction","target":{"@type":"EntryPoint","urlTemplate":"https:\/\/endhomelessness.org\/es\/?s={search_term_string}"},"query-input":{"@type":"PropertyValueSpecification","valueRequired":true,"valueName":"search_term_string"}}],"inLanguage":"es"},{"@type":"Organization","@id":"https:\/\/endhomelessness.org\/es\/#organization","name":"Alianza Nacional para Erradicar la Falta de Vivienda","url":"https:\/\/endhomelessness.org\/es\/","logo":{"@type":"ImageObject","inLanguage":"es","@id":"https:\/\/endhomelessness.org\/es\/#\/schema\/logo\/image\/","url":"https:\/\/endhomelessness.org\/wp-content\/uploads\/2024\/09\/logo-2.webp","contentUrl":"https:\/\/endhomelessness.org\/wp-content\/uploads\/2024\/09\/logo-2.webp","width":687,"height":361,"caption":"Alianza Nacional para Erradicar la Falta de Vivienda"},"image":{"@id":"https:\/\/endhomelessness.org\/es\/#\/schema\/logo\/image\/"},"sameAs":["https:\/\/www.facebook.com\/naehomelessness\/","https:\/\/www.youtube.com\/@EndingHomelessness","https:\/\/www.linkedin.com\/company\/national-alliance-to-end-homelessness\/","https:\/\/instagram.com\/naeh_endhomelessness"]}]}},"_links":{"self":[{"href":"https:\/\/endhomelessness.org\/es\/wp-json\/wp\/v2\/pages\/25149","targetHints":{"allow":["GET"]}}],"collection":[{"href":"https:\/\/endhomelessness.org\/es\/wp-json\/wp\/v2\/pages"}],"about":[{"href":"https:\/\/endhomelessness.org\/es\/wp-json\/wp\/v2\/types\/page"}],"author":[{"embeddable":true,"href":"https:\/\/endhomelessness.org\/es\/wp-json\/wp\/v2\/users\/1"}],"replies":[{"embeddable":true,"href":"https:\/\/endhomelessness.org\/es\/wp-json\/wp\/v2\/comments?post=25149"}],"version-history":[{"count":5,"href":"https:\/\/endhomelessness.org\/es\/wp-json\/wp\/v2\/pages\/25149\/revisions"}],"predecessor-version":[{"id":25274,"href":"https:\/\/endhomelessness.org\/es\/wp-json\/wp\/v2\/pages\/25149\/revisions\/25274"}],"up":[{"embeddable":true,"href":"https:\/\/endhomelessness.org\/es\/wp-json\/wp\/v2\/pages\/17504"}],"wp:featuredmedia":[{"embeddable":true,"href":"https:\/\/endhomelessness.org\/es\/wp-json\/wp\/v2\/media\/14222"}],"wp:attachment":[{"href":"https:\/\/endhomelessness.org\/es\/wp-json\/wp\/v2\/media?parent=25149"}],"curies":[{"name":"wp","href":"https:\/\/api.w.org\/{rel}","templated":true}]}}